{"id":1662,"date":"2020-12-10T17:12:09","date_gmt":"2020-12-10T16:12:09","guid":{"rendered":"https:\/\/www.siraindustrie.com\/?page_id=1662"},"modified":"2024-06-28T09:35:12","modified_gmt":"2024-06-28T07:35:12","slug":"qualita","status":"publish","type":"page","link":"https:\/\/www.siraindustrie.com\/en-gb\/quality\/","title":{"rendered":"Quality"},"content":{"rendered":"<div data-elementor-type=\"wp-page\" data-elementor-id=\"1662\" class=\"elementor elementor-1662\" data-elementor-post-type=\"page\">\n\t\t\t\t\t\t<section class=\"elementor-section elementor-top-section elementor-element elementor-element-a50d811 elementor-section-boxed elementor-section-height-default elementor-section-height-default\" data-id=\"a50d811\" data-element_type=\"section\">\n\t\t\t\t\t\t<div class=\"elementor-container elementor-column-gap-default\">\n\t\t\t\t\t<div class=\"elementor-column elementor-col-50 elementor-top-column elementor-element elementor-element-932a7b1\" data-id=\"932a7b1\" data-element_type=\"column\" data-settings=\"{&quot;background_background&quot;:&quot;classic&quot;}\">\n\t\t\t<div class=\"elementor-widget-wrap elementor-element-populated\">\n\t\t\t\t\t\t<div data-dce-advanced-background-color=\"#f7f7f7\" class=\"elementor-element elementor-element-376f582 elementor-hidden-tablet elementor-hidden-phone menu_sc menu_faral elementor-nav-menu__text-align-aside elementor-widget elementor-widget-nav-menu\" data-id=\"376f582\" data-element_type=\"widget\" data-settings=\"{&quot;layout&quot;:&quot;dropdown&quot;,&quot;sticky&quot;:&quot;bottom&quot;,&quot;submenu_icon&quot;:{&quot;value&quot;:&quot;&lt;i class=\\&quot;fas fa-chevron-down\\&quot; aria-hidden=\\&quot;true\\&quot;&gt;&lt;\\\/i&gt;&quot;,&quot;library&quot;:&quot;fa-solid&quot;},&quot;sticky_on&quot;:[&quot;desktop&quot;,&quot;tablet&quot;,&quot;mobile&quot;],&quot;sticky_offset&quot;:0,&quot;sticky_effects_offset&quot;:0,&quot;sticky_anchor_link_offset&quot;:0}\" data-widget_type=\"nav-menu.default\">\n\t\t\t\t<div class=\"elementor-widget-container\">\n\t\t\t\t\t\t\t\t<nav class=\"elementor-nav-menu--dropdown elementor-nav-menu__container\" aria-hidden=\"true\">\n\t\t\t\t<ul id=\"menu-2-376f582\" class=\"elementor-nav-menu\"><li class=\"menu-item menu-item-type-custom menu-item-object-custom menu-item-has-children menu-item-2075\"><a href=\"#\" class=\"elementor-item elementor-item-anchor\" tabindex=\"-1\">BRAND<\/a>\n<ul class=\"sub-menu elementor-nav-menu--dropdown\">\n\t<li class=\"menu-item menu-item-type-post_type menu-item-object-page menu-item-2069\"><a href=\"https:\/\/www.siraindustrie.com\/en-gb\/faral-radiators\/\" class=\"elementor-sub-item\" tabindex=\"-1\">Brand<\/a><\/li>\n\t<li class=\"menu-item menu-item-type-post_type menu-item-object-page menu-item-2068\"><a href=\"https:\/\/www.siraindustrie.com\/en-gb\/aluminum\/\" class=\"elementor-sub-item\" tabindex=\"-1\">ALUMINUM<\/a><\/li>\n\t<li class=\"menu-item menu-item-type-post_type menu-item-object-page menu-item-2067\"><a href=\"https:\/\/www.siraindustrie.com\/en-gb\/quality\/\" class=\"elementor-sub-item\" tabindex=\"-1\">Quality<\/a><\/li>\n<\/ul>\n<\/li>\n<li class=\"menu-item menu-item-type-custom menu-item-object-custom menu-item-has-children menu-item-2163\"><a href=\"#\" class=\"elementor-item elementor-item-anchor\" tabindex=\"-1\">PRODUCTS<\/a>\n<ul class=\"sub-menu elementor-nav-menu--dropdown\">\n\t<li class=\"menu-item menu-item-type-custom menu-item-object-custom menu-item-has-children menu-item-2078\"><a href=\"#\" class=\"elementor-sub-item elementor-item-anchor\" tabindex=\"-1\">DIE CAST ALUMINUM RADIATORS<\/a>\n\t<ul class=\"sub-menu elementor-nav-menu--dropdown\">\n\t\t<li class=\"menu-item menu-item-type-post_type menu-item-object-radiatori menu-item-2811\"><a href=\"https:\/\/www.siraindustrie.com\/en-gb\/radiators\/tropical\/\" class=\"elementor-sub-item\" tabindex=\"-1\">TROPICAL<\/a><\/li>\n\t\t<li class=\"menu-item menu-item-type-post_type menu-item-object-radiatori menu-item-2809\"><a href=\"https:\/\/www.siraindustrie.com\/en-gb\/radiators\/alliance\/\" class=\"elementor-sub-item\" tabindex=\"-1\">ALLIANCE<\/a><\/li>\n\t\t<li class=\"menu-item menu-item-type-post_type menu-item-object-radiatori menu-item-2808\"><a href=\"https:\/\/www.siraindustrie.com\/en-gb\/radiators\/maranello\/\" class=\"elementor-sub-item\" tabindex=\"-1\">MARANELLO<\/a><\/li>\n\t\t<li class=\"menu-item menu-item-type-post_type menu-item-object-radiatori menu-item-2807\"><a href=\"https:\/\/www.siraindustrie.com\/en-gb\/radiators\/green\/\" class=\"elementor-sub-item\" tabindex=\"-1\">GREEN<\/a><\/li>\n\t<\/ul>\n<\/li>\n\t<li class=\"menu-item menu-item-type-custom menu-item-object-custom menu-item-has-children menu-item-2079\"><a href=\"#\" class=\"elementor-sub-item elementor-item-anchor\" tabindex=\"-1\">EXTRUDED ALUMINUM RADIATORS<\/a>\n\t<ul class=\"sub-menu elementor-nav-menu--dropdown\">\n\t\t<li class=\"menu-item menu-item-type-post_type menu-item-object-radiatori menu-item-2814\"><a href=\"https:\/\/www.siraindustrie.com\/en-gb\/radiators\/tropical-plus\/\" class=\"elementor-sub-item\" tabindex=\"-1\">TROPICAL+<\/a><\/li>\n\t\t<li class=\"menu-item menu-item-type-post_type menu-item-object-radiatori menu-item-2813\"><a href=\"https:\/\/www.siraindustrie.com\/en-gb\/radiators\/alba-plus\/\" class=\"elementor-sub-item\" tabindex=\"-1\">ALBA+<\/a><\/li>\n\t\t<li class=\"menu-item menu-item-type-post_type menu-item-object-radiatori menu-item-2812\"><a href=\"https:\/\/www.siraindustrie.com\/en-gb\/radiators\/condor\/\" class=\"elementor-sub-item\" tabindex=\"-1\">CONDOR<\/a><\/li>\n\t<\/ul>\n<\/li>\n\t<li class=\"menu-item menu-item-type-custom menu-item-object-custom menu-item-has-children menu-item-2080\"><a href=\"#\" class=\"elementor-sub-item elementor-item-anchor\" tabindex=\"-1\">STEEL TOWELRAILS<\/a>\n\t<ul class=\"sub-menu elementor-nav-menu--dropdown\">\n\t\t<li class=\"menu-item menu-item-type-post_type menu-item-object-radiatori menu-item-2817\"><a href=\"https:\/\/www.siraindustrie.com\/en-gb\/radiators\/riga\/\" class=\"elementor-sub-item\" tabindex=\"-1\">RIGA<\/a><\/li>\n\t\t<li class=\"menu-item menu-item-type-post_type menu-item-object-radiatori menu-item-2816\"><a href=\"https:\/\/www.siraindustrie.com\/en-gb\/radiators\/arko-white\/\" class=\"elementor-sub-item\" tabindex=\"-1\">ARKO WHITE<\/a><\/li>\n\t\t<li class=\"menu-item menu-item-type-post_type menu-item-object-radiatori menu-item-2815\"><a href=\"https:\/\/www.siraindustrie.com\/en-gb\/radiators\/arko-chrome\/\" class=\"elementor-sub-item\" tabindex=\"-1\">ARKO CHROME<\/a><\/li>\n\t<\/ul>\n<\/li>\n\t<li class=\"menu-item menu-item-type-post_type menu-item-object-page menu-item-has-children menu-item-4701\"><a href=\"https:\/\/www.siraindustrie.com\/en-gb\/radiatori-a-colonna-in-acciaio\/\" class=\"elementor-sub-item\" tabindex=\"-1\">RADIATORS WITH STEEL COLUMN<\/a>\n\t<ul class=\"sub-menu elementor-nav-menu--dropdown\">\n\t\t<li class=\"menu-item menu-item-type-post_type menu-item-object-page menu-item-4711\"><a href=\"https:\/\/www.siraindustrie.com\/en-gb\/listino-prezzi-e-depliant-rca-faral\/\" class=\"elementor-sub-item\" tabindex=\"-1\">Price List and Brochure<\/a><\/li>\n\t<\/ul>\n<\/li>\n<\/ul>\n<\/li>\n<li class=\"menu-item menu-item-type-post_type menu-item-object-page menu-item-3385\"><a href=\"https:\/\/www.siraindustrie.com\/en-gb\/faral-product-profile-e-listino\/\" class=\"elementor-item\" tabindex=\"-1\">DEPLIANT<\/a><\/li>\n<li class=\"menu-item menu-item-type-post_type menu-item-object-page menu-item-2072\"><a href=\"https:\/\/www.siraindustrie.com\/en-gb\/radiators-for-domestic-heating\/fittings-for-radiators\/\" class=\"elementor-item\" tabindex=\"-1\">FITTINGS FOR RADIATORS<\/a><\/li>\n<li class=\"menu-item menu-item-type-custom menu-item-object-custom menu-item-has-children menu-item-2071\"><a href=\"#\" class=\"elementor-item elementor-item-anchor\" tabindex=\"-1\">TECHNICAL INFO<\/a>\n<ul class=\"sub-menu elementor-nav-menu--dropdown\">\n\t<li class=\"menu-item menu-item-type-post_type menu-item-object-page menu-item-2066\"><a href=\"https:\/\/www.siraindustrie.com\/en-gb\/general-information\/\" class=\"elementor-sub-item\" tabindex=\"-1\">GENERAL INFORMATIONS<\/a><\/li>\n\t<li class=\"menu-item menu-item-type-post_type menu-item-object-page menu-item-2065\"><a href=\"https:\/\/www.siraindustrie.com\/en-gb\/advantages-of-faral-heating-systems\/\" class=\"elementor-sub-item\" tabindex=\"-1\">ADVANTAGES OF A FARAL IMPLANT<\/a><\/li>\n<\/ul>\n<\/li>\n<li class=\"menu-item menu-item-type-post_type menu-item-object-page menu-item-2064\"><a href=\"https:\/\/www.siraindustrie.com\/en-gb\/faral-sales-network\/\" class=\"elementor-item\" tabindex=\"-1\">SALES NETWORK<\/a><\/li>\n<\/ul>\t\t\t<\/nav>\n\t\t\t\t\t\t<\/div>\n\t\t\t\t<\/div>\n\t\t\t\t<div data-dce-advanced-background-color=\"#ffffff\" class=\"elementor-element elementor-element-a40f939 elementor-hidden-desktop elementor-nav-menu__text-align-aside elementor-nav-menu--toggle elementor-nav-menu--burger elementor-widget elementor-widget-nav-menu\" data-id=\"a40f939\" data-element_type=\"widget\" data-settings=\"{&quot;layout&quot;:&quot;dropdown&quot;,&quot;sticky&quot;:&quot;bottom&quot;,&quot;submenu_icon&quot;:{&quot;value&quot;:&quot;&lt;i class=\\&quot;fas fa-chevron-down\\&quot; aria-hidden=\\&quot;true\\&quot;&gt;&lt;\\\/i&gt;&quot;,&quot;library&quot;:&quot;fa-solid&quot;},&quot;toggle&quot;:&quot;burger&quot;,&quot;sticky_on&quot;:[&quot;desktop&quot;,&quot;tablet&quot;,&quot;mobile&quot;],&quot;sticky_offset&quot;:0,&quot;sticky_effects_offset&quot;:0,&quot;sticky_anchor_link_offset&quot;:0}\" data-widget_type=\"nav-menu.default\">\n\t\t\t\t<div class=\"elementor-widget-container\">\n\t\t\t\t\t\t\t<div class=\"elementor-menu-toggle\" role=\"button\" tabindex=\"0\" aria-label=\"Menu Toggle\" aria-expanded=\"false\">\n\t\t\t<i aria-hidden=\"true\" role=\"presentation\" class=\"elementor-menu-toggle__icon--open eicon-menu-bar\"><\/i><i aria-hidden=\"true\" role=\"presentation\" class=\"elementor-menu-toggle__icon--close eicon-close\"><\/i>\t\t<\/div>\n\t\t\t\t\t<nav class=\"elementor-nav-menu--dropdown elementor-nav-menu__container\" aria-hidden=\"true\">\n\t\t\t\t<ul id=\"menu-2-a40f939\" class=\"elementor-nav-menu\"><li class=\"menu-item menu-item-type-post_type menu-item-object-page menu-item-has-children menu-item-815\"><a href=\"https:\/\/www.siraindustrie.com\/en-gb\/sira-industrie-die-cast-division\/\" class=\"elementor-item\" tabindex=\"-1\">Die cast Division of Sira Industrie<\/a>\n<ul class=\"sub-menu elementor-nav-menu--dropdown\">\n\t<li class=\"menu-item menu-item-type-post_type menu-item-object-page menu-item-817\"><a href=\"https:\/\/www.siraindustrie.com\/en-gb\/sira-industrie-die-cast-division\/sirpress\/\" class=\"elementor-sub-item\" tabindex=\"-1\">Sirpress<\/a><\/li>\n\t<li class=\"menu-item menu-item-type-post_type menu-item-object-page menu-item-5994\"><a href=\"https:\/\/www.siraindustrie.com\/en-gb\/sira-industrie-die-cast-division\/sai-sira-automation-industry\/\" class=\"elementor-sub-item\" tabindex=\"-1\">SAI Sira Automation Industry<\/a><\/li>\n\t<li class=\"menu-item menu-item-type-post_type menu-item-object-page menu-item-818\"><a href=\"https:\/\/www.siraindustrie.com\/en-gb\/sira-industrie-die-cast-division\/emilpress\/\" class=\"elementor-sub-item\" tabindex=\"-1\">Emilpress<\/a><\/li>\n\t<li class=\"menu-item menu-item-type-post_type menu-item-object-page menu-item-6230\"><a href=\"https:\/\/www.siraindustrie.com\/en-gb\/sira-industrie-die-cast-division\/sirtec-srl\/\" class=\"elementor-sub-item\" tabindex=\"-1\">Sirtec Srl<\/a><\/li>\n\t<li class=\"menu-item menu-item-type-post_type menu-item-object-page menu-item-816\"><a href=\"https:\/\/www.siraindustrie.com\/en-gb\/sira-industrie-die-cast-division\/sinapress\/\" class=\"elementor-sub-item\" tabindex=\"-1\">Sira (Tianjin) Aluminum Products Co., Ltd<\/a><\/li>\n<\/ul>\n<\/li>\n<li class=\"menu-item menu-item-type-post_type menu-item-object-page menu-item-813\"><a href=\"https:\/\/www.siraindustrie.com\/en-gb\/sira-industrie-die-cast-division\/servizi-e-tecnologie\/\" class=\"elementor-item\" tabindex=\"-1\">Services and technologies<\/a><\/li>\n<li class=\"menu-item menu-item-type-custom menu-item-object-custom menu-item-837\"><a href=\"#punti-di-forza\" class=\"elementor-item elementor-item-anchor\" tabindex=\"-1\">Strengths<\/a><\/li>\n<li class=\"menu-item menu-item-type-custom menu-item-object-custom menu-item-836\"><a href=\"#principi-valori\" class=\"elementor-item elementor-item-anchor\" tabindex=\"-1\">Principles and values<\/a><\/li>\n<li class=\"menu-item menu-item-type-custom menu-item-object-custom menu-item-979\"><a href=\"#qualita\" class=\"elementor-item elementor-item-anchor\" tabindex=\"-1\">Quality Control and Certifications<\/a><\/li>\n<\/ul>\t\t\t<\/nav>\n\t\t\t\t\t\t<\/div>\n\t\t\t\t<\/div>\n\t\t\t\t\t<\/div>\n\t\t<\/div>\n\t\t\t\t<div class=\"elementor-column elementor-col-50 elementor-top-column elementor-element elementor-element-20c296e\" data-id=\"20c296e\" data-element_type=\"column\">\n\t\t\t<div class=\"elementor-widget-wrap elementor-element-populated\">\n\t\t\t\t\t\t<div class=\"elementor-element elementor-element-2b6ed38 elementor-widget elementor-widget-image\" data-id=\"2b6ed38\" data-element_type=\"widget\" data-widget_type=\"image.default\">\n\t\t\t\t<div class=\"elementor-widget-container\">\n\t\t\t\t\t\t\t\t\t\t\t\t\t\t\t<img fetchpriority=\"high\" decoding=\"async\" width=\"3437\" height=\"943\" src=\"https:\/\/www.siraindustrie.com\/wp-content\/uploads\/2024\/06\/FARAL_heating-division_PANTONE_POS.png\" class=\"attachment-full size-full wp-image-6068\" alt=\"\" srcset=\"https:\/\/www.siraindustrie.com\/wp-content\/uploads\/2024\/06\/FARAL_heating-division_PANTONE_POS.png 3437w, https:\/\/www.siraindustrie.com\/wp-content\/uploads\/2024\/06\/FARAL_heating-division_PANTONE_POS-300x82.png 300w, https:\/\/www.siraindustrie.com\/wp-content\/uploads\/2024\/06\/FARAL_heating-division_PANTONE_POS-1024x281.png 1024w, https:\/\/www.siraindustrie.com\/wp-content\/uploads\/2024\/06\/FARAL_heating-division_PANTONE_POS-768x211.png 768w, https:\/\/www.siraindustrie.com\/wp-content\/uploads\/2024\/06\/FARAL_heating-division_PANTONE_POS-1536x421.png 1536w, https:\/\/www.siraindustrie.com\/wp-content\/uploads\/2024\/06\/FARAL_heating-division_PANTONE_POS-2048x562.png 2048w, https:\/\/www.siraindustrie.com\/wp-content\/uploads\/2024\/06\/FARAL_heating-division_PANTONE_POS-18x5.png 18w\" sizes=\"(max-width: 3437px) 100vw, 3437px\" \/>\t\t\t\t\t\t\t\t\t\t\t\t\t\t\t<\/div>\n\t\t\t\t<\/div>\n\t\t\t\t<div data-dce-title-color=\"#EFC94D\" class=\"elementor-element elementor-element-3cf4797 elementor-widget elementor-widget-heading\" data-id=\"3cf4797\" data-element_type=\"widget\" data-widget_type=\"heading.default\">\n\t\t\t\t<div class=\"elementor-widget-container\">\n\t\t\t\t\t<h2 class=\"elementor-heading-title elementor-size-default\">QUALITY<\/h2>\t\t\t\t<\/div>\n\t\t\t\t<\/div>\n\t\t\t\t<div class=\"elementor-element elementor-element-4f066da elementor-widget-divider--view-line elementor-widget elementor-widget-divider\" data-id=\"4f066da\" data-element_type=\"widget\" data-widget_type=\"divider.default\">\n\t\t\t\t<div class=\"elementor-widget-container\">\n\t\t\t\t\t\t\t<div class=\"elementor-divider\">\n\t\t\t<span class=\"elementor-divider-separator\">\n\t\t\t\t\t\t<\/span>\n\t\t<\/div>\n\t\t\t\t\t\t<\/div>\n\t\t\t\t<\/div>\n\t\t\t\t<div class=\"elementor-element elementor-element-204858a elementor-widget elementor-widget-text-editor\" data-id=\"204858a\" data-element_type=\"widget\" data-widget_type=\"text-editor.default\">\n\t\t\t\t<div class=\"elementor-widget-container\">\n\t\t\t\t\t\t\t\t\t<div class=\"typoAbs\"><h3><strong><img decoding=\"async\" class=\"size-full wp-image-2045 alignleft\" src=\"https:\/\/www.siraindustrie.com\/wp-content\/uploads\/2020\/12\/FARAL_monogramma-testo.png\" alt=\"\" width=\"31\" height=\"30\" \/> TOTAL QUALITY<\/strong><\/h3><p>Each FARAL radiator is the result of a technological effort that combines aesthetics and performance. Advanced technique, reliability and fully automated productions daily support our experts in a highly developed and automated manufacturing plant where every single activity and every stage of production are managed according to the \"FQPES\" (Faral Quality and Production Excellence System).<\/p><h3><strong><img decoding=\"async\" class=\"size-full wp-image-2045 alignleft\" src=\"https:\/\/www.siraindustrie.com\/wp-content\/uploads\/2020\/12\/FARAL_monogramma-testo.png\" alt=\"\" width=\"31\" height=\"30\" \/> CONTROLS<\/strong><\/h3><p class=\" translation-block\">The procedure of \u201cpressure casting\u201d, conventionally called die-casting, represent a tecnique of producing jets pressing the molten metal in a form where it solidifies quickly. This means uniformity of the pieces, thin, sharp profiles and smooth surfaces. The aluminum alloy is injected to 500 atmospheres and high speed in printing machines before the radiators to pass to the assembly and painting.<br>\nDaily cleaning of ovens, visual inspections and spot checks to detect any imperfections are just a few of the products that FARAL must pass the rigorous application of quality control.<\/p><h3><strong><img decoding=\"async\" class=\"size-full wp-image-2045 alignleft\" src=\"https:\/\/www.siraindustrie.com\/wp-content\/uploads\/2020\/12\/FARAL_monogramma-testo.png\" alt=\"\" width=\"31\" height=\"30\" \/> MATERIALS<\/strong><\/h3><p>Faral radiators are manufactured with the best alloy quality. The denomination in compliance with Italian regulation which designates the alloy used in FARAL is UNI 5076-74, while according to the European standard EN 46100 the new identification is EN 132\/12 Al Si9 Cu. The quality of aluminum alloy, already certified at the time of delivery of the loaves, is constantly monitored with the mass spectrometer. These controls are followed by systematic controls, as well as tests for the determination of the gas content in the molten alloy.<\/p><h3><strong><img decoding=\"async\" class=\"size-full wp-image-2045 alignleft\" src=\"https:\/\/www.siraindustrie.com\/wp-content\/uploads\/2020\/12\/FARAL_monogramma-testo.png\" alt=\"\" width=\"31\" height=\"30\" \/> AUTOMATION<\/strong><\/h3><p>Grinding, welding, threading and counter bore are the operations which precede the assembly of the elements in batteries according to the needs of the customer, from 4 up to 15 elements. The high level of automation of these processes, as well as the constant presence of operators with specific tasks of monitoring and control, allow to optimize the level of production quality and to decrease the risks of waste to the subsequent production processes.<\/p><h3><strong><img decoding=\"async\" class=\"size-full wp-image-2045 alignleft\" src=\"https:\/\/www.siraindustrie.com\/wp-content\/uploads\/2020\/12\/FARAL_monogramma-testo.png\" alt=\"\" width=\"31\" height=\"30\" \/> PAINTING<\/strong><\/h3><p>FARAL radiators are subject to a process of double coating and stoving plus a series of unique controls that ensure compliance with the timing of each production processing station even in the event of a power failure. This means absolute stability of the characteristics of the finished radiator. Furthermore, the paints used by FARAL for the recoating of its radiators are certified as non-toxic and, therefore, harmless. Those used for the final painting respect the limits established for the coating of toys. This means that in case of fire, the fire resistance of FARAL radiators do not cause vapors or toxic fumes.<\/p><h3><strong><img decoding=\"async\" class=\"size-full wp-image-2045 alignleft\" src=\"https:\/\/www.siraindustrie.com\/wp-content\/uploads\/2020\/12\/FARAL_monogramma-testo.png\" alt=\"\" width=\"31\" height=\"30\" \/> CONVERSION<\/strong><\/h3><p>The exclusive cycle of pretreatment of the internal and external surfaces is followed by a complex cycle of high temperature alkaline degreasing, DE oxidation acid and the conversion treatment. In this critical step the aluminum surface is converted into an inert film of aluminum oxide chemically bonded to the product passivating. The maintenance of the control of very strict parameters guarantee the absolute lack of salt residues on the treated pieces as well as the formation and accumulation of gas within the plant.<\/p><\/div>\t\t\t\t\t\t\t\t<\/div>\n\t\t\t\t<\/div>\n\t\t\t\t\t<\/div>\n\t\t<\/div>\n\t\t\t\t\t<\/div>\n\t\t<\/section>\n\t\t\t\t<\/div>","protected":false},"excerpt":{"rendered":"<p>QUALIT\u00c0 QUALIT\u00c0 TOTALE Ogni radiatore FARAL \u00e8 il risultato di uno sforzo tecnologico che concilia estetica e prestazioni. Tecnica evoluta, affidabilit\u00e0 e lavorazioni completamente automatizzate si affiancano quotidianamente all\u2019occhio dei nostri esperti in uno stabilimento produttivo altamente sviluppato ed automatizzato, dove ogni singola attivit\u00e0 ed ogni fase della lavorazione vengono gestite secondo il \u201cFQPES\u201d (Faral [&hellip;]<\/p>","protected":false},"author":3,"featured_media":777,"parent":0,"menu_order":0,"comment_status":"closed","ping_status":"closed","template":"","meta":{"_acf_changed":false,"footnotes":""},"yst_prominent_words":[22,374,177,410,347,431,428,426,425,432,349,45,32,24,355,434,429,430,433,427],"class_list":["post-1662","page","type-page","status-publish","has-post-thumbnail","hentry"],"acf":[],"_links":{"self":[{"href":"https:\/\/www.siraindustrie.com\/en-gb\/wp-json\/wp\/v2\/pages\/1662","targetHints":{"allow":["GET"]}}],"collection":[{"href":"https:\/\/www.siraindustrie.com\/en-gb\/wp-json\/wp\/v2\/pages"}],"about":[{"href":"https:\/\/www.siraindustrie.com\/en-gb\/wp-json\/wp\/v2\/types\/page"}],"author":[{"embeddable":true,"href":"https:\/\/www.siraindustrie.com\/en-gb\/wp-json\/wp\/v2\/users\/3"}],"replies":[{"embeddable":true,"href":"https:\/\/www.siraindustrie.com\/en-gb\/wp-json\/wp\/v2\/comments?post=1662"}],"version-history":[{"count":25,"href":"https:\/\/www.siraindustrie.com\/en-gb\/wp-json\/wp\/v2\/pages\/1662\/revisions"}],"predecessor-version":[{"id":6096,"href":"https:\/\/www.siraindustrie.com\/en-gb\/wp-json\/wp\/v2\/pages\/1662\/revisions\/6096"}],"wp:featuredmedia":[{"embeddable":true,"href":"https:\/\/www.siraindustrie.com\/en-gb\/wp-json\/wp\/v2\/media\/777"}],"wp:attachment":[{"href":"https:\/\/www.siraindustrie.com\/en-gb\/wp-json\/wp\/v2\/media?parent=1662"}],"wp:term":[{"taxonomy":"yst_prominent_words","embeddable":true,"href":"https:\/\/www.siraindustrie.com\/en-gb\/wp-json\/wp\/v2\/yst_prominent_words?post=1662"}],"curies":[{"name":"wp","href":"https:\/\/api.w.org\/{rel}","templated":true}]}}