{"id":2053,"date":"2020-12-10T17:28:59","date_gmt":"2020-12-10T16:28:59","guid":{"rendered":"https:\/\/www.siraindustrie.com\/?page_id=2053"},"modified":"2024-06-28T09:33:51","modified_gmt":"2024-06-28T07:33:51","slug":"vantaggi-di-un-impianto-faral","status":"publish","type":"page","link":"https:\/\/www.siraindustrie.com\/en-gb\/advantages-of-faral-heating-systems\/","title":{"rendered":"ADVANTAGES OF A FARAL IMPLANT"},"content":{"rendered":"<div data-elementor-type=\"wp-page\" data-elementor-id=\"2053\" class=\"elementor elementor-2053\" data-elementor-post-type=\"page\">\n\t\t\t\t\t\t<section class=\"elementor-section elementor-top-section elementor-element elementor-element-a50d811 elementor-section-boxed elementor-section-height-default elementor-section-height-default\" data-id=\"a50d811\" data-element_type=\"section\">\n\t\t\t\t\t\t<div class=\"elementor-container elementor-column-gap-default\">\n\t\t\t\t\t<div class=\"elementor-column elementor-col-50 elementor-top-column elementor-element elementor-element-932a7b1\" data-id=\"932a7b1\" data-element_type=\"column\" data-settings=\"{&quot;background_background&quot;:&quot;classic&quot;}\">\n\t\t\t<div class=\"elementor-widget-wrap elementor-element-populated\">\n\t\t\t\t\t\t<div data-dce-advanced-background-color=\"#f7f7f7\" class=\"elementor-element elementor-element-376f582 elementor-hidden-tablet elementor-hidden-phone menu_sc menu_faral elementor-nav-menu__text-align-aside elementor-widget elementor-widget-nav-menu\" data-id=\"376f582\" data-element_type=\"widget\" data-settings=\"{&quot;layout&quot;:&quot;dropdown&quot;,&quot;sticky&quot;:&quot;bottom&quot;,&quot;submenu_icon&quot;:{&quot;value&quot;:&quot;&lt;i class=\\&quot;fas fa-chevron-down\\&quot; aria-hidden=\\&quot;true\\&quot;&gt;&lt;\\\/i&gt;&quot;,&quot;library&quot;:&quot;fa-solid&quot;},&quot;sticky_on&quot;:[&quot;desktop&quot;,&quot;tablet&quot;,&quot;mobile&quot;],&quot;sticky_offset&quot;:0,&quot;sticky_effects_offset&quot;:0,&quot;sticky_anchor_link_offset&quot;:0}\" data-widget_type=\"nav-menu.default\">\n\t\t\t\t<div class=\"elementor-widget-container\">\n\t\t\t\t\t\t\t\t<nav class=\"elementor-nav-menu--dropdown elementor-nav-menu__container\" aria-hidden=\"true\">\n\t\t\t\t<ul id=\"menu-2-376f582\" class=\"elementor-nav-menu\"><li class=\"menu-item menu-item-type-custom menu-item-object-custom menu-item-has-children menu-item-2075\"><a href=\"#\" class=\"elementor-item elementor-item-anchor\" tabindex=\"-1\">BRAND<\/a>\n<ul class=\"sub-menu elementor-nav-menu--dropdown\">\n\t<li class=\"menu-item menu-item-type-post_type menu-item-object-page menu-item-2069\"><a href=\"https:\/\/www.siraindustrie.com\/en-gb\/faral-radiators\/\" class=\"elementor-sub-item\" tabindex=\"-1\">Brand<\/a><\/li>\n\t<li class=\"menu-item menu-item-type-post_type menu-item-object-page menu-item-2068\"><a href=\"https:\/\/www.siraindustrie.com\/en-gb\/aluminum\/\" class=\"elementor-sub-item\" tabindex=\"-1\">ALUMINUM<\/a><\/li>\n\t<li class=\"menu-item menu-item-type-post_type menu-item-object-page menu-item-2067\"><a href=\"https:\/\/www.siraindustrie.com\/en-gb\/quality\/\" class=\"elementor-sub-item\" tabindex=\"-1\">Quality<\/a><\/li>\n<\/ul>\n<\/li>\n<li class=\"menu-item menu-item-type-custom menu-item-object-custom menu-item-has-children menu-item-2163\"><a href=\"#\" class=\"elementor-item elementor-item-anchor\" tabindex=\"-1\">PRODUCTS<\/a>\n<ul class=\"sub-menu elementor-nav-menu--dropdown\">\n\t<li class=\"menu-item menu-item-type-custom menu-item-object-custom menu-item-has-children menu-item-2078\"><a href=\"#\" class=\"elementor-sub-item elementor-item-anchor\" tabindex=\"-1\">DIE CAST ALUMINUM RADIATORS<\/a>\n\t<ul class=\"sub-menu elementor-nav-menu--dropdown\">\n\t\t<li class=\"menu-item menu-item-type-post_type menu-item-object-radiatori menu-item-2811\"><a href=\"https:\/\/www.siraindustrie.com\/en-gb\/radiators\/tropical\/\" class=\"elementor-sub-item\" tabindex=\"-1\">TROPICAL<\/a><\/li>\n\t\t<li class=\"menu-item menu-item-type-post_type menu-item-object-radiatori menu-item-2809\"><a href=\"https:\/\/www.siraindustrie.com\/en-gb\/radiators\/alliance\/\" class=\"elementor-sub-item\" tabindex=\"-1\">ALLIANCE<\/a><\/li>\n\t\t<li class=\"menu-item menu-item-type-post_type menu-item-object-radiatori menu-item-2808\"><a href=\"https:\/\/www.siraindustrie.com\/en-gb\/radiators\/maranello\/\" class=\"elementor-sub-item\" tabindex=\"-1\">MARANELLO<\/a><\/li>\n\t\t<li class=\"menu-item menu-item-type-post_type menu-item-object-radiatori menu-item-2807\"><a href=\"https:\/\/www.siraindustrie.com\/en-gb\/radiators\/green\/\" class=\"elementor-sub-item\" tabindex=\"-1\">GREEN<\/a><\/li>\n\t<\/ul>\n<\/li>\n\t<li class=\"menu-item menu-item-type-custom menu-item-object-custom menu-item-has-children menu-item-2079\"><a href=\"#\" class=\"elementor-sub-item elementor-item-anchor\" tabindex=\"-1\">EXTRUDED ALUMINUM RADIATORS<\/a>\n\t<ul class=\"sub-menu elementor-nav-menu--dropdown\">\n\t\t<li class=\"menu-item menu-item-type-post_type menu-item-object-radiatori menu-item-2814\"><a href=\"https:\/\/www.siraindustrie.com\/en-gb\/radiators\/tropical-plus\/\" class=\"elementor-sub-item\" tabindex=\"-1\">TROPICAL+<\/a><\/li>\n\t\t<li class=\"menu-item menu-item-type-post_type menu-item-object-radiatori menu-item-2813\"><a href=\"https:\/\/www.siraindustrie.com\/en-gb\/radiators\/alba-plus\/\" class=\"elementor-sub-item\" tabindex=\"-1\">ALBA+<\/a><\/li>\n\t\t<li class=\"menu-item menu-item-type-post_type menu-item-object-radiatori menu-item-2812\"><a href=\"https:\/\/www.siraindustrie.com\/en-gb\/radiators\/condor\/\" class=\"elementor-sub-item\" tabindex=\"-1\">CONDOR<\/a><\/li>\n\t<\/ul>\n<\/li>\n\t<li class=\"menu-item menu-item-type-custom menu-item-object-custom menu-item-has-children menu-item-2080\"><a href=\"#\" class=\"elementor-sub-item elementor-item-anchor\" tabindex=\"-1\">STEEL TOWELRAILS<\/a>\n\t<ul class=\"sub-menu elementor-nav-menu--dropdown\">\n\t\t<li class=\"menu-item menu-item-type-post_type menu-item-object-radiatori menu-item-2817\"><a href=\"https:\/\/www.siraindustrie.com\/en-gb\/radiators\/riga\/\" class=\"elementor-sub-item\" tabindex=\"-1\">RIGA<\/a><\/li>\n\t\t<li class=\"menu-item menu-item-type-post_type menu-item-object-radiatori menu-item-2816\"><a href=\"https:\/\/www.siraindustrie.com\/en-gb\/radiators\/arko-white\/\" class=\"elementor-sub-item\" tabindex=\"-1\">ARKO WHITE<\/a><\/li>\n\t\t<li class=\"menu-item menu-item-type-post_type menu-item-object-radiatori menu-item-2815\"><a href=\"https:\/\/www.siraindustrie.com\/en-gb\/radiators\/arko-chrome\/\" class=\"elementor-sub-item\" tabindex=\"-1\">ARKO CHROME<\/a><\/li>\n\t<\/ul>\n<\/li>\n\t<li class=\"menu-item menu-item-type-post_type menu-item-object-page menu-item-has-children menu-item-4701\"><a href=\"https:\/\/www.siraindustrie.com\/en-gb\/radiatori-a-colonna-in-acciaio\/\" class=\"elementor-sub-item\" tabindex=\"-1\">RADIATORS WITH STEEL COLUMN<\/a>\n\t<ul class=\"sub-menu elementor-nav-menu--dropdown\">\n\t\t<li class=\"menu-item menu-item-type-post_type menu-item-object-page menu-item-4711\"><a href=\"https:\/\/www.siraindustrie.com\/en-gb\/listino-prezzi-e-depliant-rca-faral\/\" class=\"elementor-sub-item\" tabindex=\"-1\">Price List and Brochure<\/a><\/li>\n\t<\/ul>\n<\/li>\n<\/ul>\n<\/li>\n<li class=\"menu-item menu-item-type-post_type menu-item-object-page menu-item-3385\"><a href=\"https:\/\/www.siraindustrie.com\/en-gb\/faral-product-profile-e-listino\/\" class=\"elementor-item\" tabindex=\"-1\">DEPLIANT<\/a><\/li>\n<li class=\"menu-item menu-item-type-post_type menu-item-object-page menu-item-2072\"><a href=\"https:\/\/www.siraindustrie.com\/en-gb\/radiators-for-domestic-heating\/fittings-for-radiators\/\" class=\"elementor-item\" tabindex=\"-1\">FITTINGS FOR RADIATORS<\/a><\/li>\n<li class=\"menu-item menu-item-type-custom menu-item-object-custom menu-item-has-children menu-item-2071\"><a href=\"#\" class=\"elementor-item elementor-item-anchor\" tabindex=\"-1\">TECHNICAL INFO<\/a>\n<ul class=\"sub-menu elementor-nav-menu--dropdown\">\n\t<li class=\"menu-item menu-item-type-post_type menu-item-object-page menu-item-2066\"><a href=\"https:\/\/www.siraindustrie.com\/en-gb\/general-information\/\" class=\"elementor-sub-item\" tabindex=\"-1\">GENERAL INFORMATIONS<\/a><\/li>\n\t<li class=\"menu-item menu-item-type-post_type menu-item-object-page menu-item-2065\"><a href=\"https:\/\/www.siraindustrie.com\/en-gb\/advantages-of-faral-heating-systems\/\" class=\"elementor-sub-item\" tabindex=\"-1\">ADVANTAGES OF A FARAL IMPLANT<\/a><\/li>\n<\/ul>\n<\/li>\n<li class=\"menu-item menu-item-type-post_type menu-item-object-page menu-item-2064\"><a href=\"https:\/\/www.siraindustrie.com\/en-gb\/faral-sales-network\/\" class=\"elementor-item\" tabindex=\"-1\">SALES NETWORK<\/a><\/li>\n<\/ul>\t\t\t<\/nav>\n\t\t\t\t\t\t<\/div>\n\t\t\t\t<\/div>\n\t\t\t\t<div data-dce-advanced-background-color=\"#ffffff\" class=\"elementor-element elementor-element-a40f939 elementor-hidden-desktop elementor-nav-menu__text-align-aside elementor-nav-menu--toggle elementor-nav-menu--burger elementor-widget elementor-widget-nav-menu\" data-id=\"a40f939\" data-element_type=\"widget\" data-settings=\"{&quot;layout&quot;:&quot;dropdown&quot;,&quot;sticky&quot;:&quot;bottom&quot;,&quot;submenu_icon&quot;:{&quot;value&quot;:&quot;&lt;i class=\\&quot;fas fa-chevron-down\\&quot; aria-hidden=\\&quot;true\\&quot;&gt;&lt;\\\/i&gt;&quot;,&quot;library&quot;:&quot;fa-solid&quot;},&quot;toggle&quot;:&quot;burger&quot;,&quot;sticky_on&quot;:[&quot;desktop&quot;,&quot;tablet&quot;,&quot;mobile&quot;],&quot;sticky_offset&quot;:0,&quot;sticky_effects_offset&quot;:0,&quot;sticky_anchor_link_offset&quot;:0}\" data-widget_type=\"nav-menu.default\">\n\t\t\t\t<div class=\"elementor-widget-container\">\n\t\t\t\t\t\t\t<div class=\"elementor-menu-toggle\" role=\"button\" tabindex=\"0\" aria-label=\"Menu Toggle\" aria-expanded=\"false\">\n\t\t\t<i aria-hidden=\"true\" role=\"presentation\" class=\"elementor-menu-toggle__icon--open eicon-menu-bar\"><\/i><i aria-hidden=\"true\" role=\"presentation\" class=\"elementor-menu-toggle__icon--close eicon-close\"><\/i>\t\t<\/div>\n\t\t\t\t\t<nav class=\"elementor-nav-menu--dropdown elementor-nav-menu__container\" aria-hidden=\"true\">\n\t\t\t\t<ul id=\"menu-2-a40f939\" class=\"elementor-nav-menu\"><li class=\"menu-item menu-item-type-post_type menu-item-object-page menu-item-has-children menu-item-815\"><a href=\"https:\/\/www.siraindustrie.com\/en-gb\/sira-industrie-die-cast-division\/\" class=\"elementor-item\" tabindex=\"-1\">Die cast Division of Sira Industrie<\/a>\n<ul class=\"sub-menu elementor-nav-menu--dropdown\">\n\t<li class=\"menu-item menu-item-type-post_type menu-item-object-page menu-item-817\"><a href=\"https:\/\/www.siraindustrie.com\/en-gb\/sira-industrie-die-cast-division\/sirpress\/\" class=\"elementor-sub-item\" tabindex=\"-1\">Sirpress<\/a><\/li>\n\t<li class=\"menu-item menu-item-type-post_type menu-item-object-page menu-item-5994\"><a href=\"https:\/\/www.siraindustrie.com\/en-gb\/sira-industrie-die-cast-division\/sai-sira-automation-industry\/\" class=\"elementor-sub-item\" tabindex=\"-1\">SAI Sira Automation Industry<\/a><\/li>\n\t<li class=\"menu-item menu-item-type-post_type menu-item-object-page menu-item-818\"><a href=\"https:\/\/www.siraindustrie.com\/en-gb\/sira-industrie-die-cast-division\/emilpress\/\" class=\"elementor-sub-item\" tabindex=\"-1\">Emilpress<\/a><\/li>\n\t<li class=\"menu-item menu-item-type-post_type menu-item-object-page menu-item-6230\"><a href=\"https:\/\/www.siraindustrie.com\/en-gb\/sira-industrie-die-cast-division\/sirtec-srl\/\" class=\"elementor-sub-item\" tabindex=\"-1\">Sirtec Srl<\/a><\/li>\n\t<li class=\"menu-item menu-item-type-post_type menu-item-object-page menu-item-816\"><a href=\"https:\/\/www.siraindustrie.com\/en-gb\/sira-industrie-die-cast-division\/sinapress\/\" class=\"elementor-sub-item\" tabindex=\"-1\">Sira (Tianjin) Aluminum Products Co., Ltd<\/a><\/li>\n<\/ul>\n<\/li>\n<li class=\"menu-item menu-item-type-post_type menu-item-object-page menu-item-813\"><a href=\"https:\/\/www.siraindustrie.com\/en-gb\/sira-industrie-die-cast-division\/servizi-e-tecnologie\/\" class=\"elementor-item\" tabindex=\"-1\">Services and technologies<\/a><\/li>\n<li class=\"menu-item menu-item-type-custom menu-item-object-custom menu-item-837\"><a href=\"#punti-di-forza\" class=\"elementor-item elementor-item-anchor\" tabindex=\"-1\">Strengths<\/a><\/li>\n<li class=\"menu-item menu-item-type-custom menu-item-object-custom menu-item-836\"><a href=\"#principi-valori\" class=\"elementor-item elementor-item-anchor\" tabindex=\"-1\">Principles and values<\/a><\/li>\n<li class=\"menu-item menu-item-type-custom menu-item-object-custom menu-item-979\"><a href=\"#qualita\" class=\"elementor-item elementor-item-anchor\" tabindex=\"-1\">Quality Control and Certifications<\/a><\/li>\n<\/ul>\t\t\t<\/nav>\n\t\t\t\t\t\t<\/div>\n\t\t\t\t<\/div>\n\t\t\t\t\t<\/div>\n\t\t<\/div>\n\t\t\t\t<div class=\"elementor-column elementor-col-50 elementor-top-column elementor-element elementor-element-20c296e\" data-id=\"20c296e\" data-element_type=\"column\">\n\t\t\t<div class=\"elementor-widget-wrap elementor-element-populated\">\n\t\t\t\t\t\t<div class=\"elementor-element elementor-element-21dc424 elementor-widget elementor-widget-image\" data-id=\"21dc424\" data-element_type=\"widget\" data-widget_type=\"image.default\">\n\t\t\t\t<div class=\"elementor-widget-container\">\n\t\t\t\t\t\t\t\t\t\t\t\t\t\t\t<img fetchpriority=\"high\" decoding=\"async\" width=\"3437\" height=\"943\" src=\"https:\/\/www.siraindustrie.com\/wp-content\/uploads\/2024\/06\/FARAL_heating-division_PANTONE_POS.png\" class=\"attachment-full size-full wp-image-6068\" alt=\"\" srcset=\"https:\/\/www.siraindustrie.com\/wp-content\/uploads\/2024\/06\/FARAL_heating-division_PANTONE_POS.png 3437w, https:\/\/www.siraindustrie.com\/wp-content\/uploads\/2024\/06\/FARAL_heating-division_PANTONE_POS-300x82.png 300w, https:\/\/www.siraindustrie.com\/wp-content\/uploads\/2024\/06\/FARAL_heating-division_PANTONE_POS-1024x281.png 1024w, https:\/\/www.siraindustrie.com\/wp-content\/uploads\/2024\/06\/FARAL_heating-division_PANTONE_POS-768x211.png 768w, https:\/\/www.siraindustrie.com\/wp-content\/uploads\/2024\/06\/FARAL_heating-division_PANTONE_POS-1536x421.png 1536w, https:\/\/www.siraindustrie.com\/wp-content\/uploads\/2024\/06\/FARAL_heating-division_PANTONE_POS-2048x562.png 2048w, https:\/\/www.siraindustrie.com\/wp-content\/uploads\/2024\/06\/FARAL_heating-division_PANTONE_POS-18x5.png 18w\" sizes=\"(max-width: 3437px) 100vw, 3437px\" \/>\t\t\t\t\t\t\t\t\t\t\t\t\t\t\t<\/div>\n\t\t\t\t<\/div>\n\t\t\t\t<div class=\"elementor-element elementor-element-4f066da elementor-widget-divider--view-line elementor-widget elementor-widget-divider\" data-id=\"4f066da\" data-element_type=\"widget\" data-widget_type=\"divider.default\">\n\t\t\t\t<div class=\"elementor-widget-container\">\n\t\t\t\t\t\t\t<div class=\"elementor-divider\">\n\t\t\t<span class=\"elementor-divider-separator\">\n\t\t\t\t\t\t<\/span>\n\t\t<\/div>\n\t\t\t\t\t\t<\/div>\n\t\t\t\t<\/div>\n\t\t\t\t<div class=\"elementor-element elementor-element-204858a elementor-widget elementor-widget-text-editor\" data-id=\"204858a\" data-element_type=\"widget\" data-widget_type=\"text-editor.default\">\n\t\t\t\t<div class=\"elementor-widget-container\">\n\t\t\t\t\t\t\t\t\t<h4><span style=\"color: #000000;\"><img decoding=\"async\" class=\"size-full wp-image-2045 alignleft\" src=\"https:\/\/www.siraindustrie.com\/wp-content\/uploads\/2020\/12\/FARAL_monogramma-testo.png\" alt=\"\" width=\"31\" height=\"30\" \/> EASIER INSTALLATION<\/span><\/h4><p>The first benefit that comes from the use of FARAL aluminum radiators is certainly the ease of installation for installers. Firstly, because aluminum is a lightweight material, and therefore more manageable. Secondly, because radiators are supplied as assembled compositions or anyhow ready to be assembled locally to the desired length.<\/p><h4><span style=\"color: #000000;\"><img decoding=\"async\" class=\"size-full wp-image-2045 alignleft\" src=\"https:\/\/www.siraindustrie.com\/wp-content\/uploads\/2020\/12\/FARAL_monogramma-testo.png\" alt=\"\" width=\"31\" height=\"30\" \/> MORE WARRANTIES FOR THE CLIENT<\/span><\/h4><p>All FARAL products are accompanied by numerous quality certifications that guarantee a long life at full efficiency and reliability, as shown also by 50 years of experience of the first manufacturer in the world.<\/p><h4><span style=\"color: #000000;\"><img decoding=\"async\" class=\"size-full wp-image-2045 alignleft\" src=\"https:\/\/www.siraindustrie.com\/wp-content\/uploads\/2020\/12\/FARAL_monogramma-testo.png\" alt=\"\" width=\"31\" height=\"30\" \/> MORE ENERGY SAVINGS<\/span><\/h4><p>Due to the unique characteristics of aluminum having a low thermal inertia, a heating system with FARAL radiators keeps a low energy consumption to the benefit of the environment and cost savings. Unlike a floor heating system, a system of aluminum radiators is suitable to each room of the house and easily controlling the desired temperature means also being able to manage your energy savings. With this type of installation you can choose not to heat up certain rooms or not to heat them in a specific time range: in all cases, when the system is switched on, the temperature reaches the desired level in a very short time.<\/p><h4><span style=\"color: #000000;\"><img decoding=\"async\" class=\"size-full wp-image-2045 alignleft\" src=\"https:\/\/www.siraindustrie.com\/wp-content\/uploads\/2020\/12\/FARAL_monogramma-testo.png\" alt=\"\" width=\"31\" height=\"30\" \/> MORE INDOOR COMFORT<\/span><\/h4><p>The management of the ideal temperature is always a little subjective and related to the different moments of the day. In this sense FARAL radiators provide maximum comfort so that each person can adjust the temperature in his own room as desired.<\/p><h4><span style=\"color: #000000;\"><img decoding=\"async\" class=\"size-full wp-image-2045 alignleft\" src=\"https:\/\/www.siraindustrie.com\/wp-content\/uploads\/2020\/12\/FARAL_monogramma-testo.png\" alt=\"\" width=\"31\" height=\"30\" \/> OPERATION WITH WATER AT LOW TEMPERATURES<\/span><\/h4><p>Choosing FARAL aluminum radiators enables to comply with the European directive in terms of building insulation which requires a reduction of the heat demand. Without having to reduce the size of the radiator is, in fact, possible to lower the temperature of the project: all FARAL radiators have a low thermal inertia and can be installed in combination of a standard condensing boiler, a gas, oil, wood or pellet boiler that operate at low temperature, or even with heat pumps.<\/p>\t\t\t\t\t\t\t\t<\/div>\n\t\t\t\t<\/div>\n\t\t\t\t\t<\/div>\n\t\t<\/div>\n\t\t\t\t\t<\/div>\n\t\t<\/section>\n\t\t\t\t<\/div>","protected":false},"excerpt":{"rendered":"<p>INSTALLAZIONE PI\u00d9 SEMPLICE Il primo vantaggio che deriva dall\u2019uso di caloriferi in alluminio FARAL \u00e8 certamente la facilit\u00e0 di installazione per l\u2019impiantista. In primo luogo perch\u00e9 l\u2019alluminio \u00e8 un materiale leggero, quindi pi\u00f9 maneggevole. In secondo luogo perch\u00e9 i caloriferi sono forniti in batterie gi\u00e0 assemblate e pronte ad essere composte per ottenere la lunghezza [&hellip;]<\/p>","protected":false},"author":6,"featured_media":777,"parent":0,"menu_order":0,"comment_status":"closed","ping_status":"closed","template":"","meta":{"_acf_changed":false,"footnotes":""},"yst_prominent_words":[22,493,497,496,491,490,503,347,502,504,495,499,501,43,492,498,494,61,363,500],"class_list":["post-2053","page","type-page","status-publish","has-post-thumbnail","hentry"],"acf":[],"_links":{"self":[{"href":"https:\/\/www.siraindustrie.com\/en-gb\/wp-json\/wp\/v2\/pages\/2053","targetHints":{"allow":["GET"]}}],"collection":[{"href":"https:\/\/www.siraindustrie.com\/en-gb\/wp-json\/wp\/v2\/pages"}],"about":[{"href":"https:\/\/www.siraindustrie.com\/en-gb\/wp-json\/wp\/v2\/types\/page"}],"author":[{"embeddable":true,"href":"https:\/\/www.siraindustrie.com\/en-gb\/wp-json\/wp\/v2\/users\/6"}],"replies":[{"embeddable":true,"href":"https:\/\/www.siraindustrie.com\/en-gb\/wp-json\/wp\/v2\/comments?post=2053"}],"version-history":[{"count":12,"href":"https:\/\/www.siraindustrie.com\/en-gb\/wp-json\/wp\/v2\/pages\/2053\/revisions"}],"predecessor-version":[{"id":6090,"href":"https:\/\/www.siraindustrie.com\/en-gb\/wp-json\/wp\/v2\/pages\/2053\/revisions\/6090"}],"wp:featuredmedia":[{"embeddable":true,"href":"https:\/\/www.siraindustrie.com\/en-gb\/wp-json\/wp\/v2\/media\/777"}],"wp:attachment":[{"href":"https:\/\/www.siraindustrie.com\/en-gb\/wp-json\/wp\/v2\/media?parent=2053"}],"wp:term":[{"taxonomy":"yst_prominent_words","embeddable":true,"href":"https:\/\/www.siraindustrie.com\/en-gb\/wp-json\/wp\/v2\/yst_prominent_words?post=2053"}],"curies":[{"name":"wp","href":"https:\/\/api.w.org\/{rel}","templated":true}]}}