{"id":36,"date":"2019-10-17T11:27:27","date_gmt":"2019-10-17T09:27:27","guid":{"rendered":"http:\/\/siragroup.dev.elogic.it\/?page_id=36"},"modified":"2023-03-24T14:59:13","modified_gmt":"2023-03-24T13:59:13","slug":"home","status":"publish","type":"page","link":"https:\/\/www.siraindustrie.com\/en-gb\/","title":{"rendered":"Home"},"content":{"rendered":"<div data-elementor-type=\"wp-page\" data-elementor-id=\"36\" class=\"elementor elementor-36\" data-elementor-post-type=\"page\">\n\t\t\t\t\t\t<section data-dce-background-color=\"#ffffff\" class=\"elementor-section elementor-top-section elementor-element elementor-element-e3bcb5c elementor-section-stretched elementor-section-full_width elementor-section-height-min-height elementor-section-height-default elementor-section-items-middle\" data-id=\"e3bcb5c\" data-element_type=\"section\" data-settings=\"{&quot;stretch_section&quot;:&quot;section-stretched&quot;,&quot;background_background&quot;:&quot;classic&quot;}\">\n\t\t\t\t\t\t<div class=\"elementor-container elementor-column-gap-no\">\n\t\t\t\t\t<div class=\"elementor-column elementor-col-100 elementor-top-column elementor-element elementor-element-c758624\" data-id=\"c758624\" data-element_type=\"column\" data-settings=\"{&quot;background_background&quot;:&quot;classic&quot;}\">\n\t\t\t<div class=\"elementor-widget-wrap elementor-element-populated\">\n\t\t\t\t\t\t<div class=\"elementor-element elementor-element-3f28e86 elementor-cta--skin-cover animated-slow elementor-animated-content elementor-bg-transform elementor-bg-transform-zoom-in elementor-invisible elementor-widget elementor-widget-call-to-action\" data-id=\"3f28e86\" data-element_type=\"widget\" data-settings=\"{&quot;_animation&quot;:&quot;fadeInRight&quot;}\" data-widget_type=\"call-to-action.default\">\n\t\t\t\t<div class=\"elementor-widget-container\">\n\t\t\t\t\t\t\t<a class=\"elementor-cta\" href=\"\/sira-industrie-die-cast-division\/\">\n\t\t\t\t\t<div class=\"elementor-cta__bg-wrapper\">\n\t\t\t\t<div class=\"elementor-cta__bg elementor-bg\" style=\"background-image: url(https:\/\/www.siraindustrie.com\/wp-content\/uploads\/2019\/11\/000-jpg.jpg);\" role=\"img\" aria-label=\"000-jpg\"><\/div>\n\t\t\t\t<div class=\"elementor-cta__bg-overlay\"><\/div>\n\t\t\t<\/div>\n\t\t\t\t\t\t\t<div class=\"elementor-cta__content\">\n\t\t\t\t\n\t\t\t\t\t\t\t\t\t<h2 class=\"elementor-cta__title elementor-cta__content-item elementor-content-item elementor-animated-item--grow\">\n\t\t\t\t\t\tdie casting\t\t\t\t\t<\/h2>\n\t\t\t\t\n\t\t\t\t\n\t\t\t\t\t\t\t<\/div>\n\t\t\t\t\t\t<\/a>\n\t\t\t\t\t\t<\/div>\n\t\t\t\t<\/div>\n\t\t\t\t<div class=\"elementor-element elementor-element-c662181 elementor-cta--skin-cover animated-slow elementor-animated-content elementor-bg-transform elementor-bg-transform-zoom-in elementor-invisible elementor-widget elementor-widget-call-to-action\" data-id=\"c662181\" data-element_type=\"widget\" data-settings=\"{&quot;_animation&quot;:&quot;fadeInLeft&quot;,&quot;_animation_delay&quot;:1000}\" data-widget_type=\"call-to-action.default\">\n\t\t\t\t<div class=\"elementor-widget-container\">\n\t\t\t\t\t\t\t<a class=\"elementor-cta\" href=\"\/riscaldamento\/\">\n\t\t\t\t\t<div class=\"elementor-cta__bg-wrapper\">\n\t\t\t\t<div class=\"elementor-cta__bg elementor-bg\" style=\"background-image: url(https:\/\/www.siraindustrie.com\/wp-content\/uploads\/2019\/11\/p18imc3tke1hs31j6217951rj6gbt4.jpg);\" role=\"img\" aria-label=\"p18imc3tke1hs31j6217951rj6gbt4\"><\/div>\n\t\t\t\t<div class=\"elementor-cta__bg-overlay\"><\/div>\n\t\t\t<\/div>\n\t\t\t\t\t\t\t<div class=\"elementor-cta__content\">\n\t\t\t\t\n\t\t\t\t\t\t\t\t\t<h2 class=\"elementor-cta__title elementor-cta__content-item elementor-content-item elementor-animated-item--grow\">\n\t\t\t\t\t\theating\t\t\t\t\t<\/h2>\n\t\t\t\t\n\t\t\t\t\n\t\t\t\t\t\t\t<\/div>\n\t\t\t\t\t\t<\/a>\n\t\t\t\t\t\t<\/div>\n\t\t\t\t<\/div>\n\t\t\t\t<div class=\"elementor-element elementor-element-ec14522 elementor-cta--skin-cover animated-slow elementor-animated-content elementor-bg-transform elementor-bg-transform-zoom-in elementor-invisible elementor-widget elementor-widget-call-to-action\" data-id=\"ec14522\" data-element_type=\"widget\" data-settings=\"{&quot;_animation&quot;:&quot;fadeInRight&quot;,&quot;_animation_delay&quot;:2000}\" data-widget_type=\"call-to-action.default\">\n\t\t\t\t<div class=\"elementor-widget-container\">\n\t\t\t\t\t\t\t<a class=\"elementor-cta\" href=\"\/engineering\/\">\n\t\t\t\t\t<div class=\"elementor-cta__bg-wrapper\">\n\t\t\t\t<div class=\"elementor-cta__bg elementor-bg\" style=\"background-image: url(https:\/\/www.siraindustrie.com\/wp-content\/uploads\/2019\/10\/pressofusione-alluminio.jpg);\" role=\"img\" aria-label=\"pressofusione-alluminio\"><\/div>\n\t\t\t\t<div class=\"elementor-cta__bg-overlay\"><\/div>\n\t\t\t<\/div>\n\t\t\t\t\t\t\t<div class=\"elementor-cta__content\">\n\t\t\t\t\n\t\t\t\t\t\t\t\t\t<h2 class=\"elementor-cta__title elementor-cta__content-item elementor-content-item elementor-animated-item--grow\">\n\t\t\t\t\t\tengineering\t\t\t\t\t<\/h2>\n\t\t\t\t\n\t\t\t\t\n\t\t\t\t\t\t\t<\/div>\n\t\t\t\t\t\t<\/a>\n\t\t\t\t\t\t<\/div>\n\t\t\t\t<\/div>\n\t\t\t\t\t<\/div>\n\t\t<\/div>\n\t\t\t\t\t<\/div>\n\t\t<\/section>\n\t\t\t\t<section class=\"elementor-section elementor-top-section elementor-element elementor-element-974e83c elementor-section-boxed elementor-section-height-default elementor-section-height-default\" data-id=\"974e83c\" data-element_type=\"section\">\n\t\t\t\t\t\t<div class=\"elementor-container elementor-column-gap-default\">\n\t\t\t\t\t<div class=\"elementor-column elementor-col-33 elementor-top-column elementor-element elementor-element-81e466c\" data-id=\"81e466c\" data-element_type=\"column\">\n\t\t\t<div class=\"elementor-widget-wrap\">\n\t\t\t\t\t\t\t<\/div>\n\t\t<\/div>\n\t\t\t\t<div class=\"elementor-column elementor-col-33 elementor-top-column elementor-element elementor-element-3597a5c\" data-id=\"3597a5c\" data-element_type=\"column\">\n\t\t\t<div class=\"elementor-widget-wrap elementor-element-populated\">\n\t\t\t\t\t\t<div data-dce-title-color=\"#cccccc\" class=\"elementor-element elementor-element-d1cd2f5 elementor-widget elementor-widget-heading\" data-id=\"d1cd2f5\" data-element_type=\"widget\" data-widget_type=\"heading.default\">\n\t\t\t\t<div class=\"elementor-widget-container\">\n\t\t\t\t\t<h2 class=\"elementor-heading-title elementor-size-default\">sira industrie<\/h2>\t\t\t\t<\/div>\n\t\t\t\t<\/div>\n\t\t\t\t<div data-dce-title-color=\"#000000\" class=\"elementor-element elementor-element-cae4f05 elementor-widget elementor-widget-heading\" data-id=\"cae4f05\" data-element_type=\"widget\" data-widget_type=\"heading.default\">\n\t\t\t\t<div class=\"elementor-widget-container\">\n\t\t\t\t\t<h2 class=\"elementor-heading-title elementor-size-default\">OVER 60 YEARS OF EXPERIENCE<\/h2>\t\t\t\t<\/div>\n\t\t\t\t<\/div>\n\t\t\t\t<div data-dce-text-color=\"#939393\" class=\"elementor-element elementor-element-2b47066 elementor-invisible elementor-widget elementor-widget-text-editor\" data-id=\"2b47066\" data-element_type=\"widget\" data-settings=\"{&quot;_animation&quot;:&quot;fadeInUp&quot;}\" data-widget_type=\"text-editor.default\">\n\t\t\t\t<div class=\"elementor-widget-container\">\n\t\t\t\t\t\t\t\t\t<p class=\" translation-block\">SIRA INDUSTRIE is a Group founded in Italy over 60 years ago, present internationally with production plants, commercial units and associated companies in different countries, and is in continuous and constant expansion on the most important markets in the world.<\/p>\t\t\t\t\t\t\t\t<\/div>\n\t\t\t\t<\/div>\n\t\t\t\t\t<\/div>\n\t\t<\/div>\n\t\t\t\t<div class=\"elementor-column elementor-col-33 elementor-top-column elementor-element elementor-element-4c90dea\" data-id=\"4c90dea\" data-element_type=\"column\">\n\t\t\t<div class=\"elementor-widget-wrap\">\n\t\t\t\t\t\t\t<\/div>\n\t\t<\/div>\n\t\t\t\t\t<\/div>\n\t\t<\/section>\n\t\t\t\t<section class=\"elementor-section elementor-top-section elementor-element elementor-element-ee120d1 elementor-section-boxed elementor-section-height-default elementor-section-height-default\" data-id=\"ee120d1\" data-element_type=\"section\">\n\t\t\t\t\t\t<div class=\"elementor-container elementor-column-gap-default\">\n\t\t\t\t\t<div class=\"elementor-column elementor-col-50 elementor-top-column elementor-element elementor-element-a1cdbcd\" data-id=\"a1cdbcd\" data-element_type=\"column\">\n\t\t\t<div class=\"elementor-widget-wrap elementor-element-populated\">\n\t\t\t\t\t\t<div data-dce-background-color=\"#e2001a\" class=\"elementor-element elementor-element-0e780a8 elementor-align-right elementor-mobile-align-center elementor-invisible elementor-widget elementor-widget-button\" data-id=\"0e780a8\" data-element_type=\"widget\" data-settings=\"{&quot;_animation&quot;:&quot;fadeInLeft&quot;}\" data-widget_type=\"button.default\">\n\t\t\t\t<div class=\"elementor-widget-container\">\n\t\t\t\t\t\t\t\t\t<div class=\"elementor-button-wrapper\">\n\t\t\t\t\t<a class=\"elementor-button elementor-button-link elementor-size-sm\" href=\"\/chi-siamo\/\">\n\t\t\t\t\t\t<span class=\"elementor-button-content-wrapper\">\n\t\t\t\t\t\t\t\t\t<span class=\"elementor-button-text\">The companies of the group<\/span>\n\t\t\t\t\t<\/span>\n\t\t\t\t\t<\/a>\n\t\t\t\t<\/div>\n\t\t\t\t\t\t\t\t<\/div>\n\t\t\t\t<\/div>\n\t\t\t\t\t<\/div>\n\t\t<\/div>\n\t\t\t\t<div class=\"elementor-column elementor-col-50 elementor-top-column elementor-element elementor-element-dcbc72e\" data-id=\"dcbc72e\" data-element_type=\"column\">\n\t\t\t<div class=\"elementor-widget-wrap elementor-element-populated\">\n\t\t\t\t\t\t<div data-dce-background-color=\"#ffffff\" class=\"elementor-element elementor-element-9c5b9c9 elementor-align-left elementor-mobile-align-center elementor-invisible elementor-widget elementor-widget-button\" data-id=\"9c5b9c9\" data-element_type=\"widget\" data-settings=\"{&quot;_animation&quot;:&quot;fadeInRight&quot;}\" data-widget_type=\"button.default\">\n\t\t\t\t<div class=\"elementor-widget-container\">\n\t\t\t\t\t\t\t\t\t<div class=\"elementor-button-wrapper\">\n\t\t\t\t\t<a class=\"elementor-button elementor-button-link elementor-size-sm\" href=\"#contatti\">\n\t\t\t\t\t\t<span class=\"elementor-button-content-wrapper\">\n\t\t\t\t\t\t\t\t\t<span class=\"elementor-button-text\">Contact<\/span>\n\t\t\t\t\t<\/span>\n\t\t\t\t\t<\/a>\n\t\t\t\t<\/div>\n\t\t\t\t\t\t\t\t<\/div>\n\t\t\t\t<\/div>\n\t\t\t\t\t<\/div>\n\t\t<\/div>\n\t\t\t\t\t<\/div>\n\t\t<\/section>\n\t\t\t\t<section class=\"elementor-section elementor-top-section elementor-element elementor-element-457841f elementor-hidden-desktop elementor-hidden-tablet elementor-hidden-mobile elementor-section-boxed elementor-section-height-default elementor-section-height-default\" data-id=\"457841f\" data-element_type=\"section\">\n\t\t\t\t\t\t<div class=\"elementor-container elementor-column-gap-no\">\n\t\t\t\t\t<div class=\"elementor-column elementor-col-33 elementor-top-column elementor-element elementor-element-f4639fc\" data-id=\"f4639fc\" data-element_type=\"column\">\n\t\t\t<div class=\"elementor-widget-wrap\">\n\t\t\t\t\t\t\t<\/div>\n\t\t<\/div>\n\t\t\t\t<div class=\"elementor-column elementor-col-33 elementor-top-column elementor-element elementor-element-02bf288\" data-id=\"02bf288\" data-element_type=\"column\">\n\t\t\t<div class=\"elementor-widget-wrap elementor-element-populated\">\n\t\t\t\t\t\t<div class=\"elementor-element elementor-element-0349339 elementor-invisible elementor-widget elementor-widget-video\" data-id=\"0349339\" data-element_type=\"widget\" data-settings=\"{&quot;youtube_url&quot;:&quot;https:\\\/\\\/www.youtube.com\\\/watch?v=XHOmBV4js_E&quot;,&quot;show_image_overlay&quot;:&quot;yes&quot;,&quot;image_overlay&quot;:{&quot;url&quot;:&quot;http:\\\/\\\/siragroup.dev.elogic.it\\\/wp-content\\\/uploads\\\/2019\\\/10\\\/foto-azienda.jpg&quot;,&quot;id&quot;:104,&quot;size&quot;:&quot;&quot;},&quot;lightbox&quot;:&quot;yes&quot;,&quot;_animation&quot;:&quot;fadeIn&quot;,&quot;_animation_delay&quot;:500,&quot;video_type&quot;:&quot;youtube&quot;}\" data-widget_type=\"video.default\">\n\t\t\t\t<div class=\"elementor-widget-container\">\n\t\t\t\t\t\t\t<div class=\"elementor-wrapper elementor-open-lightbox\">\n\t\t\t\t\t\t\t<div class=\"elementor-custom-embed-image-overlay\" data-elementor-open-lightbox=\"yes\" data-elementor-lightbox=\"{&quot;type&quot;:&quot;video&quot;,&quot;videoType&quot;:&quot;youtube&quot;,&quot;url&quot;:&quot;https:\\\/\\\/www.youtube.com\\\/embed\\\/XHOmBV4js_E?feature=oembed&amp;start&amp;end&amp;wmode=opaque&amp;loop=0&amp;controls=0&amp;mute=0&amp;rel=0&amp;cc_load_policy=0&quot;,&quot;autoplay&quot;:&quot;&quot;,&quot;modalOptions&quot;:{&quot;id&quot;:&quot;elementor-lightbox-0349339&quot;,&quot;entranceAnimation&quot;:&quot;&quot;,&quot;entranceAnimation_tablet&quot;:&quot;&quot;,&quot;entranceAnimation_mobile&quot;:&quot;&quot;,&quot;videoAspectRatio&quot;:&quot;169&quot;}}\" data-e-action-hash=\"#elementor-action%3Aaction%3Dlightbox%26settings%3DeyJ0eXBlIjoidmlkZW8iLCJ2aWRlb1R5cGUiOiJ5b3V0dWJlIiwidXJsIjoiaHR0cHM6XC9cL3d3dy55b3V0dWJlLmNvbVwvZW1iZWRcL1hIT21CVjRqc19FP2ZlYXR1cmU9b2VtYmVkJnN0YXJ0JmVuZCZ3bW9kZT1vcGFxdWUmbG9vcD0wJmNvbnRyb2xzPTAmbXV0ZT0wJnJlbD0wJmNjX2xvYWRfcG9saWN5PTAiLCJhdXRvcGxheSI6IiIsIm1vZGFsT3B0aW9ucyI6eyJpZCI6ImVsZW1lbnRvci1saWdodGJveC0wMzQ5MzM5IiwiZW50cmFuY2VBbmltYXRpb24iOiIiLCJlbnRyYW5jZUFuaW1hdGlvbl90YWJsZXQiOiIiLCJlbnRyYW5jZUFuaW1hdGlvbl9tb2JpbGUiOiIiLCJ2aWRlb0FzcGVjdFJhdGlvIjoiMTY5In19\">\n\t\t\t\t\t\t\t\t\t\t\t<img fetchpriority=\"high\" decoding=\"async\" width=\"580\" height=\"250\" src=\"https:\/\/www.siraindustrie.com\/wp-content\/uploads\/2019\/10\/foto-azienda.jpg\" class=\"attachment-full size-full wp-image-104\" alt=\"\" srcset=\"https:\/\/www.siraindustrie.com\/wp-content\/uploads\/2019\/10\/foto-azienda.jpg 580w, https:\/\/www.siraindustrie.com\/wp-content\/uploads\/2019\/10\/foto-azienda-300x129.jpg 300w\" sizes=\"(max-width: 580px) 100vw, 580px\" \/>\t\t\t\t\t\t\t\t\t\t\t\t\t\t\t\t<div class=\"elementor-custom-embed-play\" role=\"button\" aria-label=\"Riproduci video\" tabindex=\"0\">\n\t\t\t\t\t\t\t<i aria-hidden=\"true\" class=\"eicon-play\"><\/i>\t\t\t\t\t\t<\/div>\n\t\t\t\t\t\t\t\t\t<\/div>\n\t\t\t\t\t<\/div>\n\t\t\t\t\t\t<\/div>\n\t\t\t\t<\/div>\n\t\t\t\t\t<\/div>\n\t\t<\/div>\n\t\t\t\t<div class=\"elementor-column elementor-col-33 elementor-top-column elementor-element elementor-element-4b80efa\" data-id=\"4b80efa\" data-element_type=\"column\">\n\t\t\t<div class=\"elementor-widget-wrap\">\n\t\t\t\t\t\t\t<\/div>\n\t\t<\/div>\n\t\t\t\t\t<\/div>\n\t\t<\/section>\n\t\t\t\t<section class=\"elementor-section elementor-top-section elementor-element elementor-element-151295c elementor-section-boxed elementor-section-height-default elementor-section-height-default\" data-id=\"151295c\" data-element_type=\"section\">\n\t\t\t\t\t\t<div class=\"elementor-container elementor-column-gap-default\">\n\t\t\t\t\t<div class=\"elementor-column elementor-col-100 elementor-top-column elementor-element elementor-element-ab28870\" data-id=\"ab28870\" data-element_type=\"column\">\n\t\t\t<div class=\"elementor-widget-wrap elementor-element-populated\">\n\t\t\t\t\t\t<div data-dce-title-color=\"#4b4646\" class=\"elementor-element elementor-element-4d2347e elementor-widget elementor-widget-heading\" data-id=\"4d2347e\" data-element_type=\"widget\" data-widget_type=\"heading.default\">\n\t\t\t\t<div class=\"elementor-widget-container\">\n\t\t\t\t\t<h2 class=\"elementor-heading-title elementor-size-default\">sira industrie<\/h2>\t\t\t\t<\/div>\n\t\t\t\t<\/div>\n\t\t\t\t<div data-dce-title-color=\"#4b4646\" class=\"elementor-element elementor-element-1aff30b elementor-widget elementor-widget-heading\" data-id=\"1aff30b\" data-element_type=\"widget\" data-widget_type=\"heading.default\">\n\t\t\t\t<div class=\"elementor-widget-container\">\n\t\t\t\t\t<h2 class=\"elementor-heading-title elementor-size-default\">worldwide presence<\/h2>\t\t\t\t<\/div>\n\t\t\t\t<\/div>\n\t\t\t\t\t<\/div>\n\t\t<\/div>\n\t\t\t\t\t<\/div>\n\t\t<\/section>\n\t\t\t\t<section class=\"elementor-section elementor-top-section elementor-element elementor-element-d619b03 elementor-section-full_width elementor-section-height-default elementor-section-height-default\" data-id=\"d619b03\" data-element_type=\"section\">\n\t\t\t\t\t\t<div class=\"elementor-container elementor-column-gap-no\">\n\t\t\t\t\t<div class=\"elementor-column elementor-col-100 elementor-top-column elementor-element elementor-element-ee7d89f\" data-id=\"ee7d89f\" data-element_type=\"column\">\n\t\t\t<div class=\"elementor-widget-wrap elementor-element-populated\">\n\t\t\t\t\t\t<div class=\"elementor-element elementor-element-d8fd3f6 elementor-widget elementor-widget-dyncontel-acf-google-maps\" data-id=\"d8fd3f6\" data-element_type=\"widget\" data-settings=\"{&quot;map_data_type&quot;:&quot;acfmap&quot;,&quot;use_query&quot;:&quot;yes&quot;,&quot;style_select&quot;:&quot;prestyle&quot;,&quot;snazzy_select&quot;:&quot;https:\\\/\\\/www.siraindustrie.com\\\/wp-content\\\/plugins\\\/dynamic-content-for-elementor\\\/assets\\\/maps_style\\\/Light_gray&quot;,&quot;acf_mapfield&quot;:&quot;localizzazione&quot;,&quot;auto_zoom&quot;:&quot;yes&quot;,&quot;new_api&quot;:&quot;yes&quot;,&quot;map_type&quot;:&quot;roadmap&quot;,&quot;dce_url&quot;:&quot;https:\\\/\\\/www.siraindustrie.com\\\/wp-content\\\/plugins\\\/dynamic-content-for-elementor\\\/&quot;,&quot;enable_infoWindow&quot;:&quot;yes&quot;,&quot;imageMarker&quot;:{&quot;url&quot;:&quot;&quot;,&quot;id&quot;:&quot;&quot;,&quot;size&quot;:&quot;&quot;},&quot;marker_width&quot;:20,&quot;marker_height&quot;:20,&quot;zoomcontrol&quot;:&quot;yes&quot;,&quot;infoWindow_panel_maxwidth&quot;:{&quot;unit&quot;:&quot;px&quot;,&quot;size&quot;:&quot;&quot;,&quot;sizes&quot;:[]},&quot;infoWindow_panel_maxwidth_tablet&quot;:{&quot;unit&quot;:&quot;px&quot;,&quot;size&quot;:&quot;&quot;,&quot;sizes&quot;:[]},&quot;infoWindow_panel_maxwidth_mobile&quot;:{&quot;unit&quot;:&quot;px&quot;,&quot;size&quot;:&quot;&quot;,&quot;sizes&quot;:[]}}\" data-widget_type=\"dyncontel-acf-google-maps.default\">\n\t\t\t\t<div class=\"elementor-widget-container\">\n\t\t\t\t\t<div data-zoom=\"10\" class=\"map\" style=\"width: 100%;\" data-positions=\"[{&quot;address&quot;:&quot;Via Dante Alighieri, 28, Serravalle, FE, Italia&quot;,&quot;lat&quot;:44.9647421,&quot;lng&quot;:12.0393625,&quot;custom_marker_image&quot;:null,&quot;link&quot;:null,&quot;infowindow&quot;:{&quot;type&quot;:&quot;text&quot;,&quot;content&quot;:&quot;&lt;div class=\\&quot;dce-iw-textzone\\&quot;&gt;&lt;p&gt;&lt;strong&gt;Emilpress Srl&lt;\\\/strong&gt;&lt;br \\\/&gt;&lt;br \\\/&gt;Via Dante Alighieri, 28&lt;br \\\/&gt;&lt;br \\\/&gt;Serravalle (FE) \\u2013 Italy&lt;\\\/br&gt; &lt;\\\/p&gt;&lt;\\\/div&gt;&quot;}},{&quot;address&quot;:&quot;Jinghai Town, Contea di Jinghai, Tientsin, Cina&quot;,&quot;lat&quot;:38.92993,&quot;lng&quot;:116.92268,&quot;custom_marker_image&quot;:null,&quot;link&quot;:null,&quot;infowindow&quot;:{&quot;type&quot;:&quot;text&quot;,&quot;content&quot;:&quot;&lt;div class=\\&quot;dce-iw-textzone\\&quot;&gt;&lt;p&gt;&lt;strong&gt;Sira Tianjin Alumium Products co. LTD &lt;\\\/strong&gt;&lt;\\\/p&gt;&lt;p&gt;He Shan Road Hui Hai Street&lt;\\\/p&gt;&lt;p&gt;Economic Development Area of Tianjin Jinghai \\u2013 Cina&lt;\\\/p&gt;&lt;\\\/div&gt;&quot;}},{&quot;address&quot;:&quot;Via Ponte Alto, 40, Campogalliano, MO, Italia&quot;,&quot;lat&quot;:44.6865299,&quot;lng&quot;:10.8636833,&quot;custom_marker_image&quot;:null,&quot;link&quot;:null,&quot;infowindow&quot;:{&quot;type&quot;:&quot;text&quot;,&quot;content&quot;:&quot;&lt;div class=\\&quot;dce-iw-textzone\\&quot;&gt;&lt;p&gt;&lt;strong&gt;F.I.R. Fabbrica Italiana Radiatori S.r.l.&lt;\\\/strong&gt;&lt;br \\\/&gt;&lt;br \\\/&gt;Strada Ponte Alto 40&lt;br \\\/&gt;&lt;br \\\/&gt;Campogalliano (Mo) \\u2013 Italy&lt;\\\/br&gt;&lt;\\\/p&gt;&lt;\\\/div&gt;&quot;}},{&quot;address&quot;:&quot;Nusco zona industriale, 83051 Fiorentino I, Nusco AV, Italia&quot;,&quot;lat&quot;:40.874545,&quot;lng&quot;:15.1435764,&quot;custom_marker_image&quot;:null,&quot;link&quot;:null,&quot;infowindow&quot;:{&quot;type&quot;:&quot;text&quot;,&quot;content&quot;:&quot;&lt;div class=\\&quot;dce-iw-textzone\\&quot;&gt;&lt;p&gt;&lt;strong&gt;Sirpress Srl&lt;\\\/strong&gt;&lt;br \\\/&gt;&lt;br \\\/&gt;Zona Industriale F.1&lt;br \\\/&gt;&lt;br \\\/&gt;Nusco (AV) \\u2013 Italy&lt;\\\/br&gt; &lt;\\\/p&gt;&lt;\\\/div&gt;&quot;}},{&quot;address&quot;:&quot;Strada Del Lavoro, 73, San Marino&quot;,&quot;lat&quot;:43.9369564,&quot;lng&quot;:12.4142605,&quot;custom_marker_image&quot;:null,&quot;link&quot;:null,&quot;infowindow&quot;:{&quot;type&quot;:&quot;text&quot;,&quot;content&quot;:&quot;&lt;div class=\\&quot;dce-iw-textzone\\&quot;&gt;&lt;p&gt;&lt;strong&gt;Rovall SPA&lt;\\\/strong&gt;&lt;\\\/p&gt;&lt;p&gt;Strada del lavoro, 73&lt;\\\/p&gt;&lt;p&gt;San Marino&lt;\\\/p&gt;&lt;\\\/div&gt;&quot;}},{&quot;address&quot;:&quot;Via Vincenzo Bellini, 11, Rastignano, BO, Italia&quot;,&quot;lat&quot;:44.4217522,&quot;lng&quot;:11.347272,&quot;custom_marker_image&quot;:null,&quot;link&quot;:null,&quot;infowindow&quot;:{&quot;type&quot;:&quot;text&quot;,&quot;content&quot;:&quot;&lt;div class=\\&quot;dce-iw-textzone\\&quot;&gt;&lt;p&gt;&lt;strong&gt;Sira Industrie Headquarter&lt;\\\/strong&gt;&lt;\\\/p&gt;&lt;p&gt;Via Bellini 11&lt;\\\/p&gt;&lt;p&gt;Rastignano (Bo) \\u2013 Italy&lt;\\\/p&gt;&lt;\\\/div&gt;&quot;}}]\"><\/div>\t\t\t\t<\/div>\n\t\t\t\t<\/div>\n\t\t\t\t\t<\/div>\n\t\t<\/div>\n\t\t\t\t\t<\/div>\n\t\t<\/section>\n\t\t\t\t<\/div>","protected":false},"excerpt":{"rendered":"<p>die casting heating engineering sira industrie oltre 60 anni di esperienza SIRA INDUSTRIE \u00e8 un Gruppo nato in Italia oltre 60 anni fa, presente a livello internazionale con stabilimenti di produzione, unit\u00e0 commerciali e societ\u00e0 collegate in diversi Paesi, ed \u00e8 in continua e costante espansione sui mercati di maggior importanza nel mondo. Le aziende [&hellip;]<\/p>","protected":false},"author":1,"featured_media":0,"parent":0,"menu_order":0,"comment_status":"closed","ping_status":"closed","template":"elementor_header_footer","meta":{"_acf_changed":false,"footnotes":""},"yst_prominent_words":[215,18,16,15,13],"class_list":["post-36","page","type-page","status-publish","hentry"],"acf":[],"_links":{"self":[{"href":"https:\/\/www.siraindustrie.com\/en-gb\/wp-json\/wp\/v2\/pages\/36","targetHints":{"allow":["GET"]}}],"collection":[{"href":"https:\/\/www.siraindustrie.com\/en-gb\/wp-json\/wp\/v2\/pages"}],"about":[{"href":"https:\/\/www.siraindustrie.com\/en-gb\/wp-json\/wp\/v2\/types\/page"}],"author":[{"embeddable":true,"href":"https:\/\/www.siraindustrie.com\/en-gb\/wp-json\/wp\/v2\/users\/1"}],"replies":[{"embeddable":true,"href":"https:\/\/www.siraindustrie.com\/en-gb\/wp-json\/wp\/v2\/comments?post=36"}],"version-history":[{"count":90,"href":"https:\/\/www.siraindustrie.com\/en-gb\/wp-json\/wp\/v2\/pages\/36\/revisions"}],"predecessor-version":[{"id":5460,"href":"https:\/\/www.siraindustrie.com\/en-gb\/wp-json\/wp\/v2\/pages\/36\/revisions\/5460"}],"wp:attachment":[{"href":"https:\/\/www.siraindustrie.com\/en-gb\/wp-json\/wp\/v2\/media?parent=36"}],"wp:term":[{"taxonomy":"yst_prominent_words","embeddable":true,"href":"https:\/\/www.siraindustrie.com\/en-gb\/wp-json\/wp\/v2\/yst_prominent_words?post=36"}],"curies":[{"name":"wp","href":"https:\/\/api.w.org\/{rel}","templated":true}]}}