{"id":462,"date":"2019-10-30T17:03:39","date_gmt":"2019-10-30T16:03:39","guid":{"rendered":"http:\/\/siragroup.dev.elogic.it\/?page_id=462"},"modified":"2021-04-26T11:58:17","modified_gmt":"2021-04-26T09:58:17","slug":"servizi-esclusivi","status":"publish","type":"page","link":"https:\/\/www.siraindustrie.com\/en-gb\/radiators-for-domestic-heating\/exclusive-services\/","title":{"rendered":"Exclusive services"},"content":{"rendered":"<h2 class=\"wp-block-heading\"><b>EXCLUSIVE SERVICES<\/b><\/h2>\r\n<p><span style=\"font-weight: 400;\">Sira Industrie is the only Company in the sector to guarantee its products for 20 years (Bimetal series) and 15 years (die-cast series).<\/span><\/p>\r\n<p><span style=\"font-weight: 400;\">This prerogative substantially differentiates Sira Industrie products and demonstrates the priority given by the company to the quality of its production.<\/span><\/p>\r\n<p><span style=\"font-weight: 400;\">For further peace of mind for its customers, Sira Industrie is assisted all over the world by ALL-RISK insurance policies.<\/span><\/p>\r\n<h2><b>AFTER SALES SERVICE<\/b><\/h2>\r\n<p><span style=\"font-weight: 400;\">Sira Industrie concretely assists its customers who need an after-sales service, through:<\/span><\/p>\r\n<ul>\r\n<li style=\"font-weight: 400;\" aria-level=\"1\"><span style=\"font-weight: 400;\">Online technical assistance<\/span><\/li>\r\n<li style=\"font-weight: 400;\" aria-level=\"1\"><span style=\"font-weight: 400;\">Instruction and guarantee booklets complete with all information in multiple languages, inside each product package<\/span><\/li>\r\n<li style=\"font-weight: 400;\" aria-level=\"1\"><span style=\"font-weight: 400;\">Ability to converse directly with the Company, in the most popular languages<\/span><\/li>\r\n<li style=\"font-weight: 400;\" aria-level=\"1\"><span style=\"font-weight: 400;\">Complete assistance in case of product functioning problems<\/span><\/li>\r\n<li style=\"font-weight: 400;\" aria-level=\"1\"><span style=\"font-weight: 400;\">Immediate replacement of any defective products, even before the technical report.<\/span><\/li>\r\n<\/ul>\r\n<h2><b>PERSONALIZATIONS, OEM<\/b><\/h2>\r\n<p><span style=\"font-weight: 400;\">Sira Industrie has resources that are able to accommodate requests for customization on its products and \/ or packaging, allowing its customers numerous options that can favor them on the market.<\/span><\/p>\r\n<p><span style=\"font-weight: 400;\">In special cases, Sira Industrie can also carry out projects of new models dedicated to a specific customer.<\/span><\/p>\r\n<p><span style=\"font-weight: 400;\">The market asks, Sira Industrie answers!<\/span><\/p>","protected":false},"excerpt":{"rendered":"<p>SERVIZI ESCLUSIVI Sira Industrie \u00e8 l\u2019unica azienda del settore a garantire i propri prodotti per 20 anni (serie Bimetal) e 15 anni (serie pressofusi). Questa prerogativa differenzia in modo sostanziale i prodotti Sira Industrie e dimostra la priorit\u00e0 data dall\u2019azienda alla qualit\u00e0 della propria produzione. Per ulteriore tranquillit\u00e0 della propria clientela, Sira Industrie \u00e8 assistita [&hellip;]<\/p>","protected":false},"author":1,"featured_media":0,"parent":402,"menu_order":0,"comment_status":"closed","ping_status":"closed","template":"","meta":{"_acf_changed":false,"footnotes":""},"yst_prominent_words":[119,371,16,372,124,349,370,348,116,114,15,13,120,115],"class_list":["post-462","page","type-page","status-publish","hentry"],"acf":[],"_links":{"self":[{"href":"https:\/\/www.siraindustrie.com\/en-gb\/wp-json\/wp\/v2\/pages\/462","targetHints":{"allow":["GET"]}}],"collection":[{"href":"https:\/\/www.siraindustrie.com\/en-gb\/wp-json\/wp\/v2\/pages"}],"about":[{"href":"https:\/\/www.siraindustrie.com\/en-gb\/wp-json\/wp\/v2\/types\/page"}],"author":[{"embeddable":true,"href":"https:\/\/www.siraindustrie.com\/en-gb\/wp-json\/wp\/v2\/users\/1"}],"replies":[{"embeddable":true,"href":"https:\/\/www.siraindustrie.com\/en-gb\/wp-json\/wp\/v2\/comments?post=462"}],"version-history":[{"count":6,"href":"https:\/\/www.siraindustrie.com\/en-gb\/wp-json\/wp\/v2\/pages\/462\/revisions"}],"predecessor-version":[{"id":3391,"href":"https:\/\/www.siraindustrie.com\/en-gb\/wp-json\/wp\/v2\/pages\/462\/revisions\/3391"}],"up":[{"embeddable":true,"href":"https:\/\/www.siraindustrie.com\/en-gb\/wp-json\/wp\/v2\/pages\/402"}],"wp:attachment":[{"href":"https:\/\/www.siraindustrie.com\/en-gb\/wp-json\/wp\/v2\/media?parent=462"}],"wp:term":[{"taxonomy":"yst_prominent_words","embeddable":true,"href":"https:\/\/www.siraindustrie.com\/en-gb\/wp-json\/wp\/v2\/yst_prominent_words?post=462"}],"curies":[{"name":"wp","href":"https:\/\/api.w.org\/{rel}","templated":true}]}}