{"id":793,"date":"2019-11-06T17:01:45","date_gmt":"2019-11-06T16:01:45","guid":{"rendered":"http:\/\/siragroup.dev.elogic.it\/?page_id=793"},"modified":"2026-02-03T12:14:13","modified_gmt":"2026-02-03T11:14:13","slug":"sira-industrie-die-cast-division","status":"publish","type":"page","link":"https:\/\/www.siraindustrie.com\/en-gb\/sira-industrie-die-cast-division\/","title":{"rendered":"Sira Industrie - Die cast Division"},"content":{"rendered":"<div data-elementor-type=\"wp-page\" data-elementor-id=\"793\" class=\"elementor elementor-793\" data-elementor-post-type=\"page\">\n\t\t\t\t\t\t<section class=\"elementor-section elementor-top-section elementor-element elementor-element-5d2717d elementor-section-boxed elementor-section-height-default elementor-section-height-default\" data-id=\"5d2717d\" data-element_type=\"section\">\n\t\t\t\t\t\t<div class=\"elementor-container elementor-column-gap-default\">\n\t\t\t\t\t<div class=\"elementor-column elementor-col-50 elementor-top-column elementor-element elementor-element-feb7a70\" data-id=\"feb7a70\" data-element_type=\"column\" data-settings=\"{&quot;background_background&quot;:&quot;classic&quot;}\">\n\t\t\t<div class=\"elementor-widget-wrap elementor-element-populated\">\n\t\t\t\t\t\t<div data-dce-advanced-background-color=\"#f7f7f7\" class=\"elementor-element elementor-element-07ee734 elementor-hidden-tablet elementor-hidden-phone elementor-nav-menu__text-align-aside elementor-widget elementor-widget-nav-menu\" data-id=\"07ee734\" data-element_type=\"widget\" data-settings=\"{&quot;layout&quot;:&quot;dropdown&quot;,&quot;sticky&quot;:&quot;bottom&quot;,&quot;submenu_icon&quot;:{&quot;value&quot;:&quot;&lt;i class=\\&quot;fas fa-chevron-down\\&quot; aria-hidden=\\&quot;true\\&quot;&gt;&lt;\\\/i&gt;&quot;,&quot;library&quot;:&quot;fa-solid&quot;},&quot;sticky_on&quot;:[&quot;desktop&quot;,&quot;tablet&quot;,&quot;mobile&quot;],&quot;sticky_offset&quot;:0,&quot;sticky_effects_offset&quot;:0,&quot;sticky_anchor_link_offset&quot;:0}\" data-widget_type=\"nav-menu.default\">\n\t\t\t\t<div class=\"elementor-widget-container\">\n\t\t\t\t\t\t\t\t<nav class=\"elementor-nav-menu--dropdown elementor-nav-menu__container\" aria-hidden=\"true\">\n\t\t\t\t<ul id=\"menu-2-07ee734\" class=\"elementor-nav-menu\"><li class=\"menu-item menu-item-type-post_type menu-item-object-page menu-item-has-children menu-item-815\"><a href=\"https:\/\/www.siraindustrie.com\/en-gb\/sira-industrie-die-cast-division\/\" class=\"elementor-item\" tabindex=\"-1\">Die cast Division of Sira Industrie<\/a>\n<ul class=\"sub-menu elementor-nav-menu--dropdown\">\n\t<li class=\"menu-item menu-item-type-post_type menu-item-object-page menu-item-817\"><a href=\"https:\/\/www.siraindustrie.com\/en-gb\/sira-industrie-die-cast-division\/sirpress\/\" class=\"elementor-sub-item\" tabindex=\"-1\">Sirpress<\/a><\/li>\n\t<li class=\"menu-item menu-item-type-post_type menu-item-object-page menu-item-5994\"><a href=\"https:\/\/www.siraindustrie.com\/en-gb\/sira-industrie-die-cast-division\/sai-sira-automation-industry\/\" class=\"elementor-sub-item\" tabindex=\"-1\">SAI Sira Automation Industry<\/a><\/li>\n\t<li class=\"menu-item menu-item-type-post_type menu-item-object-page menu-item-818\"><a href=\"https:\/\/www.siraindustrie.com\/en-gb\/sira-industrie-die-cast-division\/emilpress\/\" class=\"elementor-sub-item\" tabindex=\"-1\">Emilpress<\/a><\/li>\n\t<li class=\"menu-item menu-item-type-post_type menu-item-object-page menu-item-6230\"><a href=\"https:\/\/www.siraindustrie.com\/en-gb\/sira-industrie-die-cast-division\/sirtec-srl\/\" class=\"elementor-sub-item\" tabindex=\"-1\">Sirtec Srl<\/a><\/li>\n\t<li class=\"menu-item menu-item-type-post_type menu-item-object-page menu-item-816\"><a href=\"https:\/\/www.siraindustrie.com\/en-gb\/sira-industrie-die-cast-division\/sinapress\/\" class=\"elementor-sub-item\" tabindex=\"-1\">Sira (Tianjin) Aluminum Products Co., Ltd<\/a><\/li>\n<\/ul>\n<\/li>\n<li class=\"menu-item menu-item-type-post_type menu-item-object-page menu-item-813\"><a href=\"https:\/\/www.siraindustrie.com\/en-gb\/sira-industrie-die-cast-division\/servizi-e-tecnologie\/\" class=\"elementor-item\" tabindex=\"-1\">Services and technologies<\/a><\/li>\n<li class=\"menu-item menu-item-type-custom menu-item-object-custom menu-item-837\"><a href=\"#punti-di-forza\" class=\"elementor-item elementor-item-anchor\" tabindex=\"-1\">Strengths<\/a><\/li>\n<li class=\"menu-item menu-item-type-custom menu-item-object-custom menu-item-836\"><a href=\"#principi-valori\" class=\"elementor-item elementor-item-anchor\" tabindex=\"-1\">Principles and values<\/a><\/li>\n<li class=\"menu-item menu-item-type-custom menu-item-object-custom menu-item-979\"><a href=\"#qualita\" class=\"elementor-item elementor-item-anchor\" tabindex=\"-1\">Quality Control and Certifications<\/a><\/li>\n<\/ul>\t\t\t<\/nav>\n\t\t\t\t\t\t<\/div>\n\t\t\t\t<\/div>\n\t\t\t\t<div data-dce-advanced-background-color=\"#ffffff\" class=\"elementor-element elementor-element-c936246 elementor-hidden-desktop elementor-nav-menu__text-align-aside elementor-nav-menu--toggle elementor-nav-menu--burger elementor-widget elementor-widget-nav-menu\" data-id=\"c936246\" data-element_type=\"widget\" data-settings=\"{&quot;layout&quot;:&quot;dropdown&quot;,&quot;sticky&quot;:&quot;bottom&quot;,&quot;submenu_icon&quot;:{&quot;value&quot;:&quot;&lt;i class=\\&quot;fas fa-chevron-down\\&quot; aria-hidden=\\&quot;true\\&quot;&gt;&lt;\\\/i&gt;&quot;,&quot;library&quot;:&quot;fa-solid&quot;},&quot;toggle&quot;:&quot;burger&quot;,&quot;sticky_on&quot;:[&quot;desktop&quot;,&quot;tablet&quot;,&quot;mobile&quot;],&quot;sticky_offset&quot;:0,&quot;sticky_effects_offset&quot;:0,&quot;sticky_anchor_link_offset&quot;:0}\" data-widget_type=\"nav-menu.default\">\n\t\t\t\t<div class=\"elementor-widget-container\">\n\t\t\t\t\t\t\t<div class=\"elementor-menu-toggle\" role=\"button\" tabindex=\"0\" aria-label=\"Menu Toggle\" aria-expanded=\"false\">\n\t\t\t<i aria-hidden=\"true\" role=\"presentation\" class=\"elementor-menu-toggle__icon--open eicon-menu-bar\"><\/i><i aria-hidden=\"true\" role=\"presentation\" class=\"elementor-menu-toggle__icon--close eicon-close\"><\/i>\t\t<\/div>\n\t\t\t\t\t<nav class=\"elementor-nav-menu--dropdown elementor-nav-menu__container\" aria-hidden=\"true\">\n\t\t\t\t<ul id=\"menu-2-c936246\" class=\"elementor-nav-menu\"><li class=\"menu-item menu-item-type-post_type menu-item-object-page menu-item-has-children menu-item-815\"><a href=\"https:\/\/www.siraindustrie.com\/en-gb\/sira-industrie-die-cast-division\/\" class=\"elementor-item\" tabindex=\"-1\">Die cast Division of Sira Industrie<\/a>\n<ul class=\"sub-menu elementor-nav-menu--dropdown\">\n\t<li class=\"menu-item menu-item-type-post_type menu-item-object-page menu-item-817\"><a href=\"https:\/\/www.siraindustrie.com\/en-gb\/sira-industrie-die-cast-division\/sirpress\/\" class=\"elementor-sub-item\" tabindex=\"-1\">Sirpress<\/a><\/li>\n\t<li class=\"menu-item menu-item-type-post_type menu-item-object-page menu-item-5994\"><a href=\"https:\/\/www.siraindustrie.com\/en-gb\/sira-industrie-die-cast-division\/sai-sira-automation-industry\/\" class=\"elementor-sub-item\" tabindex=\"-1\">SAI Sira Automation Industry<\/a><\/li>\n\t<li class=\"menu-item menu-item-type-post_type menu-item-object-page menu-item-818\"><a href=\"https:\/\/www.siraindustrie.com\/en-gb\/sira-industrie-die-cast-division\/emilpress\/\" class=\"elementor-sub-item\" tabindex=\"-1\">Emilpress<\/a><\/li>\n\t<li class=\"menu-item menu-item-type-post_type menu-item-object-page menu-item-6230\"><a href=\"https:\/\/www.siraindustrie.com\/en-gb\/sira-industrie-die-cast-division\/sirtec-srl\/\" class=\"elementor-sub-item\" tabindex=\"-1\">Sirtec Srl<\/a><\/li>\n\t<li class=\"menu-item menu-item-type-post_type menu-item-object-page menu-item-816\"><a href=\"https:\/\/www.siraindustrie.com\/en-gb\/sira-industrie-die-cast-division\/sinapress\/\" class=\"elementor-sub-item\" tabindex=\"-1\">Sira (Tianjin) Aluminum Products Co., Ltd<\/a><\/li>\n<\/ul>\n<\/li>\n<li class=\"menu-item menu-item-type-post_type menu-item-object-page menu-item-813\"><a href=\"https:\/\/www.siraindustrie.com\/en-gb\/sira-industrie-die-cast-division\/servizi-e-tecnologie\/\" class=\"elementor-item\" tabindex=\"-1\">Services and technologies<\/a><\/li>\n<li class=\"menu-item menu-item-type-custom menu-item-object-custom menu-item-837\"><a href=\"#punti-di-forza\" class=\"elementor-item elementor-item-anchor\" tabindex=\"-1\">Strengths<\/a><\/li>\n<li class=\"menu-item menu-item-type-custom menu-item-object-custom menu-item-836\"><a href=\"#principi-valori\" class=\"elementor-item elementor-item-anchor\" tabindex=\"-1\">Principles and values<\/a><\/li>\n<li class=\"menu-item menu-item-type-custom menu-item-object-custom menu-item-979\"><a href=\"#qualita\" class=\"elementor-item elementor-item-anchor\" tabindex=\"-1\">Quality Control and Certifications<\/a><\/li>\n<\/ul>\t\t\t<\/nav>\n\t\t\t\t\t\t<\/div>\n\t\t\t\t<\/div>\n\t\t\t\t\t<\/div>\n\t\t<\/div>\n\t\t\t\t<div class=\"elementor-column elementor-col-50 elementor-top-column elementor-element elementor-element-0d1cf78\" data-id=\"0d1cf78\" data-element_type=\"column\">\n\t\t\t<div class=\"elementor-widget-wrap elementor-element-populated\">\n\t\t\t\t\t\t<div class=\"elementor-element elementor-element-6e0adbe elementor-widget elementor-widget-image\" data-id=\"6e0adbe\" data-element_type=\"widget\" data-widget_type=\"image.default\">\n\t\t\t\t<div class=\"elementor-widget-container\">\n\t\t\t\t\t\t\t\t\t\t\t\t\t\t\t<img fetchpriority=\"high\" decoding=\"async\" width=\"1496\" height=\"694\" src=\"https:\/\/www.siraindustrie.com\/wp-content\/uploads\/2024\/04\/SIRA_diecasting-division_RGB_POS.png\" class=\"attachment-full size-full wp-image-5976\" alt=\"\" srcset=\"https:\/\/www.siraindustrie.com\/wp-content\/uploads\/2024\/04\/SIRA_diecasting-division_RGB_POS.png 1496w, https:\/\/www.siraindustrie.com\/wp-content\/uploads\/2024\/04\/SIRA_diecasting-division_RGB_POS-300x139.png 300w, https:\/\/www.siraindustrie.com\/wp-content\/uploads\/2024\/04\/SIRA_diecasting-division_RGB_POS-1024x475.png 1024w, https:\/\/www.siraindustrie.com\/wp-content\/uploads\/2024\/04\/SIRA_diecasting-division_RGB_POS-768x356.png 768w, https:\/\/www.siraindustrie.com\/wp-content\/uploads\/2024\/04\/SIRA_diecasting-division_RGB_POS-18x8.png 18w\" sizes=\"(max-width: 1496px) 100vw, 1496px\" \/>\t\t\t\t\t\t\t\t\t\t\t\t\t\t\t<\/div>\n\t\t\t\t<\/div>\n\t\t\t\t<div class=\"elementor-element elementor-element-2d14d9e elementor-widget-divider--view-line elementor-widget elementor-widget-divider\" data-id=\"2d14d9e\" data-element_type=\"widget\" data-widget_type=\"divider.default\">\n\t\t\t\t<div class=\"elementor-widget-container\">\n\t\t\t\t\t\t\t<div class=\"elementor-divider\">\n\t\t\t<span class=\"elementor-divider-separator\">\n\t\t\t\t\t\t<\/span>\n\t\t<\/div>\n\t\t\t\t\t\t<\/div>\n\t\t\t\t<\/div>\n\t\t\t\t<div class=\"elementor-element elementor-element-76dbfc7 elementor-widget elementor-widget-text-editor\" data-id=\"76dbfc7\" data-element_type=\"widget\" data-widget_type=\"text-editor.default\">\n\t\t\t\t<div class=\"elementor-widget-container\">\n\t\t\t\t\t\t\t\t\t<p class=\" translation-block\">DIE CASTING DIVISION: the division of SIRA INDUSTRIE specialized in die casting of aluminium alloys, in the construction of die casting dies, in the connected machining of castings and assembly of components.<\/p><p>The DIE CASTING DIVISION allows SIRA INDUSTRIE to provide an increasingly advanced and demanding market with total quality and reduced time needed for product development.<\/p><p>Four production facilities now allow the DIE CASTING DIVISION to leverage the over 60 years of expertise of the SIRA INDUSTRIE group, establishing a contemporary example of a multinational company that designs, manufactures, pre-assembles, stores, and then delivers die castings to customers worldwide.<\/p><ul><li><a style=\"text-align: center;\" href=\"\/sira-industrie-die-cast-division\/sirpress\/\">Sirpress<\/a><span style=\"text-align: center;\">, Nusco in the province of Avellino (Italy)<\/span><\/li><li><a href=\"https:\/\/www.siraindustrie.com\/it-it\/sira-industrie-die-cast-division\/sai-sira-automation-industry\/\"><span style=\"text-align: center;\">SAI Sira Automation Industry<\/span><\/a>, Nusco (Italia)<\/li><li><a style=\"text-align: center;\" href=\"\/sira-industrie-die-cast-division\/emilpress\/\">Emilpress<\/a><span style=\"text-align: center;\">, Serravalle province of Ferrara (Italy)<\/span><\/li><li><a href=\"https:\/\/www.siraindustrie.com\/sira-industrie-die-cast-division\/sirtec-srl\/\">SIRTEC SRL<\/a> in Dosso<\/li><li><a style=\"text-align: center;\" href=\"\/sira-industrie-die-cast-division\/sinapress\/\">Sira (Tianjin) Aluminum Products Co., Ltd<\/a><span style=\"text-align: center;\">, Jinghai (China)<\/span><\/li><\/ul><p class=\" translation-block\">The production of die casting parts, takes place indifferently in one or the other production plant of the group: the synergies between plants, the deep knowledge of the technologies used and the economic and financial solidity, allow the DIE CASTING DIVISION of SIRA INDUSTRIE, to offer integrated solutions for advanced die casting.<\/p>\t\t\t\t\t\t\t\t<\/div>\n\t\t\t\t<\/div>\n\t\t\t\t<div class=\"elementor-element elementor-element-26e9b70 elementor-widget elementor-widget-text-editor\" data-id=\"26e9b70\" data-element_type=\"widget\" data-widget_type=\"text-editor.default\">\n\t\t\t\t<div class=\"elementor-widget-container\">\n\t\t\t\t\t\t\t\t\t<p class=\" translation-block\"><b>All supply relationships of the companies belonging to the Die Casting division of the SIRA Group are regulated by the General Conditions of the European Foundries, which can be found <a href=\"https:\/\/www.siraindustrie.com\/wp-content\/uploads\/2025\/10\/EFF_General_Conditions_English_version-2.pdf\" target=\"_blank\" rel=\"noopener\">here<\/a>.<\/p>\t\t\t\t\t\t\t\t<\/div>\n\t\t\t\t<\/div>\n\t\t\t\t<div class=\"elementor-element elementor-element-62f396f elementor-widget elementor-widget-text-editor\" data-id=\"62f396f\" data-element_type=\"widget\" id=\"punti-di-forza\" data-widget_type=\"text-editor.default\">\n\t\t\t\t<div class=\"elementor-widget-container\">\n\t\t\t\t\t\t\t\t\t<h4>DIE CASTING DIVISION of SIRA INDUSTRIE reaches its GOALS through its STRENGTHS:<\/h4><ul><li>to respond to the needs of the customer through total management of all the different activities concerning the single project: the Customer first of all;<\/li><li>to achieve and maintain the best performance in the production of die casting parts and in the relevant  machining process, including assembly: economic and financial reliability built up over time;<\/li><li>to maintain its original production flexibility: strategic location of the production sites, with equivalent internal production;<\/li><li>achieving and maintaining the best know-how on the market in the design and production of die-casting molds for light alloys: Quality has absolute priority;<\/li><li>to keep the innovative technologies used constantly updated;<\/li><li>Employee retention: constant improvement of operators skills  and compliance with safety standards in the working environment;<\/li><li>to continue to certify the relationship of trust with customers all over the world, through our work and single operational performances.<\/li><\/ul>\t\t\t\t\t\t\t\t<\/div>\n\t\t\t\t<\/div>\n\t\t\t\t<div class=\"elementor-element elementor-element-1970b26 elementor-widget elementor-widget-text-editor\" data-id=\"1970b26\" data-element_type=\"widget\" id=\"principi-valori\" data-widget_type=\"text-editor.default\">\n\t\t\t\t<div class=\"elementor-widget-container\">\n\t\t\t\t\t\t\t\t\t<h3>Principles and Values<\/h3><p>The corporate policy of  SIRA INDUSTRIE DIE CASTING DIVISION focuses on the continuous improvement of its performance, to continue to guarantee the customer an innovative, precise and competitive industrial project.<\/p><p>The DIE CASTING DIVISION of SIRA INDUSTRIE assists the Customer in all the phases of the common production experience, thanks to the unique know-how acquired in many years of experience, together with highly qualified personnel ready to provide immediate and concrete answers to specific production requirements.<\/p><p style=\"font-weight: 400;\">Our 3 main priciples:<\/p><ul style=\"font-weight: 400;\"><li><strong>Energy efficiency<\/strong>\u00a0for this purpose, EMILPRESS, SIRPRESS &amp; SAI undertakes to apply and maintain an ISO 50001 Energy Management System which favors a systematic approach to efficient energy management, maintaining active procedures and work instructions aimed at reducing and guaranteeing the virtuous use of energy<\/li><li><strong>Reduced environmental impact<\/strong>\u00a0allo scopo EMILPRESS, SIRPRESS, SIRTEC\u00a0E SAI si impegnano ad applicare e mantenere attivo un Sistema di Gestione Ambientale ISO 14001 che favorisca un approccio sistematico alla riduzione dell\u2019impatto ambientale dei propri prodotti e delle proprie attivit\u00e0, mantenendo attive procedure e istruzioni di lavoro orientate alla riduzione delle emissioni di CO2 dell\u2019organizzazione e a prevenire fenomeni di inquinamento ambientale accidentale<\/li><li><strong>Procurement and design<\/strong> EMILPRESS, SIRPRESS, SIRTEC E SAI si impegnano ad acquistare prodotti e servizi energicamente efficienti e a basso impatto ambientale che mantengano gli standard di qualit\u00e0 garantiti al cliente, e a supportare attivit\u00e0 di progettazione che mirino al miglioramento della prestazione energetica, degli standard di qualit\u00e0 ed alla riduzione dell\u2019impatto ambientale dei processi<\/li><\/ul>\t\t\t\t\t\t\t\t<\/div>\n\t\t\t\t<\/div>\n\t\t\t\t<section class=\"elementor-section elementor-inner-section elementor-element elementor-element-20fdcca elementor-section-boxed elementor-section-height-default elementor-section-height-default\" data-id=\"20fdcca\" data-element_type=\"section\">\n\t\t\t\t\t\t<div class=\"elementor-container elementor-column-gap-default\">\n\t\t\t\t\t<div class=\"elementor-column elementor-col-100 elementor-inner-column elementor-element elementor-element-1fbf3e9\" data-id=\"1fbf3e9\" data-element_type=\"column\">\n\t\t\t<div class=\"elementor-widget-wrap elementor-element-populated\">\n\t\t\t\t\t\t<div data-dce-background-color=\"#e2001a\" class=\"elementor-element elementor-element-8a2d036 elementor-align-justify elementor-tablet-align-justify elementor-mobile-align-justify elementor-widget elementor-widget-button\" data-id=\"8a2d036\" data-element_type=\"widget\" data-widget_type=\"button.default\">\n\t\t\t\t<div class=\"elementor-widget-container\">\n\t\t\t\t\t\t\t\t\t<div class=\"elementor-button-wrapper\">\n\t\t\t\t\t<a class=\"elementor-button elementor-button-link elementor-size-sm\" href=\"https:\/\/www.siraindustrie.com\/wp-content\/uploads\/2026\/02\/D05E0101-G-POLITICA-SIRA-INDUSTRIE-R.2-2026.pdf\" target=\"_blank\">\n\t\t\t\t\t\t<span class=\"elementor-button-content-wrapper\">\n\t\t\t\t\t\t\t\t\t<span class=\"elementor-button-text\">POLITICA QUALIT\u00c0, ENERGIA, AMBIENTE, SALUTE E SICUREZZA<\/span>\n\t\t\t\t\t<\/span>\n\t\t\t\t\t<\/a>\n\t\t\t\t<\/div>\n\t\t\t\t\t\t\t\t<\/div>\n\t\t\t\t<\/div>\n\t\t\t\t\t<\/div>\n\t\t<\/div>\n\t\t\t\t\t<\/div>\n\t\t<\/section>\n\t\t\t\t<div class=\"elementor-element elementor-element-a74ca80 elementor-widget elementor-widget-text-editor\" data-id=\"a74ca80\" data-element_type=\"widget\" id=\"qualita\" data-widget_type=\"text-editor.default\">\n\t\t\t\t<div class=\"elementor-widget-container\">\n\t\t\t\t\t\t\t\t\t<h3>Quality<\/h3><p>High Quality Processes and Products is the watchword and constant mantra of SIRA INDUSTRIE DIE CASTING DIVISION, certifiable by the most important global certifications and by satisfying the criteria of strict final product audits, performed by our best customers.<\/p>\t\t\t\t\t\t\t\t<\/div>\n\t\t\t\t<\/div>\n\t\t\t\t<section class=\"elementor-section elementor-inner-section elementor-element elementor-element-d901899 elementor-section-boxed elementor-section-height-default elementor-section-height-default\" data-id=\"d901899\" data-element_type=\"section\">\n\t\t\t\t\t\t<div class=\"elementor-container elementor-column-gap-default\">\n\t\t\t\t\t<div class=\"elementor-column elementor-col-50 elementor-inner-column elementor-element elementor-element-64d5f30\" data-id=\"64d5f30\" data-element_type=\"column\">\n\t\t\t<div class=\"elementor-widget-wrap elementor-element-populated\">\n\t\t\t\t\t\t<div data-dce-background-color=\"#e2001a\" class=\"elementor-element elementor-element-c4b312f elementor-align-justify elementor-tablet-align-justify elementor-mobile-align-justify elementor-widget elementor-widget-button\" data-id=\"c4b312f\" data-element_type=\"widget\" data-widget_type=\"button.default\">\n\t\t\t\t<div class=\"elementor-widget-container\">\n\t\t\t\t\t\t\t\t\t<div class=\"elementor-button-wrapper\">\n\t\t\t\t\t<a class=\"elementor-button elementor-button-link elementor-size-sm\" href=\"\/sira-industrie-die-cast-division\/controllo-qualita-e-certificazioni\/\" target=\"_blank\">\n\t\t\t\t\t\t<span class=\"elementor-button-content-wrapper\">\n\t\t\t\t\t\t\t\t\t<span class=\"elementor-button-text\">CERTIFICATION<\/span>\n\t\t\t\t\t<\/span>\n\t\t\t\t\t<\/a>\n\t\t\t\t<\/div>\n\t\t\t\t\t\t\t\t<\/div>\n\t\t\t\t<\/div>\n\t\t\t\t\t<\/div>\n\t\t<\/div>\n\t\t\t\t<div class=\"elementor-column elementor-col-50 elementor-inner-column elementor-element elementor-element-8db1665\" data-id=\"8db1665\" data-element_type=\"column\">\n\t\t\t<div class=\"elementor-widget-wrap\">\n\t\t\t\t\t\t\t<\/div>\n\t\t<\/div>\n\t\t\t\t\t<\/div>\n\t\t<\/section>\n\t\t\t\t\t<\/div>\n\t\t<\/div>\n\t\t\t\t\t<\/div>\n\t\t<\/section>\n\t\t\t\t<\/div>","protected":false},"excerpt":{"rendered":"<p>DIE CASTING DIVISION: the division of SIRA INDUSTRIE specializing in the diecasting of aluminum alloys, in the construction of die casting molds, in the associated mechanical processes and in the assembly of components. DIE CASTING DIVISION allows SIRA INDUSTRIE to supply to an increasingly evolved and demanding market, total quality and reduction of the time required for [\u2026]<\/p>","protected":false},"author":1,"featured_media":773,"parent":0,"menu_order":0,"comment_status":"closed","ping_status":"closed","template":"","meta":{"_acf_changed":false,"footnotes":""},"yst_prominent_words":[237,234,280,279,57,233,231,278,137,230,240,165,281,16,169,166,239,282,15,13],"class_list":["post-793","page","type-page","status-publish","has-post-thumbnail","hentry"],"acf":[],"_links":{"self":[{"href":"https:\/\/www.siraindustrie.com\/en-gb\/wp-json\/wp\/v2\/pages\/793","targetHints":{"allow":["GET"]}}],"collection":[{"href":"https:\/\/www.siraindustrie.com\/en-gb\/wp-json\/wp\/v2\/pages"}],"about":[{"href":"https:\/\/www.siraindustrie.com\/en-gb\/wp-json\/wp\/v2\/types\/page"}],"author":[{"embeddable":true,"href":"https:\/\/www.siraindustrie.com\/en-gb\/wp-json\/wp\/v2\/users\/1"}],"replies":[{"embeddable":true,"href":"https:\/\/www.siraindustrie.com\/en-gb\/wp-json\/wp\/v2\/comments?post=793"}],"version-history":[{"count":105,"href":"https:\/\/www.siraindustrie.com\/en-gb\/wp-json\/wp\/v2\/pages\/793\/revisions"}],"predecessor-version":[{"id":6316,"href":"https:\/\/www.siraindustrie.com\/en-gb\/wp-json\/wp\/v2\/pages\/793\/revisions\/6316"}],"wp:featuredmedia":[{"embeddable":true,"href":"https:\/\/www.siraindustrie.com\/en-gb\/wp-json\/wp\/v2\/media\/773"}],"wp:attachment":[{"href":"https:\/\/www.siraindustrie.com\/en-gb\/wp-json\/wp\/v2\/media?parent=793"}],"wp:term":[{"taxonomy":"yst_prominent_words","embeddable":true,"href":"https:\/\/www.siraindustrie.com\/en-gb\/wp-json\/wp\/v2\/yst_prominent_words?post=793"}],"curies":[{"name":"wp","href":"https:\/\/api.w.org\/{rel}","templated":true}]}}