{"id":1662,"date":"2020-12-10T17:12:09","date_gmt":"2020-12-10T16:12:09","guid":{"rendered":"https:\/\/www.siraindustrie.com\/?page_id=1662"},"modified":"2024-06-28T09:35:12","modified_gmt":"2024-06-28T07:35:12","slug":"qualita","status":"publish","type":"page","link":"https:\/\/www.siraindustrie.com\/it-it\/qualita\/","title":{"rendered":"Qualit\u00e0"},"content":{"rendered":"\t\t<div data-elementor-type=\"wp-page\" data-elementor-id=\"1662\" class=\"elementor elementor-1662\" data-elementor-post-type=\"page\">\n\t\t\t\t\t\t<section class=\"elementor-section elementor-top-section elementor-element elementor-element-a50d811 elementor-section-boxed elementor-section-height-default elementor-section-height-default\" data-id=\"a50d811\" data-element_type=\"section\">\n\t\t\t\t\t\t<div class=\"elementor-container elementor-column-gap-default\">\n\t\t\t\t\t<div class=\"elementor-column elementor-col-50 elementor-top-column elementor-element elementor-element-932a7b1\" data-id=\"932a7b1\" data-element_type=\"column\" data-settings=\"{&quot;background_background&quot;:&quot;classic&quot;}\">\n\t\t\t<div class=\"elementor-widget-wrap elementor-element-populated\">\n\t\t\t\t\t\t<div data-dce-advanced-background-color=\"#f7f7f7\" class=\"elementor-element elementor-element-376f582 elementor-hidden-tablet elementor-hidden-phone menu_sc menu_faral elementor-nav-menu__text-align-aside elementor-widget elementor-widget-nav-menu\" data-id=\"376f582\" data-element_type=\"widget\" data-settings=\"{&quot;layout&quot;:&quot;dropdown&quot;,&quot;sticky&quot;:&quot;bottom&quot;,&quot;submenu_icon&quot;:{&quot;value&quot;:&quot;&lt;i class=\\&quot;fas fa-chevron-down\\&quot; aria-hidden=\\&quot;true\\&quot;&gt;&lt;\\\/i&gt;&quot;,&quot;library&quot;:&quot;fa-solid&quot;},&quot;sticky_on&quot;:[&quot;desktop&quot;,&quot;tablet&quot;,&quot;mobile&quot;],&quot;sticky_offset&quot;:0,&quot;sticky_effects_offset&quot;:0,&quot;sticky_anchor_link_offset&quot;:0}\" data-widget_type=\"nav-menu.default\">\n\t\t\t\t<div class=\"elementor-widget-container\">\n\t\t\t\t\t\t\t\t<nav class=\"elementor-nav-menu--dropdown elementor-nav-menu__container\" aria-hidden=\"true\">\n\t\t\t\t<ul id=\"menu-2-376f582\" class=\"elementor-nav-menu\"><li class=\"menu-item menu-item-type-custom menu-item-object-custom menu-item-has-children menu-item-2075\"><a href=\"#\" class=\"elementor-item elementor-item-anchor\" tabindex=\"-1\">MARCHIO<\/a>\n<ul class=\"sub-menu elementor-nav-menu--dropdown\">\n\t<li class=\"menu-item menu-item-type-post_type menu-item-object-page menu-item-2069\"><a href=\"https:\/\/www.siraindustrie.com\/it-it\/faral-radiatori\/\" class=\"elementor-sub-item\" tabindex=\"-1\">Brand<\/a><\/li>\n\t<li class=\"menu-item menu-item-type-post_type menu-item-object-page menu-item-2068\"><a href=\"https:\/\/www.siraindustrie.com\/it-it\/alluminio\/\" class=\"elementor-sub-item\" tabindex=\"-1\">Alluminio<\/a><\/li>\n\t<li class=\"menu-item menu-item-type-post_type menu-item-object-page menu-item-2067\"><a href=\"https:\/\/www.siraindustrie.com\/it-it\/qualita\/\" class=\"elementor-sub-item\" tabindex=\"-1\">Qualit\u00e0<\/a><\/li>\n<\/ul>\n<\/li>\n<li class=\"menu-item menu-item-type-custom menu-item-object-custom menu-item-has-children menu-item-2163\"><a href=\"#\" class=\"elementor-item elementor-item-anchor\" tabindex=\"-1\">PRODOTTI<\/a>\n<ul class=\"sub-menu elementor-nav-menu--dropdown\">\n\t<li class=\"menu-item menu-item-type-custom menu-item-object-custom menu-item-has-children menu-item-2078\"><a href=\"#\" class=\"elementor-sub-item elementor-item-anchor\" tabindex=\"-1\">RADIATORI IN ALLUMINIO PRESSOFUSO<\/a>\n\t<ul class=\"sub-menu elementor-nav-menu--dropdown\">\n\t\t<li class=\"menu-item menu-item-type-post_type menu-item-object-radiatori menu-item-2811\"><a href=\"https:\/\/www.siraindustrie.com\/it-it\/radiators\/tropical\/\" class=\"elementor-sub-item\" tabindex=\"-1\">TROPICAL<\/a><\/li>\n\t\t<li class=\"menu-item menu-item-type-post_type menu-item-object-radiatori menu-item-2809\"><a href=\"https:\/\/www.siraindustrie.com\/it-it\/radiators\/alliance\/\" class=\"elementor-sub-item\" tabindex=\"-1\">ALLIANCE<\/a><\/li>\n\t\t<li class=\"menu-item menu-item-type-post_type menu-item-object-radiatori menu-item-2808\"><a href=\"https:\/\/www.siraindustrie.com\/it-it\/radiators\/maranello\/\" class=\"elementor-sub-item\" tabindex=\"-1\">MARANELLO<\/a><\/li>\n\t\t<li class=\"menu-item menu-item-type-post_type menu-item-object-radiatori menu-item-2807\"><a href=\"https:\/\/www.siraindustrie.com\/it-it\/radiators\/green\/\" class=\"elementor-sub-item\" tabindex=\"-1\">GREEN<\/a><\/li>\n\t<\/ul>\n<\/li>\n\t<li class=\"menu-item menu-item-type-custom menu-item-object-custom menu-item-has-children menu-item-2079\"><a href=\"#\" class=\"elementor-sub-item elementor-item-anchor\" tabindex=\"-1\">RADIATORI ALLUMINIO ESTRUSO<\/a>\n\t<ul class=\"sub-menu elementor-nav-menu--dropdown\">\n\t\t<li class=\"menu-item menu-item-type-post_type menu-item-object-radiatori menu-item-2814\"><a href=\"https:\/\/www.siraindustrie.com\/it-it\/radiators\/tropical-plus\/\" class=\"elementor-sub-item\" tabindex=\"-1\">TROPICAL+<\/a><\/li>\n\t\t<li class=\"menu-item menu-item-type-post_type menu-item-object-radiatori menu-item-2813\"><a href=\"https:\/\/www.siraindustrie.com\/it-it\/radiators\/alba-plus\/\" class=\"elementor-sub-item\" tabindex=\"-1\">ALBA+<\/a><\/li>\n\t\t<li class=\"menu-item menu-item-type-post_type menu-item-object-radiatori menu-item-2812\"><a href=\"https:\/\/www.siraindustrie.com\/it-it\/radiators\/condor\/\" class=\"elementor-sub-item\" tabindex=\"-1\">CONDOR<\/a><\/li>\n\t<\/ul>\n<\/li>\n\t<li class=\"menu-item menu-item-type-custom menu-item-object-custom menu-item-has-children menu-item-2080\"><a href=\"#\" class=\"elementor-sub-item elementor-item-anchor\" tabindex=\"-1\">TERMOARREDO IN ACCIAIO<\/a>\n\t<ul class=\"sub-menu elementor-nav-menu--dropdown\">\n\t\t<li class=\"menu-item menu-item-type-post_type menu-item-object-radiatori menu-item-2817\"><a href=\"https:\/\/www.siraindustrie.com\/it-it\/radiators\/riga\/\" class=\"elementor-sub-item\" tabindex=\"-1\">RIGA<\/a><\/li>\n\t\t<li class=\"menu-item menu-item-type-post_type menu-item-object-radiatori menu-item-2816\"><a href=\"https:\/\/www.siraindustrie.com\/it-it\/radiators\/arko-white\/\" class=\"elementor-sub-item\" tabindex=\"-1\">ARKO WHITE<\/a><\/li>\n\t\t<li class=\"menu-item menu-item-type-post_type menu-item-object-radiatori menu-item-2815\"><a href=\"https:\/\/www.siraindustrie.com\/it-it\/radiators\/arko-chrome\/\" class=\"elementor-sub-item\" tabindex=\"-1\">ARKO CHROME<\/a><\/li>\n\t<\/ul>\n<\/li>\n\t<li class=\"menu-item menu-item-type-post_type menu-item-object-page menu-item-has-children menu-item-4701\"><a href=\"https:\/\/www.siraindustrie.com\/it-it\/faral-radiatori-a-colonna-in-acciaio\/\" class=\"elementor-sub-item\" tabindex=\"-1\">RADIATORI A COLONNA IN ACCIAIO<\/a>\n\t<ul class=\"sub-menu elementor-nav-menu--dropdown\">\n\t\t<li class=\"menu-item menu-item-type-post_type menu-item-object-page menu-item-4711\"><a href=\"https:\/\/www.siraindustrie.com\/it-it\/faral-rca-listino-prezzi-e-depliant\/\" class=\"elementor-sub-item\" tabindex=\"-1\">Listino Prezzi e Depliant<\/a><\/li>\n\t<\/ul>\n<\/li>\n<\/ul>\n<\/li>\n<li class=\"menu-item menu-item-type-post_type menu-item-object-page menu-item-3385\"><a href=\"https:\/\/www.siraindustrie.com\/it-it\/faral-depliant-e-listino\/\" class=\"elementor-item\" tabindex=\"-1\">DEPLIANT<\/a><\/li>\n<li class=\"menu-item menu-item-type-post_type menu-item-object-page menu-item-2072\"><a href=\"https:\/\/www.siraindustrie.com\/it-it\/radiatori-per-il-riscaldamento-domestico\/accessori-per-radiatori\/\" class=\"elementor-item\" tabindex=\"-1\">ACCESSORI PER RADIATORI<\/a><\/li>\n<li class=\"menu-item menu-item-type-custom menu-item-object-custom menu-item-has-children menu-item-2071\"><a href=\"#\" class=\"elementor-item elementor-item-anchor\" tabindex=\"-1\">INFO TECNICHE<\/a>\n<ul class=\"sub-menu elementor-nav-menu--dropdown\">\n\t<li class=\"menu-item menu-item-type-post_type menu-item-object-page menu-item-2066\"><a href=\"https:\/\/www.siraindustrie.com\/it-it\/informazioni-generali\/\" class=\"elementor-sub-item\" tabindex=\"-1\">Informazioni generali<\/a><\/li>\n\t<li class=\"menu-item menu-item-type-post_type menu-item-object-page menu-item-2065\"><a href=\"https:\/\/www.siraindustrie.com\/it-it\/vantaggi-di-un-impianto-faral\/\" class=\"elementor-sub-item\" tabindex=\"-1\">Vantaggi di un impianto Faral<\/a><\/li>\n<\/ul>\n<\/li>\n<li class=\"menu-item menu-item-type-post_type menu-item-object-page menu-item-2064\"><a href=\"https:\/\/www.siraindustrie.com\/it-it\/rete-vendita-faral\/\" class=\"elementor-item\" tabindex=\"-1\">RETE VENDITA<\/a><\/li>\n<\/ul>\t\t\t<\/nav>\n\t\t\t\t\t\t<\/div>\n\t\t\t\t<\/div>\n\t\t\t\t<div data-dce-advanced-background-color=\"#ffffff\" class=\"elementor-element elementor-element-a40f939 elementor-hidden-desktop elementor-nav-menu__text-align-aside elementor-nav-menu--toggle elementor-nav-menu--burger elementor-widget elementor-widget-nav-menu\" data-id=\"a40f939\" data-element_type=\"widget\" data-settings=\"{&quot;layout&quot;:&quot;dropdown&quot;,&quot;sticky&quot;:&quot;bottom&quot;,&quot;submenu_icon&quot;:{&quot;value&quot;:&quot;&lt;i class=\\&quot;fas fa-chevron-down\\&quot; aria-hidden=\\&quot;true\\&quot;&gt;&lt;\\\/i&gt;&quot;,&quot;library&quot;:&quot;fa-solid&quot;},&quot;toggle&quot;:&quot;burger&quot;,&quot;sticky_on&quot;:[&quot;desktop&quot;,&quot;tablet&quot;,&quot;mobile&quot;],&quot;sticky_offset&quot;:0,&quot;sticky_effects_offset&quot;:0,&quot;sticky_anchor_link_offset&quot;:0}\" data-widget_type=\"nav-menu.default\">\n\t\t\t\t<div class=\"elementor-widget-container\">\n\t\t\t\t\t\t\t<div class=\"elementor-menu-toggle\" role=\"button\" tabindex=\"0\" aria-label=\"Menu di commutazione\" aria-expanded=\"false\">\n\t\t\t<i aria-hidden=\"true\" role=\"presentation\" class=\"elementor-menu-toggle__icon--open eicon-menu-bar\"><\/i><i aria-hidden=\"true\" role=\"presentation\" class=\"elementor-menu-toggle__icon--close eicon-close\"><\/i>\t\t<\/div>\n\t\t\t\t\t<nav class=\"elementor-nav-menu--dropdown elementor-nav-menu__container\" aria-hidden=\"true\">\n\t\t\t\t<ul id=\"menu-2-a40f939\" class=\"elementor-nav-menu\"><li class=\"menu-item menu-item-type-post_type menu-item-object-page menu-item-has-children menu-item-815\"><a href=\"https:\/\/www.siraindustrie.com\/it-it\/sira-industrie-die-cast-division\/\" class=\"elementor-item\" tabindex=\"-1\">Die cast Division di Sira Industrie<\/a>\n<ul class=\"sub-menu elementor-nav-menu--dropdown\">\n\t<li class=\"menu-item menu-item-type-post_type menu-item-object-page menu-item-817\"><a href=\"https:\/\/www.siraindustrie.com\/it-it\/sira-industrie-die-cast-division\/sirpress\/\" class=\"elementor-sub-item\" tabindex=\"-1\">Sirpress<\/a><\/li>\n\t<li class=\"menu-item menu-item-type-post_type menu-item-object-page menu-item-5994\"><a href=\"https:\/\/www.siraindustrie.com\/it-it\/sira-industrie-die-cast-division\/sai-sira-automation-industry\/\" class=\"elementor-sub-item\" tabindex=\"-1\">SAI Sira Automation Industry<\/a><\/li>\n\t<li class=\"menu-item menu-item-type-post_type menu-item-object-page menu-item-818\"><a href=\"https:\/\/www.siraindustrie.com\/it-it\/sira-industrie-die-cast-division\/emilpress\/\" class=\"elementor-sub-item\" tabindex=\"-1\">Emilpress<\/a><\/li>\n\t<li class=\"menu-item menu-item-type-post_type menu-item-object-page menu-item-6230\"><a href=\"https:\/\/www.siraindustrie.com\/it-it\/sira-industrie-die-cast-division\/sirtec-srl\/\" class=\"elementor-sub-item\" tabindex=\"-1\">Sirtec Srl<\/a><\/li>\n\t<li class=\"menu-item menu-item-type-post_type menu-item-object-page menu-item-816\"><a href=\"https:\/\/www.siraindustrie.com\/it-it\/sira-industrie-die-cast-division\/sinapress\/\" class=\"elementor-sub-item\" tabindex=\"-1\">Sira (Tianjin) Aluminium Products Co., Ltd<\/a><\/li>\n<\/ul>\n<\/li>\n<li class=\"menu-item menu-item-type-post_type menu-item-object-page menu-item-813\"><a href=\"https:\/\/www.siraindustrie.com\/it-it\/sira-industrie-die-cast-division\/servizi-e-tecnologie\/\" class=\"elementor-item\" tabindex=\"-1\">Servizi e tecnologie<\/a><\/li>\n<li class=\"menu-item menu-item-type-custom menu-item-object-custom menu-item-837\"><a href=\"#punti-di-forza\" class=\"elementor-item elementor-item-anchor\" tabindex=\"-1\">Punti di Forza<\/a><\/li>\n<li class=\"menu-item menu-item-type-custom menu-item-object-custom menu-item-836\"><a href=\"#principi-valori\" class=\"elementor-item elementor-item-anchor\" tabindex=\"-1\">Principi e valori<\/a><\/li>\n<li class=\"menu-item menu-item-type-custom menu-item-object-custom menu-item-979\"><a href=\"#qualita\" class=\"elementor-item elementor-item-anchor\" tabindex=\"-1\">Controllo Qualit\u00e0 e Certificazioni<\/a><\/li>\n<\/ul>\t\t\t<\/nav>\n\t\t\t\t\t\t<\/div>\n\t\t\t\t<\/div>\n\t\t\t\t\t<\/div>\n\t\t<\/div>\n\t\t\t\t<div class=\"elementor-column elementor-col-50 elementor-top-column elementor-element elementor-element-20c296e\" data-id=\"20c296e\" data-element_type=\"column\">\n\t\t\t<div class=\"elementor-widget-wrap elementor-element-populated\">\n\t\t\t\t\t\t<div class=\"elementor-element elementor-element-2b6ed38 elementor-widget elementor-widget-image\" data-id=\"2b6ed38\" data-element_type=\"widget\" data-widget_type=\"image.default\">\n\t\t\t\t<div class=\"elementor-widget-container\">\n\t\t\t\t\t\t\t\t\t\t\t\t\t\t\t<img fetchpriority=\"high\" decoding=\"async\" width=\"3437\" height=\"943\" src=\"https:\/\/www.siraindustrie.com\/wp-content\/uploads\/2024\/06\/FARAL_heating-division_PANTONE_POS.png\" class=\"attachment-full size-full wp-image-6068\" alt=\"\" srcset=\"https:\/\/www.siraindustrie.com\/wp-content\/uploads\/2024\/06\/FARAL_heating-division_PANTONE_POS.png 3437w, https:\/\/www.siraindustrie.com\/wp-content\/uploads\/2024\/06\/FARAL_heating-division_PANTONE_POS-300x82.png 300w, https:\/\/www.siraindustrie.com\/wp-content\/uploads\/2024\/06\/FARAL_heating-division_PANTONE_POS-1024x281.png 1024w, https:\/\/www.siraindustrie.com\/wp-content\/uploads\/2024\/06\/FARAL_heating-division_PANTONE_POS-768x211.png 768w, https:\/\/www.siraindustrie.com\/wp-content\/uploads\/2024\/06\/FARAL_heating-division_PANTONE_POS-1536x421.png 1536w, https:\/\/www.siraindustrie.com\/wp-content\/uploads\/2024\/06\/FARAL_heating-division_PANTONE_POS-2048x562.png 2048w, https:\/\/www.siraindustrie.com\/wp-content\/uploads\/2024\/06\/FARAL_heating-division_PANTONE_POS-18x5.png 18w\" sizes=\"(max-width: 3437px) 100vw, 3437px\" \/>\t\t\t\t\t\t\t\t\t\t\t\t\t\t\t<\/div>\n\t\t\t\t<\/div>\n\t\t\t\t<div data-dce-title-color=\"#EFC94D\" class=\"elementor-element elementor-element-3cf4797 elementor-widget elementor-widget-heading\" data-id=\"3cf4797\" data-element_type=\"widget\" data-widget_type=\"heading.default\">\n\t\t\t\t<div class=\"elementor-widget-container\">\n\t\t\t\t\t<h2 class=\"elementor-heading-title elementor-size-default\">QUALIT\u00c0<\/h2>\t\t\t\t<\/div>\n\t\t\t\t<\/div>\n\t\t\t\t<div class=\"elementor-element elementor-element-4f066da elementor-widget-divider--view-line elementor-widget elementor-widget-divider\" data-id=\"4f066da\" data-element_type=\"widget\" data-widget_type=\"divider.default\">\n\t\t\t\t<div class=\"elementor-widget-container\">\n\t\t\t\t\t\t\t<div class=\"elementor-divider\">\n\t\t\t<span class=\"elementor-divider-separator\">\n\t\t\t\t\t\t<\/span>\n\t\t<\/div>\n\t\t\t\t\t\t<\/div>\n\t\t\t\t<\/div>\n\t\t\t\t<div class=\"elementor-element elementor-element-204858a elementor-widget elementor-widget-text-editor\" data-id=\"204858a\" data-element_type=\"widget\" data-widget_type=\"text-editor.default\">\n\t\t\t\t<div class=\"elementor-widget-container\">\n\t\t\t\t\t\t\t\t\t<div class=\"typoAbs\"><h3><strong><img decoding=\"async\" class=\"size-full wp-image-2045 alignleft\" src=\"https:\/\/www.siraindustrie.com\/wp-content\/uploads\/2020\/12\/FARAL_monogramma-testo.png\" alt=\"\" width=\"31\" height=\"30\" \/> QUALIT\u00c0 TOTALE<\/strong><\/h3><p>Ogni radiatore FARAL \u00e8 il risultato di uno sforzo tecnologico che concilia estetica e prestazioni. Tecnica evoluta, affidabilit\u00e0 e lavorazioni completamente automatizzate si affiancano quotidianamente all\u2019occhio dei nostri esperti in uno stabilimento produttivo altamente sviluppato ed automatizzato, dove ogni singola attivit\u00e0 ed ogni fase della lavorazione vengono gestite secondo il \u201cFQPES\u201d (Faral Quality and Production Excellence System).<\/p><h3><strong><img decoding=\"async\" class=\"size-full wp-image-2045 alignleft\" src=\"https:\/\/www.siraindustrie.com\/wp-content\/uploads\/2020\/12\/FARAL_monogramma-testo.png\" alt=\"\" width=\"31\" height=\"30\" \/> CONTROLLI<\/strong><\/h3><p>Il procedimento della colata a pressione, convenzionalmente chiamata pressofusione, \u00e8 l\u2019arte di produrre getti pressando il metallo fuso in una forma dove solidifica con rapidit\u00e0. Ci\u00f2 significa uniformit\u00e0 dei pezzi, spessori sottili, profili nitidi e superfici levigate. La lega di alluminio viene iniettata a 500 atmosfere e ad alta velocit\u00e0 nelle macchine stampatrici prima che i radiatori passino all\u2019assemblaggio e alla verniciatura.<br \/>Pulizia quotidiana dei forni, controlli visivi e collaudi a campione per rilevare eventuali imperfezioni, sono solo alcune delle tappe che i prodotti FARAL devono superare nell\u2019applicazione rigorosa del controllo qualit\u00e0.<\/p><h3><strong><img decoding=\"async\" class=\"size-full wp-image-2045 alignleft\" src=\"https:\/\/www.siraindustrie.com\/wp-content\/uploads\/2020\/12\/FARAL_monogramma-testo.png\" alt=\"\" width=\"31\" height=\"30\" \/> MATERIALI<\/strong><\/h3><p>I radiatori Faral sono prodotti con lega di primaria qualit\u00e0. La denominazione conforme alla normativa italiana con cui viene designata la lega utilizzata da FARAL \u00e8 UNI 5076-74, mentre in base alla norma europea EN 46100 la nuova identificazione \u00e8 EN 132\/12 Al Si9 Cu. La qualit\u00e0 della lega di alluminio, gi\u00e0 certificata al momento della fornitura dei pani, \u00e8 costantemente verificata con lo spettrometro di massa. A questi controlli fanno seguito prelievi di controllo sistematici, cos\u00ec come test per la determinazione del contenuto di gas nella lega fusa.<\/p><h3><strong><img decoding=\"async\" class=\"size-full wp-image-2045 alignleft\" src=\"https:\/\/www.siraindustrie.com\/wp-content\/uploads\/2020\/12\/FARAL_monogramma-testo.png\" alt=\"\" width=\"31\" height=\"30\" \/> AUTOMAZIONE<\/strong><\/h3><p>Smerigliatura, saldatura, filettatura e lamatura sono le operazioni che precedono l\u2019assemblaggio degli elementi in batterie a seconda delle esigenze del cliente, da 4 fino a 15 elementi. L\u2019elevato livello di automazione di queste lavorazioni, nonch\u00e9 la presenza costante di operatori con compiti specifici di sorveglianza e controllo, consentono di ottimizzare il livello qualitativo della produzione e di diminuire i rischi di scarto alle lavorazioni successive.<\/p><h3><strong><img decoding=\"async\" class=\"size-full wp-image-2045 alignleft\" src=\"https:\/\/www.siraindustrie.com\/wp-content\/uploads\/2020\/12\/FARAL_monogramma-testo.png\" alt=\"\" width=\"31\" height=\"30\" \/> VERNICIATURA<\/strong><\/h3><p>I radiatori FARAL sono sottoposti a un procedimento di doppia deposizione e cottura dei pigmenti utilizzati e a una serie di controlli esclusivi che garantiscono il rispetto dei tempi di permanenza di ogni singola stazione di lavorazione anche in caso di black out. Ci\u00f2 significa assoluta stabilit\u00e0 delle caratteristiche del radiatore finito. Inoltre le vernici utilizzate da FARAL per la ricopertura dei propri radiatori sono certificate come atossiche e, quindi, innocue. Quelle utilizzate per la verniciatura finale rientrano ampiamente nei limiti prescritti per i prodotti usati per la verniciatura dei giocattoli. Ci\u00f2 significa che in caso di incendio la reazione al fuoco dei radiatori FARAL non procura sviluppo di vapori o fumi tossici.<\/p><h3><strong><img decoding=\"async\" class=\"size-full wp-image-2045 alignleft\" src=\"https:\/\/www.siraindustrie.com\/wp-content\/uploads\/2020\/12\/FARAL_monogramma-testo.png\" alt=\"\" width=\"31\" height=\"30\" \/> CONVERSIONE<\/strong><\/h3><p>All\u2019esclusivo ciclo di pretrattamento delle superfici interne ed esterne fa seguito un complesso ciclo di sgrassaggio alcalino ad alta temperatura, disossidazione acida e il trattamento di conversione. In questo passaggio fondamentale la superficie di alluminio viene convertita in un film inerte di ossido di alluminio legato chimicamente al prodotto passivante. Il mantenimento di parametri di controllo molto ristretti garantisce l\u2019assoluta mancanza di residui salini sui pezzi trattati cos\u00ec come la formazione e l\u2019accumulo di gas all\u2019interno dell\u2019impianto.<\/p><\/div>\t\t\t\t\t\t\t\t<\/div>\n\t\t\t\t<\/div>\n\t\t\t\t\t<\/div>\n\t\t<\/div>\n\t\t\t\t\t<\/div>\n\t\t<\/section>\n\t\t\t\t<\/div>\n\t\t","protected":false},"excerpt":{"rendered":"<p>QUALIT\u00c0 QUALIT\u00c0 TOTALE Ogni radiatore FARAL \u00e8 il risultato di uno sforzo tecnologico che concilia estetica e prestazioni. Tecnica evoluta, affidabilit\u00e0 e lavorazioni completamente automatizzate si affiancano quotidianamente all\u2019occhio dei nostri esperti in uno stabilimento produttivo altamente sviluppato ed automatizzato, dove ogni singola attivit\u00e0 ed ogni fase della lavorazione vengono gestite secondo il \u201cFQPES\u201d (Faral [&hellip;]<\/p>\n","protected":false},"author":3,"featured_media":777,"parent":0,"menu_order":0,"comment_status":"closed","ping_status":"closed","template":"","meta":{"_acf_changed":false,"footnotes":""},"yst_prominent_words":[22,374,177,410,347,431,428,426,425,432,349,45,32,24,355,434,429,430,433,427],"class_list":["post-1662","page","type-page","status-publish","has-post-thumbnail","hentry"],"acf":[],"_links":{"self":[{"href":"https:\/\/www.siraindustrie.com\/it-it\/wp-json\/wp\/v2\/pages\/1662","targetHints":{"allow":["GET"]}}],"collection":[{"href":"https:\/\/www.siraindustrie.com\/it-it\/wp-json\/wp\/v2\/pages"}],"about":[{"href":"https:\/\/www.siraindustrie.com\/it-it\/wp-json\/wp\/v2\/types\/page"}],"author":[{"embeddable":true,"href":"https:\/\/www.siraindustrie.com\/it-it\/wp-json\/wp\/v2\/users\/3"}],"replies":[{"embeddable":true,"href":"https:\/\/www.siraindustrie.com\/it-it\/wp-json\/wp\/v2\/comments?post=1662"}],"version-history":[{"count":25,"href":"https:\/\/www.siraindustrie.com\/it-it\/wp-json\/wp\/v2\/pages\/1662\/revisions"}],"predecessor-version":[{"id":6096,"href":"https:\/\/www.siraindustrie.com\/it-it\/wp-json\/wp\/v2\/pages\/1662\/revisions\/6096"}],"wp:featuredmedia":[{"embeddable":true,"href":"https:\/\/www.siraindustrie.com\/it-it\/wp-json\/wp\/v2\/media\/777"}],"wp:attachment":[{"href":"https:\/\/www.siraindustrie.com\/it-it\/wp-json\/wp\/v2\/media?parent=1662"}],"wp:term":[{"taxonomy":"yst_prominent_words","embeddable":true,"href":"https:\/\/www.siraindustrie.com\/it-it\/wp-json\/wp\/v2\/yst_prominent_words?post=1662"}],"curies":[{"name":"wp","href":"https:\/\/api.w.org\/{rel}","templated":true}]}}