{"id":169,"date":"2019-10-18T14:38:26","date_gmt":"2019-10-18T12:38:26","guid":{"rendered":"http:\/\/siragroup.dev.elogic.it\/?page_id=169"},"modified":"2025-11-18T11:29:38","modified_gmt":"2025-11-18T10:29:38","slug":"privacy-policy","status":"publish","type":"page","link":"https:\/\/www.siraindustrie.com\/it-it\/privacy-policy\/","title":{"rendered":"Privacy Policy"},"content":{"rendered":"\t\t<div data-elementor-type=\"wp-page\" data-elementor-id=\"169\" class=\"elementor elementor-169\" data-elementor-post-type=\"page\">\n\t\t\t\t\t\t<section class=\"elementor-section elementor-top-section elementor-element elementor-element-420350b elementor-section-boxed elementor-section-height-default elementor-section-height-default\" data-id=\"420350b\" data-element_type=\"section\">\n\t\t\t\t\t\t<div class=\"elementor-container elementor-column-gap-default\">\n\t\t\t\t\t<div class=\"elementor-column elementor-col-100 elementor-top-column elementor-element elementor-element-539e882\" data-id=\"539e882\" data-element_type=\"column\">\n\t\t\t<div class=\"elementor-widget-wrap elementor-element-populated\">\n\t\t\t\t\t\t<div class=\"elementor-element elementor-element-8fa3816 elementor-widget elementor-widget-text-editor\" data-id=\"8fa3816\" data-element_type=\"widget\" data-settings=\"{&quot;enabled_visibility&quot;:&quot;yes&quot;,&quot;dce_visibility_selected&quot;:&quot;yes&quot;}\" data-widget_type=\"text-editor.default\">\n\t\t\t\t<div class=\"elementor-widget-container\">\n\t\t\t\t\t\t\t\t\t<p><span style=\"font-weight: 400;\">INFORMATIVA SUL TRATTAMENTO DEI DATI PERSONALI<\/span><\/p><ol><li style=\"font-weight: 400;\" aria-level=\"1\"><span style=\"font-weight: 400;\">INTRODUZIONE\u00a0<\/span><\/li><\/ol><p><span style=\"font-weight: 400;\">Soggetti interessati: utenti del sito web www.siraindustrie.com<\/span><\/p><p><span style=\"font-weight: 400;\">La Sira Industrie S.p.A., con Sede in Rastignano (BO), Via Bellini, 11 ,Tel. 051 6268411 \u2013 mail\u00a0<\/span><a href=\"mailto:sira@siragroup.it\"><span style=\"font-weight: 400;\">sira@siragroup.it<\/span><\/a><span style=\"font-weight: 400;\">,<\/span><span style=\"font-weight: 400;\"> (da ora in avanti SIRA) in qualit\u00e0 di Titolare del trattamento dei dati personali con il presente documento intende\u00a0 fornire agli utenti del proprio sito, ai sensi e per gli effetti degli artt. 13 e 14 del Regolamento Europeo 2016\/679, un\u2019adeguata informativa in merito alle modalit\u00e0, finalit\u00e0 e ambito di comunicazione e diffusione dei dati personali trattati ed in merito ai diritti riconosciuti agli interessati dalla normativa attualmente vigente.<\/span><\/p><p><span style=\"font-weight: 400;\">Le informazioni ed i dati personali forniti od altrimenti acquisti nell\u2019ambito dell\u2019utilizzo del sito saranno trattati in accordo alle disposizioni legislative della normativa sopra richiamata e degli obblighi di riservatezza ivi previsti.<\/span><\/p><ol><li style=\"font-weight: 400;\" aria-level=\"1\"><span style=\"font-weight: 400;\">\u00a0TIPOLOGIA DI DATI TRATTATI<\/span><\/li><\/ol><p><span style=\"font-weight: 400;\">SIRA tratta i dati personali strettamente necessari alle finalit\u00e0 del trattamento indicato nella presente informativa.<\/span><\/p><p><span style=\"font-weight: 400;\">In particolare, i dati trattati dal Titolare sono i seguenti:<\/span><\/p><ol><li><span style=\"font-weight: 400;\">a) Dati di navigazione<\/span><\/li><\/ol><p><span style=\"font-weight: 400;\">I sistemi informatici e le procedure software preposte al funzionamento di questo sito web acquisiscono, nel corso del loro normale esercizio, alcuni dati personali la cui trasmissione \u00e8 implicita nell\u2019uso dei protocolli di comunicazione di internet.<\/span><\/p><p><span style=\"font-weight: 400;\">Si tratta di informazioni che non sono raccolte per essere associate a soggetti interessati identificati, ma che per la loro stessa natura, potrebbero, attraverso elaborazioni ed associazioni con dati detenuti da terzi, permettere di identificare gli utenti. In questa categoria rientrano gli indirizzi IP, o i nomi di dominio utilizzati dagli utenti che si connettono al sito, gli indirizzi in notazione URI (Uniform Resource Identifier) delle risorse richieste, l\u2019orario della richiesta, il metodo utilizzato nel sottoporre la richiesta al server, la dimensione del file ottenuto, etc.<\/span><\/p><ol><li><span style=\"font-weight: 400;\">b) Dati di navigazione finalizzati alla profilazione quali cookie statistici\u00a0<\/span><\/li><\/ol><p><span style=\"font-weight: 400;\">I Cookie sono piccole stringhe di testo che il sito invia al terminale dell\u2019utente, dove vengono memorizzati per poi essere ritrasmessi al sito alla successiva visita.\u00a0<\/span><\/p><p><span style=\"font-weight: 400;\">Il presente sito internet utilizza dei cookie per aiutare gli utenti a personalizzare la propria esperienza, velocizzare la navigazione, aumentare la sicurezza, analizzare l\u2019utilizzo e l\u2019efficienza dei servizi e offrire informazioni commerciali.<\/span><\/p><p><span style=\"font-weight: 400;\">Questi dati vengono utilizzati al solo fine di ricavare informazioni statistiche anonime e aggregate sull\u2019uso del sito e per controllarne il corretto funzionamento, e risiedono in maniera permanente su server di terzi (hosting provider).<\/span><\/p><p><span style=\"font-weight: 400;\">Gli utenti al primo accesso hanno la possibilit\u00e0 di confermare l\u2019installazione o meno dei cookie disponibili, accedendo alla pagina a ci\u00f2 dedicata sul browser utilizzato.<\/span><\/p><ol><li><span style=\"font-weight: 400;\">c) Dati comuni forniti dall\u2019utente<\/span><\/li><\/ol><p><span style=\"font-weight: 400;\">Il Titolare tratta i dati comuni (nome, cognome, recapiti telefonici e telematici) che l\u2019utente del sito gli vorr\u00e0 liberamente fornire mediante la compilazione del form presente alla pagina \u201cContattaci\u201d.<\/span><\/p><ol><li style=\"font-weight: 400;\" aria-level=\"1\"><span style=\"font-weight: 400;\">FINALITA\u2019 DI TRATTAMENTO<\/span><\/li><\/ol><p><span style=\"font-weight: 400;\">I dati raccolti durante la navigazione verranno trattati per le seguenti finalit\u00e0:<\/span><\/p><ol start=\"6\"><li><span style=\"font-weight: 400;\"> svolgimento di operazioni strettamente connesse e strumentali alla gestione dei rapporti con gli utenti o dei visitatori del sito, sulla base giuridica dell\u2019esecuzione delle misure precontrattuali adottate su richiesta dello stesso (art. 6.1.b) del Regolamento n. 2016\/679 in quanto il trattamento \u00e8 necessario all\u2019erogazione del Servizio;<\/span><\/li><li><span style=\"font-weight: 400;\"> raccolta, conservazione ed elaborazione dei dati di navigazione per:<\/span><\/li><\/ol><ul><li><span style=\"font-weight: 400;\"> analisi statistiche anche in forma anonima e\/o aggregata;<\/span><\/li><li><span style=\"font-weight: 400;\"> analisi statistiche volte alla verifica della qualit\u00e0 dei servizi offerti dal sito;<\/span><\/li><\/ul><p><span style=\"font-weight: 400;\">La base giuridica del trattamento per la finalit\u00e0 B \u00e8 il consenso come definito dall\u2019art. 6.1.a) del Regolamento n. 2016\/679 che viene prestato dall\u2019utente cliccando il tasto \u201cACCETTARE\u201d presente nella finestra POP-UP che compare nella parte bassa sinistra dello schermo al momento dell\u2019apertura del sito.<\/span><\/p><ol><li><span style=\"font-weight: 400;\"> contatto diretto dell\u2019utente da parte di incaricato del Titolare:<\/span><\/li><\/ol><p><span style=\"font-weight: 400;\">Con la compilazione del form presente nella pagina del sito \u201cContattaci\u201d i dati comuni forniti volontariamente dall\u2019utente, quali nome, cognome, recapiti telefonici e telematici, saranno utilizzati dal Titolare per contattare l\u2019utente e fornirgli informazioni e chiarimenti di natura commerciale.<\/span><\/p><p><span style=\"font-weight: 400;\">La base giuridica del trattamento per la finalit\u00e0 C \u00e8 il consenso come definito dall\u2019art. 6.1.a) del Regolamento n. 2016\/679 e viene prestato dall\u2019utente mediante l\u2019apposizione di una spunta affianco alla frase \u201cho letto e accetto l&#8217;informativa sulla privacy\u201d presente in calce al form per la comunicazione dei dati.<\/span><\/p><p><span style=\"font-weight: 400;\">Il conferimento dei dati indicati nella finalit\u00e0 B e C \u00e8 facoltativo, ed un suo eventuale rifiuto al trattamento non compromette le funzionalit\u00e0 e i servizi presenti sul sito.\u00a0<\/span><\/p><ol><li style=\"font-weight: 400;\" aria-level=\"1\"><span style=\"font-weight: 400;\">MODALIT\u00c0 DI TRATTAMENTO E PERIODO DI CONSERVAZIONE DEI DATI<\/span><\/li><\/ol><p><span style=\"font-weight: 400;\">I dati personali sono trattati con strumenti elettronici e anche mediante cookie nel\u00a0 rispetto delle modalit\u00e0 indicate di cui agli artt. 6, 32 del GDPR e mediante l\u2019adozione delle adeguate misure di sicurezza previste.<\/span><\/p><p><span style=\"font-weight: 400;\">I dati vengono trattati ed archiviati presso la sede del Titolare e presso il provider E-Logic Srl i cui server fisici sono tutti ubicati in Italia.<\/span><\/p><p><span style=\"font-weight: 400;\">I dati di navigazione raccolti automaticamente sono conservati per il tempo strettamente necessario all\u2019elaborazione a fini statistici.<\/span><\/p><p><span style=\"font-weight: 400;\">I dati personali forniti volontariamente dall\u2019utente, nei casi e con i contenuti dettagliati al par. 2.C, sono conservati fino a quando l\u2019interessato non ne chieda esplicitamente la cancellazione e, comunque, per un periodo non superiore a dieci anni dall\u2019invio.<\/span><\/p><ol><li style=\"font-weight: 400;\" aria-level=\"1\"><span style=\"font-weight: 400;\">COMUNICAZIONE E DESTINATARI TRATTAMENTO<\/span><\/li><\/ol><p><span style=\"font-weight: 400;\">I dati sono trattati all\u2019interno dell\u2019azienda dalle seguenti categorie di persone autorizzate al trattamento dei dati personali dal Titolare:<\/span><\/p><ul><li><span style=\"font-weight: 400;\"> Uff. commerciale;<\/span><\/li><li><span style=\"font-weight: 400;\"> Sistemi informativi.<\/span><\/li><\/ul><p><span style=\"font-weight: 400;\">I dati\u00a0 possono essere comunicati a terzi, in particolare a:<\/span><\/p><ul><li><span style=\"font-weight: 400;\"> Provider esterno;<\/span><\/li><li><span style=\"font-weight: 400;\"> Societ\u00e0 che effettuano la manutenzione ordinaria e straordinaria del sito web;<\/span><\/li><li><span style=\"font-weight: 400;\"> Societ\u00e0 che si occupano del controllo e supervisione dei report generati dai cookie;<\/span><\/li><li><span style=\"font-weight: 400;\"> Societ\u00e0 che erogano i servizi relativi ai cookie di terze parti.<\/span><\/li><\/ul><p><span style=\"font-weight: 400;\">I dati dell\u2019Utente non saranno diffusi o comunicati ad altri soggetti oltre a quelli previamente indicati.<\/span><\/p><ol><li style=\"font-weight: 400;\" aria-level=\"1\"><span style=\"font-weight: 400;\">DIRITTI DEGLI INTERESSATI<\/span><\/li><\/ol><p><span style=\"font-weight: 400;\">L\u2019utente ha diritto di ottenere dal Titolare la cancellazione (diritto all\u2019oblio), la limitazione, l\u2019aggiornamento, la rettificazione, la portabilit\u00e0, l\u2019opposizione al trattamento dei dati personali che lo riguardano, nonch\u00e9 in generale pu\u00f2 esercitare tutti i diritti previsti dagli artt. 15, 16, 17, 18, 19, 20, 21, 22 del Regolamento n. 2016\/679.<\/span><\/p><p><span style=\"font-weight: 400;\">In particolare, l\u2019utente ha il diritto di:<\/span><\/p><ul><li style=\"font-weight: 400;\" aria-level=\"1\"><b>revocare il consenso in ogni momento<\/b><span style=\"font-weight: 400;\">. L\u2019utente pu\u00f2 revocare il consenso al trattamento dei propri dati Personali precedentemente espresso;<\/span><\/li><li style=\"font-weight: 400;\" aria-level=\"1\"><b>opporsi al trattamento dei propri dati<\/b><span style=\"font-weight: 400;\">. L\u2019utente pu\u00f2 opporsi al trattamento dei propri dati quando esso avviene su una base giuridica diversa dal consenso;<\/span><\/li><li style=\"font-weight: 400;\" aria-level=\"1\"><b>accedere ai propri dati<\/b><span style=\"font-weight: 400;\">. L\u2019utente ha diritto ad ottenere informazioni sui Dati trattati dal Titolare, su determinati aspetti del trattamento ed a ricevere una copia dei dati trattati;<\/span><\/li><li style=\"font-weight: 400;\" aria-level=\"1\"><b>verificare e chiedere la rettificazione<\/b><span style=\"font-weight: 400;\">. L\u2019utente pu\u00f2 verificare la correttezza dei propri dati e richiederne l\u2019aggiornamento o la correzione;<\/span><\/li><li style=\"font-weight: 400;\" aria-level=\"1\"><b>ottenere la limitazione del trattamento<\/b><span style=\"font-weight: 400;\">. Quando ricorrono determinate condizioni, l\u2019utente pu\u00f2 richiedere la limitazione del trattamento dei propri dati. In tal caso il Titolare non tratter\u00e0 i dati per alcun altro scopo se non la loro conservazione;<\/span><\/li><li style=\"font-weight: 400;\" aria-level=\"1\"><b>ottenere la cancellazione o rimozione dei propri dati personali.<\/b><span style=\"font-weight: 400;\"> Quando ricorrono determinate condizioni, l\u2019utente pu\u00f2 richiedere la cancellazione dei propri dati da parte del Titolare;<\/span><\/li><li style=\"font-weight: 400;\" aria-level=\"1\"><b>ricevere i propri dati o farli trasferire ad altro titolare.<\/b><span style=\"font-weight: 400;\"> L\u2019utente ha diritto di ricevere i propri dati in formato strutturato, di uso comune e leggibile da dispositivo automatico e, ove tecnicamente fattibile, di ottenerne il trasferimento senza ostacoli ad un altro titolare. Questa disposizione \u00e8 applicabile quando i dati sono trattati con strumenti automatizzati ed il trattamento \u00e8 basato sul consenso dell\u2019utente, su un contratto di cui l\u2019utente \u00e8 parte o su misure contrattuali ad esso connesse;<\/span><\/li><li style=\"font-weight: 400;\" aria-level=\"1\"><b>proporre reclamo. <\/b><span style=\"font-weight: 400;\">L\u2019utente pu\u00f2 proporre un reclamo all\u2019autorit\u00e0 di controllo della protezione dei dati personali competente o agire in sede giudiziale.<\/span><\/li><\/ul><p><span style=\"font-weight: 400;\">L\u2019utente, pu\u00f2 contattare Sira Industrie S.p.A. mediante invio di una e-mail all\u2019indirizzo <\/span><a href=\"mailto:sira@siragroup.it\"><span style=\"font-weight: 400;\">sira@siragroup.it<\/span><\/a><span style=\"font-weight: 400;\"> per ricevere chiarimenti in merito alla presente informativa o per l\u2019esercizio dei diritti sopra indicati.<\/span><\/p>\t\t\t\t\t\t\t\t<\/div>\n\t\t\t\t<\/div>\n\t\t<!-- dce invisible element 1e645d1 -->\t\t\t<\/div>\n\t\t<\/div>\n\t\t\t\t\t<\/div>\n\t\t<\/section>\n\t\t\t\t<\/div>\n\t\t","protected":false},"excerpt":{"rendered":"<p>INFORMATIVA SUL TRATTAMENTO DEI DATI PERSONALI INTRODUZIONE\u00a0 Soggetti interessati: utenti del sito web www.siraindustrie.com La Sira Industrie S.p.A., con Sede in Rastignano (BO), Via Bellini, 11 ,Tel. 051 6268411 \u2013 mail\u00a0sira@siragroup.it, (da ora in avanti SIRA) in qualit\u00e0 di Titolare del trattamento dei dati personali con il presente documento intende\u00a0 fornire agli utenti del proprio [&hellip;]<\/p>\n","protected":false},"author":1,"featured_media":0,"parent":0,"menu_order":0,"comment_status":"closed","ping_status":"closed","template":"","meta":{"_acf_changed":false,"footnotes":""},"yst_prominent_words":[320,314,308,321,315,309,322,316,323,317,252,324,325,319,318,13,242,326,310,254],"class_list":["post-169","page","type-page","status-publish","hentry"],"acf":[],"_links":{"self":[{"href":"https:\/\/www.siraindustrie.com\/it-it\/wp-json\/wp\/v2\/pages\/169","targetHints":{"allow":["GET"]}}],"collection":[{"href":"https:\/\/www.siraindustrie.com\/it-it\/wp-json\/wp\/v2\/pages"}],"about":[{"href":"https:\/\/www.siraindustrie.com\/it-it\/wp-json\/wp\/v2\/types\/page"}],"author":[{"embeddable":true,"href":"https:\/\/www.siraindustrie.com\/it-it\/wp-json\/wp\/v2\/users\/1"}],"replies":[{"embeddable":true,"href":"https:\/\/www.siraindustrie.com\/it-it\/wp-json\/wp\/v2\/comments?post=169"}],"version-history":[{"count":13,"href":"https:\/\/www.siraindustrie.com\/it-it\/wp-json\/wp\/v2\/pages\/169\/revisions"}],"predecessor-version":[{"id":6244,"href":"https:\/\/www.siraindustrie.com\/it-it\/wp-json\/wp\/v2\/pages\/169\/revisions\/6244"}],"wp:attachment":[{"href":"https:\/\/www.siraindustrie.com\/it-it\/wp-json\/wp\/v2\/media?parent=169"}],"wp:term":[{"taxonomy":"yst_prominent_words","embeddable":true,"href":"https:\/\/www.siraindustrie.com\/it-it\/wp-json\/wp\/v2\/yst_prominent_words?post=169"}],"curies":[{"name":"wp","href":"https:\/\/api.w.org\/{rel}","templated":true}]}}