{"id":2239,"date":"2020-12-18T16:36:11","date_gmt":"2020-12-18T15:36:11","guid":{"rendered":"https:\/\/www.siraindustrie.com\/?page_id=2239"},"modified":"2023-06-15T11:21:58","modified_gmt":"2023-06-15T09:21:58","slug":"ips-pasotti-garanzia-e-certificazioni","status":"publish","type":"page","link":"https:\/\/www.siraindustrie.com\/it-it\/ips-pasotti-garanzia-e-certificazioni\/","title":{"rendered":"IPS Pasotti Garanzia e certificazioni"},"content":{"rendered":"\t\t<div data-elementor-type=\"wp-page\" data-elementor-id=\"2239\" class=\"elementor elementor-2239\" data-elementor-post-type=\"page\">\n\t\t\t\t\t\t<section class=\"elementor-section elementor-top-section elementor-element elementor-element-a50d811 elementor-section-boxed elementor-section-height-default elementor-section-height-default\" data-id=\"a50d811\" data-element_type=\"section\">\n\t\t\t\t\t\t<div class=\"elementor-container elementor-column-gap-default\">\n\t\t\t\t\t<div class=\"elementor-column elementor-col-50 elementor-top-column elementor-element elementor-element-932a7b1\" data-id=\"932a7b1\" data-element_type=\"column\" data-settings=\"{&quot;background_background&quot;:&quot;classic&quot;}\">\n\t\t\t<div class=\"elementor-widget-wrap elementor-element-populated\">\n\t\t\t\t\t\t<div data-dce-advanced-background-color=\"#f7f7f7\" class=\"elementor-element elementor-element-376f582 elementor-hidden-tablet elementor-hidden-phone menu_sc menu_pasotti elementor-nav-menu__text-align-aside elementor-widget elementor-widget-nav-menu\" data-id=\"376f582\" data-element_type=\"widget\" data-settings=\"{&quot;layout&quot;:&quot;dropdown&quot;,&quot;sticky&quot;:&quot;bottom&quot;,&quot;submenu_icon&quot;:{&quot;value&quot;:&quot;&lt;i class=\\&quot;fas fa-chevron-down\\&quot; aria-hidden=\\&quot;true\\&quot;&gt;&lt;\\\/i&gt;&quot;,&quot;library&quot;:&quot;fa-solid&quot;},&quot;sticky_on&quot;:[&quot;desktop&quot;,&quot;tablet&quot;,&quot;mobile&quot;],&quot;sticky_offset&quot;:0,&quot;sticky_effects_offset&quot;:0,&quot;sticky_anchor_link_offset&quot;:0}\" data-widget_type=\"nav-menu.default\">\n\t\t\t\t<div class=\"elementor-widget-container\">\n\t\t\t\t\t\t\t\t<nav class=\"elementor-nav-menu--dropdown elementor-nav-menu__container\" aria-hidden=\"true\">\n\t\t\t\t<ul id=\"menu-2-376f582\" class=\"elementor-nav-menu\"><li class=\"menu-item menu-item-type-custom menu-item-object-custom menu-item-has-children menu-item-2192\"><a href=\"#\" class=\"elementor-item elementor-item-anchor\" tabindex=\"-1\">MARCHIO<\/a>\n<ul class=\"sub-menu elementor-nav-menu--dropdown\">\n\t<li class=\"menu-item menu-item-type-post_type menu-item-object-page menu-item-2800\"><a href=\"https:\/\/www.siraindustrie.com\/it-it\/ips-pasotti-radiatori\/\" class=\"elementor-sub-item\" tabindex=\"-1\">PRESENTAZIONE E STORIA<\/a><\/li>\n\t<li class=\"menu-item menu-item-type-post_type menu-item-object-page menu-item-2801\"><a href=\"https:\/\/www.siraindustrie.com\/it-it\/ips-pasotti-mission-e-vision\/\" class=\"elementor-sub-item\" tabindex=\"-1\">MISSION E VISION<\/a><\/li>\n\t<li class=\"menu-item menu-item-type-post_type menu-item-object-page menu-item-2803\"><a href=\"https:\/\/www.siraindustrie.com\/it-it\/ips-pasotti-qualita-e-controlli\/\" class=\"elementor-sub-item\" tabindex=\"-1\">QUALIT\u00c0 E CONTROLLO<\/a><\/li>\n\t<li class=\"menu-item menu-item-type-post_type menu-item-object-page menu-item-2804\"><a href=\"https:\/\/www.siraindustrie.com\/it-it\/ips-pasotti-nel-mondo\/\" class=\"elementor-sub-item\" tabindex=\"-1\">PASOTTI NEL MONDO<\/a><\/li>\n<\/ul>\n<\/li>\n<li class=\"menu-item menu-item-type-custom menu-item-object-custom menu-item-has-children menu-item-2197\"><a href=\"#\" class=\"elementor-item elementor-item-anchor\" tabindex=\"-1\">PRODOTTI<\/a>\n<ul class=\"sub-menu elementor-nav-menu--dropdown\">\n\t<li class=\"menu-item menu-item-type-post_type menu-item-object-page menu-item-6189\"><a href=\"https:\/\/www.siraindustrie.com\/it-it\/novita-linea-noir-antracite\/\" class=\"elementor-sub-item\" tabindex=\"-1\">NOVITA\u2019: LINEA NOIR \u2013 ANTRACITE<\/a><\/li>\n\t<li class=\"menu-item menu-item-type-post_type menu-item-object-page menu-item-has-children menu-item-2420\"><a href=\"https:\/\/www.siraindustrie.com\/it-it\/ips-pasotti-radiatori-in-alluminio-pressofuso\/\" class=\"elementor-sub-item\" tabindex=\"-1\">RADIATORI IN ALLUMINIO PRESSOFUSO<\/a>\n\t<ul class=\"sub-menu elementor-nav-menu--dropdown\">\n\t\t<li class=\"menu-item menu-item-type-post_type menu-item-object-page menu-item-2424\"><a href=\"https:\/\/www.siraindustrie.com\/it-it\/ips-pasotti-elegance-2-0\/\" class=\"elementor-sub-item\" tabindex=\"-1\">Elegance 2.0<\/a><\/li>\n\t\t<li class=\"menu-item menu-item-type-post_type menu-item-object-page menu-item-2422\"><a href=\"https:\/\/www.siraindustrie.com\/it-it\/ips-pasotti-confort-2-0\/\" class=\"elementor-sub-item\" tabindex=\"-1\">Confort 2.0<\/a><\/li>\n\t\t<li class=\"menu-item menu-item-type-post_type menu-item-object-page menu-item-2421\"><a href=\"https:\/\/www.siraindustrie.com\/it-it\/ips-pasotti-joker-2-0\/\" class=\"elementor-sub-item\" tabindex=\"-1\">Joker 2.0<\/a><\/li>\n\t<\/ul>\n<\/li>\n\t<li class=\"menu-item menu-item-type-post_type menu-item-object-page menu-item-has-children menu-item-2429\"><a href=\"https:\/\/www.siraindustrie.com\/it-it\/ips-pasotti-termoarredo-in-acciaio\/\" class=\"elementor-sub-item\" tabindex=\"-1\">TERMOARREDO IN ACCIAO<\/a>\n\t<ul class=\"sub-menu elementor-nav-menu--dropdown\">\n\t\t<li class=\"menu-item menu-item-type-post_type menu-item-object-page menu-item-2443\"><a href=\"https:\/\/www.siraindustrie.com\/it-it\/ips-pasotti-still\/\" class=\"elementor-sub-item\" tabindex=\"-1\">Still<\/a><\/li>\n\t\t<li class=\"menu-item menu-item-type-post_type menu-item-object-page menu-item-2442\"><a href=\"https:\/\/www.siraindustrie.com\/it-it\/ips-pasotti-soft-white\/\" class=\"elementor-sub-item\" tabindex=\"-1\">Soft White<\/a><\/li>\n\t\t<li class=\"menu-item menu-item-type-post_type menu-item-object-page menu-item-2441\"><a href=\"https:\/\/www.siraindustrie.com\/it-it\/ips-pasotti-soft-chrome\/\" class=\"elementor-sub-item\" tabindex=\"-1\">Soft Chrome<\/a><\/li>\n\t<\/ul>\n<\/li>\n\t<li class=\"menu-item menu-item-type-post_type menu-item-object-page menu-item-has-children menu-item-2428\"><a href=\"https:\/\/www.siraindustrie.com\/it-it\/ips-pasotti-radiatori-in-alluminio-estruso\/\" class=\"elementor-sub-item\" tabindex=\"-1\">RADIATORI IN ALLUMINIO ESTRUSO<\/a>\n\t<ul class=\"sub-menu elementor-nav-menu--dropdown\">\n\t\t<li class=\"menu-item menu-item-type-post_type menu-item-object-page menu-item-2427\"><a href=\"https:\/\/www.siraindustrie.com\/it-it\/ips-pasotti-new-age\/\" class=\"elementor-sub-item\" tabindex=\"-1\">New Age<\/a><\/li>\n\t\t<li class=\"menu-item menu-item-type-post_type menu-item-object-page menu-item-2426\"><a href=\"https:\/\/www.siraindustrie.com\/it-it\/ips-pasotti-opera\/\" class=\"elementor-sub-item\" tabindex=\"-1\">Opera<\/a><\/li>\n\t\t<li class=\"menu-item menu-item-type-post_type menu-item-object-page menu-item-2425\"><a href=\"https:\/\/www.siraindustrie.com\/it-it\/ips-pasotti-titan\/\" class=\"elementor-sub-item\" tabindex=\"-1\">Titan<\/a><\/li>\n\t<\/ul>\n<\/li>\n\t<li class=\"menu-item menu-item-type-post_type menu-item-object-page menu-item-has-children menu-item-4724\"><a href=\"https:\/\/www.siraindustrie.com\/it-it\/ips-pasotti-radiatori-a-colonna-in-acciaio\/\" class=\"elementor-sub-item\" tabindex=\"-1\">RADIATORI A COLONNA IN ACCIAIO<\/a>\n\t<ul class=\"sub-menu elementor-nav-menu--dropdown\">\n\t\t<li class=\"menu-item menu-item-type-post_type menu-item-object-page menu-item-4728\"><a href=\"https:\/\/www.siraindustrie.com\/it-it\/pasotti-rca-listino-prezzi-e-depliant\/\" class=\"elementor-sub-item\" tabindex=\"-1\">Listino Prezzi e Depliant<\/a><\/li>\n\t<\/ul>\n<\/li>\n<\/ul>\n<\/li>\n<li class=\"menu-item menu-item-type-post_type menu-item-object-page menu-item-2440\"><a href=\"https:\/\/www.siraindustrie.com\/it-it\/ips-pasotti-depliant-e-listino\/\" class=\"elementor-item\" tabindex=\"-1\">DEPLIANT<\/a><\/li>\n<li class=\"menu-item menu-item-type-post_type menu-item-object-page menu-item-2799\"><a href=\"https:\/\/www.siraindustrie.com\/it-it\/ips-pasotti-accessori\/\" class=\"elementor-item\" tabindex=\"-1\">ACCESSORI<\/a><\/li>\n<li class=\"menu-item menu-item-type-post_type menu-item-object-page menu-item-2798\"><a href=\"https:\/\/www.siraindustrie.com\/it-it\/ips-pasotti-garanzia-e-certificazioni\/\" class=\"elementor-item\" tabindex=\"-1\">GARANZIA E CERTIFICAZIONI<\/a><\/li>\n<li class=\"menu-item menu-item-type-post_type menu-item-object-page menu-item-2797\"><a href=\"https:\/\/www.siraindustrie.com\/it-it\/rete-vendita-ips-pasotti\/\" class=\"elementor-item\" tabindex=\"-1\">RETE VENDITA<\/a><\/li>\n<\/ul>\t\t\t<\/nav>\n\t\t\t\t\t\t<\/div>\n\t\t\t\t<\/div>\n\t\t\t\t<div data-dce-advanced-background-color=\"#ffffff\" class=\"elementor-element elementor-element-a40f939 elementor-hidden-desktop elementor-nav-menu__text-align-aside elementor-nav-menu--toggle elementor-nav-menu--burger elementor-widget elementor-widget-nav-menu\" data-id=\"a40f939\" data-element_type=\"widget\" data-settings=\"{&quot;layout&quot;:&quot;dropdown&quot;,&quot;sticky&quot;:&quot;bottom&quot;,&quot;submenu_icon&quot;:{&quot;value&quot;:&quot;&lt;i class=\\&quot;fas fa-chevron-down\\&quot; aria-hidden=\\&quot;true\\&quot;&gt;&lt;\\\/i&gt;&quot;,&quot;library&quot;:&quot;fa-solid&quot;},&quot;toggle&quot;:&quot;burger&quot;,&quot;sticky_on&quot;:[&quot;desktop&quot;,&quot;tablet&quot;,&quot;mobile&quot;],&quot;sticky_offset&quot;:0,&quot;sticky_effects_offset&quot;:0,&quot;sticky_anchor_link_offset&quot;:0}\" data-widget_type=\"nav-menu.default\">\n\t\t\t\t<div class=\"elementor-widget-container\">\n\t\t\t\t\t\t\t<div class=\"elementor-menu-toggle\" role=\"button\" tabindex=\"0\" aria-label=\"Menu di commutazione\" aria-expanded=\"false\">\n\t\t\t<i aria-hidden=\"true\" role=\"presentation\" class=\"elementor-menu-toggle__icon--open eicon-menu-bar\"><\/i><i aria-hidden=\"true\" role=\"presentation\" class=\"elementor-menu-toggle__icon--close eicon-close\"><\/i>\t\t<\/div>\n\t\t\t\t\t<nav class=\"elementor-nav-menu--dropdown elementor-nav-menu__container\" aria-hidden=\"true\">\n\t\t\t\t<ul id=\"menu-2-a40f939\" class=\"elementor-nav-menu\"><li class=\"menu-item menu-item-type-post_type menu-item-object-page menu-item-has-children menu-item-815\"><a href=\"https:\/\/www.siraindustrie.com\/it-it\/sira-industrie-die-cast-division\/\" class=\"elementor-item\" tabindex=\"-1\">Die cast Division di Sira Industrie<\/a>\n<ul class=\"sub-menu elementor-nav-menu--dropdown\">\n\t<li class=\"menu-item menu-item-type-post_type menu-item-object-page menu-item-817\"><a href=\"https:\/\/www.siraindustrie.com\/it-it\/sira-industrie-die-cast-division\/sirpress\/\" class=\"elementor-sub-item\" tabindex=\"-1\">Sirpress<\/a><\/li>\n\t<li class=\"menu-item menu-item-type-post_type menu-item-object-page menu-item-5994\"><a href=\"https:\/\/www.siraindustrie.com\/it-it\/sira-industrie-die-cast-division\/sai-sira-automation-industry\/\" class=\"elementor-sub-item\" tabindex=\"-1\">SAI Sira Automation Industry<\/a><\/li>\n\t<li class=\"menu-item menu-item-type-post_type menu-item-object-page menu-item-818\"><a href=\"https:\/\/www.siraindustrie.com\/it-it\/sira-industrie-die-cast-division\/emilpress\/\" class=\"elementor-sub-item\" tabindex=\"-1\">Emilpress<\/a><\/li>\n\t<li class=\"menu-item menu-item-type-post_type menu-item-object-page menu-item-6230\"><a href=\"https:\/\/www.siraindustrie.com\/it-it\/sira-industrie-die-cast-division\/sirtec-srl\/\" class=\"elementor-sub-item\" tabindex=\"-1\">Sirtec Srl<\/a><\/li>\n\t<li class=\"menu-item menu-item-type-post_type menu-item-object-page menu-item-816\"><a href=\"https:\/\/www.siraindustrie.com\/it-it\/sira-industrie-die-cast-division\/sinapress\/\" class=\"elementor-sub-item\" tabindex=\"-1\">Sira (Tianjin) Aluminium Products Co., Ltd<\/a><\/li>\n<\/ul>\n<\/li>\n<li class=\"menu-item menu-item-type-post_type menu-item-object-page menu-item-813\"><a href=\"https:\/\/www.siraindustrie.com\/it-it\/sira-industrie-die-cast-division\/servizi-e-tecnologie\/\" class=\"elementor-item\" tabindex=\"-1\">Servizi e tecnologie<\/a><\/li>\n<li class=\"menu-item menu-item-type-custom menu-item-object-custom menu-item-837\"><a href=\"#punti-di-forza\" class=\"elementor-item elementor-item-anchor\" tabindex=\"-1\">Punti di Forza<\/a><\/li>\n<li class=\"menu-item menu-item-type-custom menu-item-object-custom menu-item-836\"><a href=\"#principi-valori\" class=\"elementor-item elementor-item-anchor\" tabindex=\"-1\">Principi e valori<\/a><\/li>\n<li class=\"menu-item menu-item-type-custom menu-item-object-custom menu-item-979\"><a href=\"#qualita\" class=\"elementor-item elementor-item-anchor\" tabindex=\"-1\">Controllo Qualit\u00e0 e Certificazioni<\/a><\/li>\n<\/ul>\t\t\t<\/nav>\n\t\t\t\t\t\t<\/div>\n\t\t\t\t<\/div>\n\t\t\t\t\t<\/div>\n\t\t<\/div>\n\t\t\t\t<div class=\"elementor-column elementor-col-50 elementor-top-column elementor-element elementor-element-20c296e\" data-id=\"20c296e\" data-element_type=\"column\">\n\t\t\t<div class=\"elementor-widget-wrap elementor-element-populated\">\n\t\t\t\t\t\t<div class=\"elementor-element elementor-element-5db2799 elementor-widget elementor-widget-image\" data-id=\"5db2799\" data-element_type=\"widget\" data-widget_type=\"image.default\">\n\t\t\t\t<div class=\"elementor-widget-container\">\n\t\t\t\t\t\t\t\t\t\t\t\t\t\t\t<img decoding=\"async\" width=\"300\" height=\"82\" src=\"https:\/\/www.siraindustrie.com\/wp-content\/uploads\/2023\/06\/ips-logo-positivo-300x82.png\" class=\"attachment-medium size-medium wp-image-5740\" alt=\"\" srcset=\"https:\/\/www.siraindustrie.com\/wp-content\/uploads\/2023\/06\/ips-logo-positivo-300x82.png 300w, https:\/\/www.siraindustrie.com\/wp-content\/uploads\/2023\/06\/ips-logo-positivo-18x5.png 18w, https:\/\/www.siraindustrie.com\/wp-content\/uploads\/2023\/06\/ips-logo-positivo.png 762w\" sizes=\"(max-width: 300px) 100vw, 300px\" \/>\t\t\t\t\t\t\t\t\t\t\t\t\t\t\t<\/div>\n\t\t\t\t<\/div>\n\t\t\t\t<div class=\"elementor-element elementor-element-3cf4797 elementor-widget elementor-widget-heading\" data-id=\"3cf4797\" data-element_type=\"widget\" data-widget_type=\"heading.default\">\n\t\t\t\t<div class=\"elementor-widget-container\">\n\t\t\t\t\t<h2 class=\"elementor-heading-title elementor-size-default\"><\/br>GARANZIA E CERTIFICAZIONI<\/h2>\t\t\t\t<\/div>\n\t\t\t\t<\/div>\n\t\t\t\t<div class=\"elementor-element elementor-element-4f066da elementor-widget-divider--view-line elementor-widget elementor-widget-divider\" data-id=\"4f066da\" data-element_type=\"widget\" data-widget_type=\"divider.default\">\n\t\t\t\t<div class=\"elementor-widget-container\">\n\t\t\t\t\t\t\t<div class=\"elementor-divider\">\n\t\t\t<span class=\"elementor-divider-separator\">\n\t\t\t\t\t\t<\/span>\n\t\t<\/div>\n\t\t\t\t\t\t<\/div>\n\t\t\t\t<\/div>\n\t\t\t\t<div class=\"elementor-element elementor-element-204858a elementor-widget elementor-widget-text-editor\" data-id=\"204858a\" data-element_type=\"widget\" data-widget_type=\"text-editor.default\">\n\t\t\t\t<div class=\"elementor-widget-container\">\n\t\t\t\t\t\t\t\t\t<p>L&#8217;indiscusso valore dei radiatori a marchio Pasotti \u00e8 confermato da numerosi test effettuati dai pi\u00f9 importanti istituti europei ed internazionali di\u00a0<strong>omologazione, controllo e certificazione della qualit\u00e0<\/strong>.<\/p>\t\t\t\t\t\t\t\t<\/div>\n\t\t\t\t<\/div>\n\t\t\t\t<div class=\"elementor-element elementor-element-ae0c4d8 elementor-widget elementor-widget-image\" data-id=\"ae0c4d8\" data-element_type=\"widget\" data-widget_type=\"image.default\">\n\t\t\t\t<div class=\"elementor-widget-container\">\n\t\t\t\t\t\t\t\t\t\t\t\t\t\t\t<img decoding=\"async\" width=\"338\" height=\"50\" src=\"https:\/\/www.siraindustrie.com\/wp-content\/uploads\/2020\/12\/Loghi-garanzia-e-certificazione-Pasotti2.jpg\" class=\"attachment-full size-full wp-image-2243\" alt=\"\" srcset=\"https:\/\/www.siraindustrie.com\/wp-content\/uploads\/2020\/12\/Loghi-garanzia-e-certificazione-Pasotti2.jpg 338w, https:\/\/www.siraindustrie.com\/wp-content\/uploads\/2020\/12\/Loghi-garanzia-e-certificazione-Pasotti2-300x44.jpg 300w\" sizes=\"(max-width: 338px) 100vw, 338px\" \/>\t\t\t\t\t\t\t\t\t\t\t\t\t\t\t<\/div>\n\t\t\t\t<\/div>\n\t\t\t\t<div class=\"elementor-element elementor-element-416bdf7 elementor-widget elementor-widget-spacer\" data-id=\"416bdf7\" data-element_type=\"widget\" data-widget_type=\"spacer.default\">\n\t\t\t\t<div class=\"elementor-widget-container\">\n\t\t\t\t\t\t\t<div class=\"elementor-spacer\">\n\t\t\t<div class=\"elementor-spacer-inner\"><\/div>\n\t\t<\/div>\n\t\t\t\t\t\t<\/div>\n\t\t\t\t<\/div>\n\t\t\t\t<div class=\"elementor-element elementor-element-e013b0e elementor-widget elementor-widget-text-editor\" data-id=\"e013b0e\" data-element_type=\"widget\" data-widget_type=\"text-editor.default\">\n\t\t\t\t<div class=\"elementor-widget-container\">\n\t\t\t\t\t\t\t\t\t<p>Grazie alla solidit\u00e0 aziendale ed all&#8217;affidabilit\u00e0 universalmente riconosciuta dei suoi termosifoni, Industrie Pasotti offre una\u00a0<strong>garanzia<\/strong>\u00a0di:<\/p><ul><li>2 anni sui termoarredo in acciaio<\/li><li>15 anni sui radiatori in alluminio<\/li><li>20 anni sulla linea Bimetal.<\/li><\/ul>\t\t\t\t\t\t\t\t<\/div>\n\t\t\t\t<\/div>\n\t\t\t\t\t<\/div>\n\t\t<\/div>\n\t\t\t\t\t<\/div>\n\t\t<\/section>\n\t\t\t\t<\/div>\n\t\t","protected":false},"excerpt":{"rendered":"<p>GARANZIA E CERTIFICAZIONI L&#8217;indiscusso valore dei radiatori a marchio Pasotti \u00e8 confermato da numerosi test effettuati dai pi\u00f9 importanti istituti europei ed internazionali di\u00a0omologazione, controllo e certificazione della qualit\u00e0. Grazie alla solidit\u00e0 aziendale ed all&#8217;affidabilit\u00e0 universalmente riconosciuta dei suoi termosifoni, Industrie Pasotti offre una\u00a0garanzia\u00a0di: 2 anni sui termoarredo in acciaio 15 anni sui radiatori in [&hellip;]<\/p>\n","protected":false},"author":6,"featured_media":777,"parent":0,"menu_order":0,"comment_status":"closed","ping_status":"closed","template":"","meta":{"_acf_changed":false,"footnotes":""},"yst_prominent_words":[113,515,24],"class_list":["post-2239","page","type-page","status-publish","has-post-thumbnail","hentry"],"acf":[],"_links":{"self":[{"href":"https:\/\/www.siraindustrie.com\/it-it\/wp-json\/wp\/v2\/pages\/2239","targetHints":{"allow":["GET"]}}],"collection":[{"href":"https:\/\/www.siraindustrie.com\/it-it\/wp-json\/wp\/v2\/pages"}],"about":[{"href":"https:\/\/www.siraindustrie.com\/it-it\/wp-json\/wp\/v2\/types\/page"}],"author":[{"embeddable":true,"href":"https:\/\/www.siraindustrie.com\/it-it\/wp-json\/wp\/v2\/users\/6"}],"replies":[{"embeddable":true,"href":"https:\/\/www.siraindustrie.com\/it-it\/wp-json\/wp\/v2\/comments?post=2239"}],"version-history":[{"count":7,"href":"https:\/\/www.siraindustrie.com\/it-it\/wp-json\/wp\/v2\/pages\/2239\/revisions"}],"predecessor-version":[{"id":5758,"href":"https:\/\/www.siraindustrie.com\/it-it\/wp-json\/wp\/v2\/pages\/2239\/revisions\/5758"}],"wp:featuredmedia":[{"embeddable":true,"href":"https:\/\/www.siraindustrie.com\/it-it\/wp-json\/wp\/v2\/media\/777"}],"wp:attachment":[{"href":"https:\/\/www.siraindustrie.com\/it-it\/wp-json\/wp\/v2\/media?parent=2239"}],"wp:term":[{"taxonomy":"yst_prominent_words","embeddable":true,"href":"https:\/\/www.siraindustrie.com\/it-it\/wp-json\/wp\/v2\/yst_prominent_words?post=2239"}],"curies":[{"name":"wp","href":"https:\/\/api.w.org\/{rel}","templated":true}]}}