{"id":462,"date":"2019-10-30T17:03:39","date_gmt":"2019-10-30T16:03:39","guid":{"rendered":"http:\/\/siragroup.dev.elogic.it\/?page_id=462"},"modified":"2021-04-26T11:58:17","modified_gmt":"2021-04-26T09:58:17","slug":"servizi-esclusivi","status":"publish","type":"page","link":"https:\/\/www.siraindustrie.com\/it-it\/radiatori-per-il-riscaldamento-domestico\/servizi-esclusivi\/","title":{"rendered":"Servizi esclusivi"},"content":{"rendered":"\r\n<h2 class=\"wp-block-heading\"><b>SERVIZI ESCLUSIVI<\/b><\/h2>\r\n<p><span style=\"font-weight: 400;\">Sira Industrie \u00e8 l\u2019unica azienda del settore a garantire i propri prodotti per 20 anni (serie Bimetal) e 15 anni (serie pressofusi).<\/span><\/p>\r\n<p><span style=\"font-weight: 400;\">Questa prerogativa differenzia in modo sostanziale i prodotti Sira Industrie e dimostra la priorit\u00e0 data dall\u2019azienda alla qualit\u00e0 della propria produzione.<\/span><\/p>\r\n<p><span style=\"font-weight: 400;\">Per ulteriore tranquillit\u00e0 della propria clientela, Sira Industrie \u00e8 assistita in tutto il mondo da polizze assicurative ALL-RISK.<\/span><\/p>\r\n<h2><b>SERVIZIO POST VENDITA<\/b><\/h2>\r\n<p><span style=\"font-weight: 400;\">Sira Industrie assiste concretamente i propri clienti che necessitano di un servizio dopo vendita, tramite:<\/span><\/p>\r\n<ul>\r\n<li style=\"font-weight: 400;\" aria-level=\"1\"><span style=\"font-weight: 400;\">Assistenza tecnica on line<\/span><\/li>\r\n<li style=\"font-weight: 400;\" aria-level=\"1\"><span style=\"font-weight: 400;\">Libretti di istruzione e garanzia completi di ogni informazione in pi\u00f9 lingue, all\u2019interno di ogni confezione di prodotti<\/span><\/li>\r\n<li style=\"font-weight: 400;\" aria-level=\"1\"><span style=\"font-weight: 400;\">Possibilit\u00e0 di conversare direttamente con l\u2019azienda, nelle lingue pi\u00f9 diffuse<\/span><\/li>\r\n<li style=\"font-weight: 400;\" aria-level=\"1\"><span style=\"font-weight: 400;\">Assistenza completa in caso di problemi di funzionamento dei prodotti<\/span><\/li>\r\n<li style=\"font-weight: 400;\" aria-level=\"1\"><span style=\"font-weight: 400;\">Sostituzione immediata di eventuali prodotti difettosi, anche prima della perizia tecnica.<\/span><\/li>\r\n<\/ul>\r\n<h2><b>PERSONALIZZAZIONI, OEM<\/b><\/h2>\r\n<p><span style=\"font-weight: 400;\">Sira Industrie dispone di risorse tali da poter accogliere richieste di personalizzazione sui propri prodotti e\/o sul packaging, consentendo ai propri clienti numerose opzioni che possono favorirli sul mercato.<\/span><\/p>\r\n<p><span style=\"font-weight: 400;\">In casi particolari, Sira Industrie pu\u00f2 anche realizzare progetti di nuovi modelli dedicati ad uno specifico cliente.<\/span><\/p>\r\n<p><span style=\"font-weight: 400;\">Il mercato chiede, Sira Industrie risponde!<\/span><\/p>\r\n","protected":false},"excerpt":{"rendered":"<p>SERVIZI ESCLUSIVI Sira Industrie \u00e8 l\u2019unica azienda del settore a garantire i propri prodotti per 20 anni (serie Bimetal) e 15 anni (serie pressofusi). Questa prerogativa differenzia in modo sostanziale i prodotti Sira Industrie e dimostra la priorit\u00e0 data dall\u2019azienda alla qualit\u00e0 della propria produzione. Per ulteriore tranquillit\u00e0 della propria clientela, Sira Industrie \u00e8 assistita [&hellip;]<\/p>\n","protected":false},"author":1,"featured_media":0,"parent":402,"menu_order":0,"comment_status":"closed","ping_status":"closed","template":"","meta":{"_acf_changed":false,"footnotes":""},"yst_prominent_words":[119,371,16,372,124,349,370,348,116,114,15,13,120,115],"class_list":["post-462","page","type-page","status-publish","hentry"],"acf":[],"_links":{"self":[{"href":"https:\/\/www.siraindustrie.com\/it-it\/wp-json\/wp\/v2\/pages\/462","targetHints":{"allow":["GET"]}}],"collection":[{"href":"https:\/\/www.siraindustrie.com\/it-it\/wp-json\/wp\/v2\/pages"}],"about":[{"href":"https:\/\/www.siraindustrie.com\/it-it\/wp-json\/wp\/v2\/types\/page"}],"author":[{"embeddable":true,"href":"https:\/\/www.siraindustrie.com\/it-it\/wp-json\/wp\/v2\/users\/1"}],"replies":[{"embeddable":true,"href":"https:\/\/www.siraindustrie.com\/it-it\/wp-json\/wp\/v2\/comments?post=462"}],"version-history":[{"count":6,"href":"https:\/\/www.siraindustrie.com\/it-it\/wp-json\/wp\/v2\/pages\/462\/revisions"}],"predecessor-version":[{"id":3391,"href":"https:\/\/www.siraindustrie.com\/it-it\/wp-json\/wp\/v2\/pages\/462\/revisions\/3391"}],"up":[{"embeddable":true,"href":"https:\/\/www.siraindustrie.com\/it-it\/wp-json\/wp\/v2\/pages\/402"}],"wp:attachment":[{"href":"https:\/\/www.siraindustrie.com\/it-it\/wp-json\/wp\/v2\/media?parent=462"}],"wp:term":[{"taxonomy":"yst_prominent_words","embeddable":true,"href":"https:\/\/www.siraindustrie.com\/it-it\/wp-json\/wp\/v2\/yst_prominent_words?post=462"}],"curies":[{"name":"wp","href":"https:\/\/api.w.org\/{rel}","templated":true}]}}