{"id":7,"date":"2019-10-17T09:50:36","date_gmt":"2019-10-17T07:50:36","guid":{"rendered":"http:\/\/siragroup.dev.elogic.it\/?page_id=7"},"modified":"2021-04-28T14:27:48","modified_gmt":"2021-04-28T12:27:48","slug":"chi-siamo","status":"publish","type":"page","link":"https:\/\/www.siraindustrie.com\/it-it\/chi-siamo\/","title":{"rendered":"Chi Siamo"},"content":{"rendered":"\r\n<p>Il gruppo <strong>SIRA INDUSTRIE<\/strong> opera in tre diversi SETTORI e si sviluppa quindi in tre diverse DIVISIONI:<\/p>\r\n\r\n\r\n\r\n<ul class=\"wp-block-list\">\r\n<li><strong><a href=\"\/sira-industrie-die-cast-division\/\">DIE CASTING DIVISION<\/a><\/strong><\/li>\r\n<li><strong><a href=\"\/riscaldamento\/\">HEATING DIVISION<\/a><\/strong><\/li>\r\n<li><strong><a href=\"\/engineering\/\">ENGINEERING DIVISION<\/a><\/strong><\/li>\r\n<\/ul>\r\n\r\n\r\n\r\n<p>&nbsp;<\/p>\r\n\r\n\r\n\r\n<p><strong>DIE CASTING DIVISION di SIRA INDUSTRIE<\/strong> si occupa di fornitura di getti in pressocolata a ciclo completo e stampi per la pressocolata in alluminio, destinati all\u2019industria meccanica e all\u2019automotive.<\/p>\r\n\r\n\r\n\r\n<p><strong>HEATING DIVISION di SIRA INDUSTRIE<\/strong> si occupa della produzione di radiatori per il riscaldamento realizzati con diverse tecnologie: BIMETAL in acciaio\/alluminio; in alluminio pressofuso; in alluminio estruso; radiatori elettrici e termoarredo in acciaio.<\/p>\r\n\r\n\r\n\r\n<p><strong>ENGINEERING DIVISION di SIRA INDUSTRIE<\/strong> si occupa di localizzazione, concezione, progettazione e realizzazione chiavi in mano di stabilimenti produttivi e unit\u00e0 commerciali per aziende del settore e non, nei diversi Paesi del mondo.<\/p>\r\n\r\n\r\n\r\n<p>Tre settori presidiati da pi\u00f9 di 60 anni dalle diverse aziende produttive e commerciali del gruppo che hanno permesso a SIRA INDUSTRIE di sviluppare un know how che ne \u00e9 l\u2019essenza competitiva.<\/p>\r\n\r\n\r\n\r\n<p><strong>SIRA INDUSTRIE<\/strong> \u00e8 tra i leader mondiali tra i diversi player delle proprie diverse categorie di mercato.<\/p>\r\n\r\n\r\n\r\n<p>Il <strong>GRUPPO SIRA<\/strong> \u00e9 nato in Italia oltre 60 anni fa, ed \u00e8 presente a livello internazionale con una vasta rete di sedi, stabilimenti di produzione e societ\u00e0 collegate in tutto il mondo ed \u00e9 in piena espansione sui mercati di maggior importanza.<\/p>\r\n\r\n\r\n\r\n<div class=\"_df_book df-lite\" id=\"df_3505\"  _slug=\"sira-cmpany-profile\" data-title=\"sira-company-profile\" wpoptions=\"true\" thumbtype=\"\" ><\/div><script class=\"df-shortcode-script\" nowprocket type=\"application\/javascript\">window.option_df_3505 = {\"outline\":[],\"autoEnableOutline\":\"false\",\"autoEnableThumbnail\":\"false\",\"overwritePDFOutline\":\"false\",\"direction\":\"1\",\"pageSize\":\"0\",\"source\":\"https:\\\/\\\/www.siraindustrie.com\\\/wp-content\\\/uploads\\\/2021\\\/04\\\/Company_Profile_Sira_2016_web.pdf\",\"wpOptions\":\"true\"}; if(window.DFLIP && window.DFLIP.parseBooks){window.DFLIP.parseBooks();}<\/script>\r\n","protected":false},"excerpt":{"rendered":"<p>Il gruppo SIRA INDUSTRIE opera in tre diversi SETTORI e si sviluppa quindi in tre diverse DIVISIONI: DIE CASTING DIVISION HEATING DIVISION ENGINEERING DIVISION &nbsp; DIE CASTING DIVISION di SIRA INDUSTRIE si occupa di fornitura di getti in pressocolata a ciclo completo e stampi per la pressocolata in alluminio, destinati all\u2019industria meccanica e all\u2019automotive. HEATING [&hellip;]<\/p>\n","protected":false},"author":1,"featured_media":1111,"parent":0,"menu_order":0,"comment_status":"closed","ping_status":"closed","template":"","meta":{"_acf_changed":false,"footnotes":""},"yst_prominent_words":[215,22,237,234,57,233,231,137,230,240,219,216,18,232,238,235,16,236,23,13],"class_list":["post-7","page","type-page","status-publish","has-post-thumbnail","hentry"],"acf":[],"_links":{"self":[{"href":"https:\/\/www.siraindustrie.com\/it-it\/wp-json\/wp\/v2\/pages\/7","targetHints":{"allow":["GET"]}}],"collection":[{"href":"https:\/\/www.siraindustrie.com\/it-it\/wp-json\/wp\/v2\/pages"}],"about":[{"href":"https:\/\/www.siraindustrie.com\/it-it\/wp-json\/wp\/v2\/types\/page"}],"author":[{"embeddable":true,"href":"https:\/\/www.siraindustrie.com\/it-it\/wp-json\/wp\/v2\/users\/1"}],"replies":[{"embeddable":true,"href":"https:\/\/www.siraindustrie.com\/it-it\/wp-json\/wp\/v2\/comments?post=7"}],"version-history":[{"count":20,"href":"https:\/\/www.siraindustrie.com\/it-it\/wp-json\/wp\/v2\/pages\/7\/revisions"}],"predecessor-version":[{"id":3513,"href":"https:\/\/www.siraindustrie.com\/it-it\/wp-json\/wp\/v2\/pages\/7\/revisions\/3513"}],"wp:featuredmedia":[{"embeddable":true,"href":"https:\/\/www.siraindustrie.com\/it-it\/wp-json\/wp\/v2\/media\/1111"}],"wp:attachment":[{"href":"https:\/\/www.siraindustrie.com\/it-it\/wp-json\/wp\/v2\/media?parent=7"}],"wp:term":[{"taxonomy":"yst_prominent_words","embeddable":true,"href":"https:\/\/www.siraindustrie.com\/it-it\/wp-json\/wp\/v2\/yst_prominent_words?post=7"}],"curies":[{"name":"wp","href":"https:\/\/api.w.org\/{rel}","templated":true}]}}